{"id":256,"date":"2021-04-02T11:55:53","date_gmt":"2021-04-02T11:55:53","guid":{"rendered":"https:\/\/eltrabajoquereconecta.org\/fl4m35\/?page_id=256"},"modified":"2021-05-09T19:27:16","modified_gmt":"2021-05-09T19:27:16","slug":"adrian-villasenor-galarza","status":"publish","type":"page","link":"https:\/\/eltrabajoquereconecta.org\/fl4m35\/es\/adrian-villasenor-galarza\/","title":{"rendered":"Adri\u00e1n Villase\u00f1or Galarza (es)"},"content":{"rendered":"\n<div class=\"wp-block-cover alignfull has-background-dim\" style=\"min-height:360px\"><img loading=\"lazy\" width=\"1920\" height=\"1281\" class=\"wp-block-cover__image-background wp-image-1574\" alt=\"\" src=\"https:\/\/eltrabajoquereconecta.org\/fl4m35\/wp-content\/uploads\/2021\/05\/joshua-newton-Igct8iZucFI-unsplash-min-1-1.jpg\" style=\"object-position:50% 100%\" data-object-fit=\"cover\" data-object-position=\"50% 100%\" srcset=\"https:\/\/eltrabajoquereconecta.org\/fl4m35\/wp-content\/uploads\/2021\/05\/joshua-newton-Igct8iZucFI-unsplash-min-1-1.jpg 1920w, https:\/\/eltrabajoquereconecta.org\/fl4m35\/wp-content\/uploads\/2021\/05\/joshua-newton-Igct8iZucFI-unsplash-min-1-1-300x200.jpg 300w, https:\/\/eltrabajoquereconecta.org\/fl4m35\/wp-content\/uploads\/2021\/05\/joshua-newton-Igct8iZucFI-unsplash-min-1-1-1024x683.jpg 1024w, https:\/\/eltrabajoquereconecta.org\/fl4m35\/wp-content\/uploads\/2021\/05\/joshua-newton-Igct8iZucFI-unsplash-min-1-1-768x512.jpg 768w, https:\/\/eltrabajoquereconecta.org\/fl4m35\/wp-content\/uploads\/2021\/05\/joshua-newton-Igct8iZucFI-unsplash-min-1-1-1536x1025.jpg 1536w\" sizes=\"(max-width: 1920px) 100vw, 1920px\" \/><div class=\"wp-block-cover__inner-container\">\n<h1 class=\"alignwide has-text-align-center\">Adri\u00e1n Villase\u00f1or Galarza, PhD<\/h1>\n<\/div><\/div>\n\n\n\n<div class=\"wp-block-columns\">\n<div class=\"wp-block-column\">\n<div class=\"wp-block-image is-style-rounded\"><figure class=\"alignleft size-full is-resized\"><img loading=\"lazy\" src=\"https:\/\/eltrabajoquereconecta.org\/fl4m35\/wp-content\/uploads\/2021\/04\/adrian2020cuadradabaja.jpg\" alt=\"\" class=\"wp-image-218\" width=\"480\" height=\"480\" srcset=\"https:\/\/eltrabajoquereconecta.org\/fl4m35\/wp-content\/uploads\/2021\/04\/adrian2020cuadradabaja.jpg 1080w, https:\/\/eltrabajoquereconecta.org\/fl4m35\/wp-content\/uploads\/2021\/04\/adrian2020cuadradabaja-300x300.jpg 300w, https:\/\/eltrabajoquereconecta.org\/fl4m35\/wp-content\/uploads\/2021\/04\/adrian2020cuadradabaja-1024x1024.jpg 1024w, https:\/\/eltrabajoquereconecta.org\/fl4m35\/wp-content\/uploads\/2021\/04\/adrian2020cuadradabaja-150x150.jpg 150w, https:\/\/eltrabajoquereconecta.org\/fl4m35\/wp-content\/uploads\/2021\/04\/adrian2020cuadradabaja-768x768.jpg 768w\" sizes=\"(max-width: 480px) 100vw, 480px\" \/><\/figure><\/div>\n<\/div>\n\n\n\n<div class=\"wp-block-column is-vertically-aligned-center\">\n<p><strong>Me apasiona la transformaci\u00f3n humana al servicio de la Tierra viviente<\/strong> para develar la expresi\u00f3n regenerativa de nuestros <strong>potenciales profundos<\/strong>.<\/p>\n\n\n\n<p><strong>Nac\u00ed y crec\u00ed en M\u00e9xico<\/strong>. Esto significa, entre otras cosas, que mi herencia mixta ha convocado una<strong> profundizaci\u00f3n e integraci\u00f3n dentro de m\u00ed entre lo antiguo y lo nuevo, arriba y abajo, el Norte y el Sur<\/strong>. Mis propios ancestros de sangre provienen principalmente de la pen\u00ednsula Ib\u00e9rica en Europa y de los <strong>grupos originarios Nahua, Pur\u00e9pecha y Nahua-Otom\u00ed<\/strong>.<\/p>\n<\/div>\n<\/div>\n\n\n\n<p>He tenido la fortuna de <strong>viajar y vivir en diferentes lugares y pa\u00edses<\/strong> durante aproximadamente la mitad de mi vida. Esto ha forjado un <strong>enfoque global e integrador de distintos retos culturales, espirituales y ecol\u00f3gicos<\/strong>.<\/p>\n\n\n\n<p>Mi trabajo es considerado un referente latinoamericano en lo que respecta a la <strong>Ecolog\u00eda profunda, la Ecopsicolog\u00eda y la Espiritualidad de la Tierra. <\/strong><\/p>\n\n\n\n<p>Inspirado por mis <strong>experiencias con las tradiciones originarias <\/strong>de las Am\u00e9ricas, mi pr\u00e1ctica contemplativa y sensibilidad animista, <strong>trabajo con grupos e individuos en reconexi\u00f3n con la Tierra, cuidado del alma, vida contemplativa y sanaci\u00f3n ancestral<\/strong>.<\/p>\n\n\n\n<h3 class=\"has-text-align-center\">Estudios<\/h3>\n\n\n\n<p>Mis estudios acad\u00e9micos han apoyado mi pasi\u00f3n a lo largo de las estaciones (consulta mi\u00a0<a href=\"http:\/\/www.living-flames.com\/v1\/wp-content\/uploads\/2018\/10\/AdrianVillasen%CC%83or-Semblanza2018.pdf\"><strong>semblanza curricular aqu\u00ed<\/strong><\/a>). En mi <strong>investigaci\u00f3n doctoral<\/strong> desarroll\u00e9 una\u00a0<a href=\"http:\/\/integral-review.org\/documents\/Villasenor-Galarza,%20Vol.%209,%20No.%203,%20CIIS%20Special%20Issue.pdf\"><strong>Ecopsicolog\u00eda integral<\/strong><\/a>, fruto de la confluencia de las ense\u00f1anzas orientales de liberaci\u00f3n y el estudio de la conexi\u00f3n entre el humano y la naturaleza, dando como resultado un <strong>marco elemental de autodescubrimiento, sanaci\u00f3n y acci\u00f3n sostenible y regenerativa.<\/strong><\/p>\n\n\n\n<h4 class=\"has-text-align-center\">A grandes rasgos, <strong>mi trabajo est\u00e1 informado por tres \u00e1reas interconectadas<\/strong>:<\/h4>\n\n\n\n<section class=\"wp-block-uagb-columns uagb-columns__wrap uagb-columns__background-undefined uagb-columns__stack-mobile uagb-columns__valign-undefined uagb-columns__gap-10 alignundefined uagb-block-0b2c9e75\"><div class=\"uagb-columns__overlay\"><\/div><div class=\"uagb-columns__inner-wrap uagb-columns__columns-3\">\n<div class=\"wp-block-uagb-column uagb-column__wrap uagb-column__background-undefined uagb-block-8d38f976\"><div class=\"uagb-column__overlay\"><\/div><div class=\"uagb-column__inner-wrap\">\n<div class=\"wp-block-image is-style-rounded\"><figure class=\"aligncenter size-large is-resized\"><img loading=\"lazy\" src=\"https:\/\/eltrabajoquereconecta.org\/fl4m35\/wp-content\/uploads\/2021\/04\/naturesoul-edited.png\" alt=\"\" class=\"wp-image-456\" width=\"200\" height=\"200\" srcset=\"https:\/\/eltrabajoquereconecta.org\/fl4m35\/wp-content\/uploads\/2021\/04\/naturesoul-edited.png 266w, https:\/\/eltrabajoquereconecta.org\/fl4m35\/wp-content\/uploads\/2021\/04\/naturesoul-edited-150x150.png 150w\" sizes=\"(max-width: 200px) 100vw, 200px\" \/><\/figure><\/div>\n\n\n\n<h4 class=\"has-text-align-center\"><strong>1.<\/strong><br><strong>Psicolog\u00edas (eco)sist\u00e9micas y reconexi\u00f3n con la Tierra<\/strong><\/h4>\n\n\n\n<p class=\"has-text-align-center\"><em>Informada por la ecopsicolog\u00eda, ecolog\u00eda profunda y El Trabajo Que Reconecta, psicolog\u00eda profunda y mitolog\u00eda y psicolog\u00eda transpersonal.<\/em><\/p>\n<\/div><\/div>\n\n\n\n<div class=\"wp-block-uagb-column uagb-column__wrap uagb-column__background-undefined uagb-block-8d07bd04\"><div class=\"uagb-column__overlay\"><\/div><div class=\"uagb-column__inner-wrap\">\n<div class=\"wp-block-image is-style-rounded\"><figure class=\"aligncenter size-large is-resized\"><img loading=\"lazy\" src=\"https:\/\/eltrabajoquereconecta.org\/fl4m35\/wp-content\/uploads\/2021\/04\/housenet-edited.jpg\" alt=\"\" class=\"wp-image-457\" width=\"200\" height=\"200\" srcset=\"https:\/\/eltrabajoquereconecta.org\/fl4m35\/wp-content\/uploads\/2021\/04\/housenet-edited.jpg 271w, https:\/\/eltrabajoquereconecta.org\/fl4m35\/wp-content\/uploads\/2021\/04\/housenet-edited-150x150.jpg 150w\" sizes=\"(max-width: 200px) 100vw, 200px\" \/><\/figure><\/div>\n\n\n\n<h4 class=\"has-text-align-center\"><strong>2.<\/strong><br><strong><strong>Tradiciones espirituales y contemplativas<\/strong><\/strong><\/h4>\n\n\n\n<p class=\"has-text-align-center\"><em>En particular las ense\u00f1anzas de liberaci\u00f3n de Oriente (yoga, budismo, taoismo), psicoterapia contemplativa y tradiciones de sabidur\u00eda de occidente centradas en la importancia de la experiencia directa.<\/em><\/p>\n<\/div><\/div>\n\n\n\n<div class=\"wp-block-uagb-column uagb-column__wrap uagb-column__background-undefined uagb-block-40c3843d\"><div class=\"uagb-column__overlay\"><\/div><div class=\"uagb-column__inner-wrap\">\n<div class=\"wp-block-image is-style-rounded\"><figure class=\"aligncenter size-large is-resized\"><img loading=\"lazy\" src=\"https:\/\/eltrabajoquereconecta.org\/fl4m35\/wp-content\/uploads\/2021\/04\/thomas-bormans-HSzIqM2BuCQ-unsplash-edited-scaled.jpg\" alt=\"\" class=\"wp-image-458\" width=\"200\" height=\"200\" srcset=\"https:\/\/eltrabajoquereconecta.org\/fl4m35\/wp-content\/uploads\/2021\/04\/thomas-bormans-HSzIqM2BuCQ-unsplash-edited-scaled.jpg 2554w, https:\/\/eltrabajoquereconecta.org\/fl4m35\/wp-content\/uploads\/2021\/04\/thomas-bormans-HSzIqM2BuCQ-unsplash-edited-300x300.jpg 300w, https:\/\/eltrabajoquereconecta.org\/fl4m35\/wp-content\/uploads\/2021\/04\/thomas-bormans-HSzIqM2BuCQ-unsplash-edited-1021x1024.jpg 1021w, https:\/\/eltrabajoquereconecta.org\/fl4m35\/wp-content\/uploads\/2021\/04\/thomas-bormans-HSzIqM2BuCQ-unsplash-edited-150x150.jpg 150w, https:\/\/eltrabajoquereconecta.org\/fl4m35\/wp-content\/uploads\/2021\/04\/thomas-bormans-HSzIqM2BuCQ-unsplash-edited-768x770.jpg 768w, https:\/\/eltrabajoquereconecta.org\/fl4m35\/wp-content\/uploads\/2021\/04\/thomas-bormans-HSzIqM2BuCQ-unsplash-edited-1532x1536.jpg 1532w, https:\/\/eltrabajoquereconecta.org\/fl4m35\/wp-content\/uploads\/2021\/04\/thomas-bormans-HSzIqM2BuCQ-unsplash-edited-2043x2048.jpg 2043w\" sizes=\"(max-width: 200px) 100vw, 200px\" \/><\/figure><\/div>\n\n\n\n<h4 class=\"has-text-align-center\"><strong>3.<\/strong><br><strong><strong>Sanaci\u00f3n ancestral y chamanismos<\/strong><\/strong><\/h4>\n\n\n\n<p class=\"has-text-align-center\"><em>Particularmente<\/em> <em>las tradiciones anim\u00edsticas de las Am\u00e9ricas, el uso transformativo y de sanaci\u00f3n del ritual, las constelaciones familiares y el valor terap\u00e9utico de los estados no-ordinarios de conciencia.<\/em><\/p>\n<\/div><\/div>\n<\/div><\/section>\n\n\n\n<h3 class=\"has-text-align-center\">Bioalkimia y El TQR<\/h3>\n\n\n\n<section class=\"wp-block-uagb-columns uagb-columns__wrap uagb-columns__background-undefined uagb-columns__stack-mobile uagb-columns__valign-undefined uagb-columns__gap-10 alignundefined uagb-block-a22f5d62\"><div class=\"uagb-columns__overlay\"><\/div><div class=\"uagb-columns__inner-wrap uagb-columns__columns-2\">\n<div class=\"wp-block-uagb-column uagb-column__wrap uagb-column__background-undefined uagb-block-65c2ec79\"><div class=\"uagb-column__overlay\"><\/div><div class=\"uagb-column__inner-wrap\">\n<div class=\"wp-block-image\"><figure class=\"aligncenter size-large is-resized\"><img loading=\"lazy\" src=\"https:\/\/eltrabajoquereconecta.org\/fl4m35\/wp-content\/uploads\/2021\/04\/bioalkimia.png\" alt=\"\" class=\"wp-image-499\" width=\"252\" height=\"116\" srcset=\"https:\/\/eltrabajoquereconecta.org\/fl4m35\/wp-content\/uploads\/2021\/04\/bioalkimia.png 503w, https:\/\/eltrabajoquereconecta.org\/fl4m35\/wp-content\/uploads\/2021\/04\/bioalkimia-300x138.png 300w\" sizes=\"(max-width: 252px) 100vw, 252px\" \/><\/figure><\/div>\n\n\n\n<p>Soy<strong> el fundador y director del\u00a0<a rel=\"noreferrer noopener\" href=\"http:\/\/www.bioalkimia.org\/v1\/\" target=\"_blank\">Instituto Bioalkimia<\/a><\/strong>, un proyecto pionero <strong>dedicado a sanar la relaci\u00f3n entre los humanos y el resto de la naturaleza <\/strong>a trav\u00e9s de una educaci\u00f3n transformativa para cuerpo, mente y esp\u00edritu (principalmente activo en M\u00e9xico y Am\u00e9rica Latina). <\/p>\n<\/div><\/div>\n\n\n\n<div class=\"wp-block-uagb-column uagb-column__wrap uagb-column__background-undefined uagb-block-69cbeef8\"><div class=\"uagb-column__overlay\"><\/div><div class=\"uagb-column__inner-wrap\">\n<div class=\"wp-block-image\"><figure class=\"aligncenter size-large is-resized\"><img loading=\"lazy\" src=\"https:\/\/eltrabajoquereconecta.org\/fl4m35\/wp-content\/uploads\/2021\/04\/eltqr1-e1616253166466-1.png\" alt=\"\" class=\"wp-image-500\" width=\"301\" height=\"130\" srcset=\"https:\/\/eltrabajoquereconecta.org\/fl4m35\/wp-content\/uploads\/2021\/04\/eltqr1-e1616253166466-1.png 602w, https:\/\/eltrabajoquereconecta.org\/fl4m35\/wp-content\/uploads\/2021\/04\/eltqr1-e1616253166466-1-300x129.png 300w\" sizes=\"(max-width: 301px) 100vw, 301px\" \/><\/figure><\/div>\n\n\n\n<p>Adem\u00e1s, soy <strong>el originador de&nbsp;<a rel=\"noreferrer noopener\" href=\"http:\/\/www.eltrabajoquereconecta.org\/\" target=\"_blank\">El Trabajo Que Reconecta Latinoam\u00e9rica<\/a><\/strong>, iniciativa que ayuda a las personas de habla hispana de las Am\u00e9ricas y m\u00e1s all\u00e1 a <strong>recuperar su verdadero lugar silvestre en la trama de la vida.<\/strong><\/p>\n<\/div><\/div>\n<\/div><\/section>\n\n\n\n<h3 class=\"has-text-align-center\">Libros<\/h3>\n\n\n\n<p>Soy el <strong>autor<\/strong> de varios libros que exploran una <strong>perspectiva reverencial, viva y evolutiva de los seres humanos y la Tierra<\/strong>, y el <strong>traductor al espa\u00f1ol del seminal libro de Joanna Macy<\/strong>: <em><strong>Nuestra vida como Gaia<\/strong>: La gu\u00eda actualizada de El Trabajo Que Reconecta<\/em>.<\/p>\n\n\n\n<div class=\"wp-block-jetpack-slideshow aligncenter\" data-effect=\"slide\"><div class=\"wp-block-jetpack-slideshow_container swiper-container\"><ul class=\"wp-block-jetpack-slideshow_swiper-wrapper swiper-wrapper\"><li class=\"wp-block-jetpack-slideshow_slide swiper-slide\"><figure><img loading=\"lazy\" width=\"333\" height=\"500\" alt=\"\" class=\"wp-block-jetpack-slideshow_image wp-image-183\" data-id=\"183\" src=\"https:\/\/eltrabajoquereconecta.org\/fl4m35\/wp-content\/uploads\/2021\/04\/bioalchemybookcover.jpg\" srcset=\"https:\/\/eltrabajoquereconecta.org\/fl4m35\/wp-content\/uploads\/2021\/04\/bioalchemybookcover.jpg 333w, https:\/\/eltrabajoquereconecta.org\/fl4m35\/wp-content\/uploads\/2021\/04\/bioalchemybookcover-200x300.jpg 200w\" sizes=\"(max-width: 333px) 100vw, 333px\" \/><\/figure><\/li><li class=\"wp-block-jetpack-slideshow_slide swiper-slide\"><figure><img loading=\"lazy\" width=\"640\" height=\"1024\" alt=\"\" class=\"wp-block-jetpack-slideshow_image wp-image-160\" data-id=\"160\" src=\"https:\/\/eltrabajoquereconecta.org\/fl4m35\/wp-content\/uploads\/2021\/04\/ebook-640x1024.jpg\" srcset=\"https:\/\/eltrabajoquereconecta.org\/fl4m35\/wp-content\/uploads\/2021\/04\/ebook-640x1024.jpg 640w, https:\/\/eltrabajoquereconecta.org\/fl4m35\/wp-content\/uploads\/2021\/04\/ebook-188x300.jpg 188w, https:\/\/eltrabajoquereconecta.org\/fl4m35\/wp-content\/uploads\/2021\/04\/ebook-768x1229.jpg 768w, https:\/\/eltrabajoquereconecta.org\/fl4m35\/wp-content\/uploads\/2021\/04\/ebook-960x1536.jpg 960w, https:\/\/eltrabajoquereconecta.org\/fl4m35\/wp-content\/uploads\/2021\/04\/ebook-1280x2048.jpg 1280w, https:\/\/eltrabajoquereconecta.org\/fl4m35\/wp-content\/uploads\/2021\/04\/ebook.jpg 1500w\" sizes=\"(max-width: 640px) 100vw, 640px\" \/><\/figure><\/li><li class=\"wp-block-jetpack-slideshow_slide swiper-slide\"><figure><img loading=\"lazy\" width=\"640\" height=\"1024\" alt=\"\" class=\"wp-block-jetpack-slideshow_image wp-image-159\" data-id=\"159\" src=\"https:\/\/eltrabajoquereconecta.org\/fl4m35\/wp-content\/uploads\/2021\/04\/ebook0-640x1024.jpg\" srcset=\"https:\/\/eltrabajoquereconecta.org\/fl4m35\/wp-content\/uploads\/2021\/04\/ebook0-640x1024.jpg 640w, https:\/\/eltrabajoquereconecta.org\/fl4m35\/wp-content\/uploads\/2021\/04\/ebook0-188x300.jpg 188w, https:\/\/eltrabajoquereconecta.org\/fl4m35\/wp-content\/uploads\/2021\/04\/ebook0-768x1229.jpg 768w, https:\/\/eltrabajoquereconecta.org\/fl4m35\/wp-content\/uploads\/2021\/04\/ebook0-960x1536.jpg 960w, https:\/\/eltrabajoquereconecta.org\/fl4m35\/wp-content\/uploads\/2021\/04\/ebook0-1280x2048.jpg 1280w, https:\/\/eltrabajoquereconecta.org\/fl4m35\/wp-content\/uploads\/2021\/04\/ebook0.jpg 1500w\" sizes=\"(max-width: 640px) 100vw, 640px\" \/><\/figure><\/li><li class=\"wp-block-jetpack-slideshow_slide swiper-slide\"><figure><img loading=\"lazy\" width=\"333\" height=\"500\" alt=\"\" class=\"wp-block-jetpack-slideshow_image wp-image-144\" data-id=\"144\" src=\"https:\/\/eltrabajoquereconecta.org\/fl4m35\/wp-content\/uploads\/2021\/04\/grangirocover.jpg\" srcset=\"https:\/\/eltrabajoquereconecta.org\/fl4m35\/wp-content\/uploads\/2021\/04\/grangirocover.jpg 333w, https:\/\/eltrabajoquereconecta.org\/fl4m35\/wp-content\/uploads\/2021\/04\/grangirocover-200x300.jpg 200w\" sizes=\"(max-width: 333px) 100vw, 333px\" \/><\/figure><\/li><li class=\"wp-block-jetpack-slideshow_slide swiper-slide\"><figure><img loading=\"lazy\" width=\"644\" height=\"1024\" alt=\"\" class=\"wp-block-jetpack-slideshow_image wp-image-108\" data-id=\"108\" src=\"https:\/\/eltrabajoquereconecta.org\/fl4m35\/wp-content\/uploads\/2021\/04\/portada_en-lowres-scaled-1-644x1024.jpg\" srcset=\"https:\/\/eltrabajoquereconecta.org\/fl4m35\/wp-content\/uploads\/2021\/04\/portada_en-lowres-scaled-1-644x1024.jpg 644w, https:\/\/eltrabajoquereconecta.org\/fl4m35\/wp-content\/uploads\/2021\/04\/portada_en-lowres-scaled-1-189x300.jpg 189w, https:\/\/eltrabajoquereconecta.org\/fl4m35\/wp-content\/uploads\/2021\/04\/portada_en-lowres-scaled-1-768x1221.jpg 768w, https:\/\/eltrabajoquereconecta.org\/fl4m35\/wp-content\/uploads\/2021\/04\/portada_en-lowres-scaled-1-966x1536.jpg 966w, https:\/\/eltrabajoquereconecta.org\/fl4m35\/wp-content\/uploads\/2021\/04\/portada_en-lowres-scaled-1-1288x2048.jpg 1288w, https:\/\/eltrabajoquereconecta.org\/fl4m35\/wp-content\/uploads\/2021\/04\/portada_en-lowres-scaled-1.jpg 1610w\" sizes=\"(max-width: 644px) 100vw, 644px\" \/><\/figure><\/li><li class=\"wp-block-jetpack-slideshow_slide swiper-slide\"><figure><img loading=\"lazy\" width=\"791\" height=\"1024\" alt=\"\" class=\"wp-block-jetpack-slideshow_image wp-image-107\" data-id=\"107\" src=\"https:\/\/eltrabajoquereconecta.org\/fl4m35\/wp-content\/uploads\/2021\/04\/Portada-GuiaTQR-baja-791x1024.jpg\" srcset=\"https:\/\/eltrabajoquereconecta.org\/fl4m35\/wp-content\/uploads\/2021\/04\/Portada-GuiaTQR-baja-791x1024.jpg 791w, https:\/\/eltrabajoquereconecta.org\/fl4m35\/wp-content\/uploads\/2021\/04\/Portada-GuiaTQR-baja-232x300.jpg 232w, https:\/\/eltrabajoquereconecta.org\/fl4m35\/wp-content\/uploads\/2021\/04\/Portada-GuiaTQR-baja-768x994.jpg 768w, https:\/\/eltrabajoquereconecta.org\/fl4m35\/wp-content\/uploads\/2021\/04\/Portada-GuiaTQR-baja.jpg 800w\" sizes=\"(max-width: 791px) 100vw, 791px\" \/><\/figure><\/li><li class=\"wp-block-jetpack-slideshow_slide swiper-slide\"><figure><img loading=\"lazy\" width=\"664\" height=\"1024\" alt=\"\" class=\"wp-block-jetpack-slideshow_image wp-image-520\" data-id=\"520\" src=\"https:\/\/eltrabajoquereconecta.org\/fl4m35\/wp-content\/uploads\/2021\/04\/portada_pt-664x1024.jpeg\" srcset=\"https:\/\/eltrabajoquereconecta.org\/fl4m35\/wp-content\/uploads\/2021\/04\/portada_pt-664x1024.jpeg 664w, https:\/\/eltrabajoquereconecta.org\/fl4m35\/wp-content\/uploads\/2021\/04\/portada_pt-195x300.jpeg 195w, https:\/\/eltrabajoquereconecta.org\/fl4m35\/wp-content\/uploads\/2021\/04\/portada_pt-768x1184.jpeg 768w, https:\/\/eltrabajoquereconecta.org\/fl4m35\/wp-content\/uploads\/2021\/04\/portada_pt-996x1536.jpeg 996w, https:\/\/eltrabajoquereconecta.org\/fl4m35\/wp-content\/uploads\/2021\/04\/portada_pt-1328x2048.jpeg 1328w, https:\/\/eltrabajoquereconecta.org\/fl4m35\/wp-content\/uploads\/2021\/04\/portada_pt.jpeg 1651w\" sizes=\"(max-width: 664px) 100vw, 664px\" \/><\/figure><\/li><li class=\"wp-block-jetpack-slideshow_slide swiper-slide\"><figure><img loading=\"lazy\" width=\"664\" height=\"1024\" alt=\"\" class=\"wp-block-jetpack-slideshow_image wp-image-110\" data-id=\"110\" src=\"https:\/\/eltrabajoquereconecta.org\/fl4m35\/wp-content\/uploads\/2021\/04\/portadabaja-664x1024.jpg\" srcset=\"https:\/\/eltrabajoquereconecta.org\/fl4m35\/wp-content\/uploads\/2021\/04\/portadabaja-664x1024.jpg 664w, https:\/\/eltrabajoquereconecta.org\/fl4m35\/wp-content\/uploads\/2021\/04\/portadabaja-194x300.jpg 194w, https:\/\/eltrabajoquereconecta.org\/fl4m35\/wp-content\/uploads\/2021\/04\/portadabaja-768x1185.jpg 768w, https:\/\/eltrabajoquereconecta.org\/fl4m35\/wp-content\/uploads\/2021\/04\/portadabaja-996x1536.jpg 996w, https:\/\/eltrabajoquereconecta.org\/fl4m35\/wp-content\/uploads\/2021\/04\/portadabaja-1328x2048.jpg 1328w, https:\/\/eltrabajoquereconecta.org\/fl4m35\/wp-content\/uploads\/2021\/04\/portadabaja.jpg 1650w\" sizes=\"(max-width: 664px) 100vw, 664px\" \/><\/figure><\/li><li class=\"wp-block-jetpack-slideshow_slide swiper-slide\"><figure><img loading=\"lazy\" width=\"644\" height=\"1024\" alt=\"\" class=\"wp-block-jetpack-slideshow_image wp-image-521\" data-id=\"521\" src=\"https:\/\/eltrabajoquereconecta.org\/fl4m35\/wp-content\/uploads\/2021\/04\/portada_pt-644x1024.jpg\" srcset=\"https:\/\/eltrabajoquereconecta.org\/fl4m35\/wp-content\/uploads\/2021\/04\/portada_pt-644x1024.jpg 644w, https:\/\/eltrabajoquereconecta.org\/fl4m35\/wp-content\/uploads\/2021\/04\/portada_pt-189x300.jpg 189w, https:\/\/eltrabajoquereconecta.org\/fl4m35\/wp-content\/uploads\/2021\/04\/portada_pt-768x1221.jpg 768w, https:\/\/eltrabajoquereconecta.org\/fl4m35\/wp-content\/uploads\/2021\/04\/portada_pt-966x1536.jpg 966w, https:\/\/eltrabajoquereconecta.org\/fl4m35\/wp-content\/uploads\/2021\/04\/portada_pt-1288x2048.jpg 1288w, https:\/\/eltrabajoquereconecta.org\/fl4m35\/wp-content\/uploads\/2021\/04\/portada_pt-scaled.jpg 1610w\" sizes=\"(max-width: 644px) 100vw, 644px\" \/><\/figure><\/li><\/ul><a class=\"wp-block-jetpack-slideshow_button-prev swiper-button-prev swiper-button-white\" role=\"button\"><\/a><a class=\"wp-block-jetpack-slideshow_button-next swiper-button-next swiper-button-white\" role=\"button\"><\/a><a aria-label=\"Pause Slideshow\" class=\"wp-block-jetpack-slideshow_button-pause\" role=\"button\"><\/a><div class=\"wp-block-jetpack-slideshow_pagination swiper-pagination swiper-pagination-white\"><\/div><\/div><\/div>\n\n\n\n<h3 class=\"has-text-align-center\">Ense\u00f1anzas &amp; Sesiones<\/h3>\n\n\n\n<p>He ofrecido&nbsp;<strong><a rel=\"noreferrer noopener\" href=\"http:\/\/www.living-flames.com\/educacion\/\" target=\"_blank\">talleres<\/a>&nbsp;y charlas a nivel internacional<\/strong> sobre espiritualidad, ecopsicolog\u00eda y terapia sist\u00e9mica, ritual, educaci\u00f3n integral y visi\u00f3n sist\u00e9mica durante 15 a\u00f1os, tanto <strong>para el p\u00fablico en general como para audiencias acad\u00e9micas.<\/strong><\/p>\n\n\n\n<p>Los \u00faltimos 5 a\u00f1os he trabajado con\u00a0<a href=\"http:\/\/www.living-flames.com\/sessions\/\">personas de manera individual<\/a> desde una perspectiva contemplativa, eco-sist\u00e9mica, animista y transpersonal.<\/p>\n\n\n\n<h3 class=\"has-text-align-center\">Ra\u00edces y Inspiraciones<\/h3>\n\n\n\n<p>Los <strong>linajes de belleza, sabidur\u00eda y compasi\u00f3n<\/strong> que he honrado desde mi adolescencia sirven como la fuerza que gu\u00eda mi anhelo de transformaci\u00f3n personal y viabilidad socio-ecol\u00f3gica. <\/p>\n\n\n\n<p>Estos linajes y escuelas incluyen:<strong> animismo mexicano, budismo tibetano y yoga, ense\u00f1anzas nativo americanas, taoismo, chamanismos y rituales de plantas sagradas de Centroam\u00e9rica y Am\u00e9rica del Sur<\/strong>. Soy un maestro de <strong>Reiki<\/strong> y un practicante de <strong>t\u00e9cnicas contemplativas<\/strong>, con estudios en los Estados Unidos, India y China.<\/p>\n","protected":false},"excerpt":{"rendered":"<p>Me apasiona la transformaci\u00f3n humana al servicio de la Tierra viviente para develar la expresi\u00f3n regenerativa de nuestros potenciales profundos. Nac\u00ed y crec\u00ed en M\u00e9xico. Esto significa, entre otras cosas, que mi herencia mixta ha convocado una profundizaci\u00f3n e integraci\u00f3n dentro de m\u00ed entre lo antiguo y lo nuevo, arriba y abajo, el Norte y &#8230; <a title=\"Adri\u00e1n Villase\u00f1or Galarza (es)\" class=\"read-more\" href=\"https:\/\/eltrabajoquereconecta.org\/fl4m35\/es\/adrian-villasenor-galarza\/\" aria-label=\"More on Adri\u00e1n Villase\u00f1or Galarza (es)\">Read more<\/a><\/p>\n","protected":false},"author":2,"featured_media":0,"parent":0,"menu_order":0,"comment_status":"closed","ping_status":"closed","template":"","meta":{"spay_email":""},"uagb_featured_image_src":{"full":false,"thumbnail":false,"medium":false,"medium_large":false,"large":false,"1536x1536":false,"2048x2048":false},"uagb_author_info":{"display_name":"adrianvg","author_link":"https:\/\/eltrabajoquereconecta.org\/fl4m35\/author\/adrianvg\/"},"uagb_comment_info":0,"uagb_excerpt":"Me apasiona la transformaci\u00f3n humana al servicio de la Tierra viviente para develar la expresi\u00f3n regenerativa de nuestros potenciales profundos. Nac\u00ed y crec\u00ed en M\u00e9xico. Esto significa, entre otras cosas, que mi herencia mixta ha convocado una profundizaci\u00f3n e integraci\u00f3n dentro de m\u00ed entre lo antiguo y lo nuevo, arriba y abajo, el Norte y&hellip;","_links":{"self":[{"href":"https:\/\/eltrabajoquereconecta.org\/fl4m35\/wp-json\/wp\/v2\/pages\/256"}],"collection":[{"href":"https:\/\/eltrabajoquereconecta.org\/fl4m35\/wp-json\/wp\/v2\/pages"}],"about":[{"href":"https:\/\/eltrabajoquereconecta.org\/fl4m35\/wp-json\/wp\/v2\/types\/page"}],"author":[{"embeddable":true,"href":"https:\/\/eltrabajoquereconecta.org\/fl4m35\/wp-json\/wp\/v2\/users\/2"}],"replies":[{"embeddable":true,"href":"https:\/\/eltrabajoquereconecta.org\/fl4m35\/wp-json\/wp\/v2\/comments?post=256"}],"version-history":[{"count":12,"href":"https:\/\/eltrabajoquereconecta.org\/fl4m35\/wp-json\/wp\/v2\/pages\/256\/revisions"}],"predecessor-version":[{"id":2086,"href":"https:\/\/eltrabajoquereconecta.org\/fl4m35\/wp-json\/wp\/v2\/pages\/256\/revisions\/2086"}],"wp:attachment":[{"href":"https:\/\/eltrabajoquereconecta.org\/fl4m35\/wp-json\/wp\/v2\/media?parent=256"}],"curies":[{"name":"wp","href":"https:\/\/api.w.org\/{rel}","templated":true}]}}