{"id":2196,"date":"2021-05-09T23:58:42","date_gmt":"2021-05-09T23:58:42","guid":{"rendered":"https:\/\/eltrabajoquereconecta.org\/fl4m35\/?page_id=2196"},"modified":"2021-05-10T01:07:10","modified_gmt":"2021-05-10T01:07:10","slug":"el-trabajo-que-reconecta","status":"publish","type":"page","link":"https:\/\/eltrabajoquereconecta.org\/fl4m35\/es\/el-trabajo-que-reconecta\/","title":{"rendered":"El Trabajo Que Reconecta"},"content":{"rendered":"\n<div class=\"wp-block-cover alignfull has-background-dim-30 has-background-dim\"><img loading=\"lazy\" width=\"1427\" height=\"864\" class=\"wp-block-cover__image-background wp-image-1982\" alt=\"\" src=\"https:\/\/eltrabajoquereconecta.org\/fl4m35\/wp-content\/uploads\/2021\/05\/photo-1538935732373-f7a495fea3f6.jpeg\" style=\"object-position:50% 47%\" data-object-fit=\"cover\" data-object-position=\"50% 47%\" srcset=\"https:\/\/eltrabajoquereconecta.org\/fl4m35\/wp-content\/uploads\/2021\/05\/photo-1538935732373-f7a495fea3f6.jpeg 1427w, https:\/\/eltrabajoquereconecta.org\/fl4m35\/wp-content\/uploads\/2021\/05\/photo-1538935732373-f7a495fea3f6-300x182.jpeg 300w, https:\/\/eltrabajoquereconecta.org\/fl4m35\/wp-content\/uploads\/2021\/05\/photo-1538935732373-f7a495fea3f6-1024x620.jpeg 1024w, https:\/\/eltrabajoquereconecta.org\/fl4m35\/wp-content\/uploads\/2021\/05\/photo-1538935732373-f7a495fea3f6-768x465.jpeg 768w\" sizes=\"(max-width: 1427px) 100vw, 1427px\" \/><div class=\"wp-block-cover__inner-container\">\n<h1 class=\"has-text-align-center\">El Trabajo Que Reconecta &#8211;<\/h1>\n\n\n\n<h1 class=\"has-text-align-center\"> Entrenamiento de facilitaci\u00f3n<\/h1>\n<\/div><\/div>\n\n\n\n<h3 class=\"has-text-align-center\">Entrenamiento de facilitaci\u00f3n de El Trabajo Que Reconecta<\/h3>\n\n\n\n<h4>Esta pionera Formaci\u00f3n en <a href=\"https:\/\/eltrabajoquereconecta.org\/joanna-macy\/\">El Trabajo Que Reconecta de Joanna Macy<\/a> surge de la<strong> <\/strong>gran necesidad de responder de maneras creativas a las m\u00faltiples crisis actuales, que sugieren que la v\u00eda hacia delante depende de un <strong>considerable despertar de conciencia, una aguda sensibilidad socio-ecol\u00f3gica y un profundo sentido de servicio.<\/strong><\/h4>\n\n\n\n<h4>La Formaci\u00f3n en El Trabajo Que Reconecta\u00a0(F-TQR)\u00a0<strong>vivifica la vocaci\u00f3n de servicio que habita en las profundidades del ser humano<\/strong>, nutriendo un proceso de <strong>florecimiento personal y regeneraci\u00f3n comunitaria<\/strong>.\u00a0De este proceso de reconexi\u00f3n a menudo surgen acciones colaborativas y regenerativas sustentadas en una renovada visi\u00f3n del mundo que nos libera de los ciclos adictivos de pensamiento y acci\u00f3n que contribuyen a la destrucci\u00f3n de la Tierra.<\/h4>\n\n\n\n<h4>Al t\u00e9rmino de la formaci\u00f3n, el estudiante habr\u00e1<strong>\u00a0<\/strong>explorado a detalle<strong> <\/strong>los<strong> fundamentos filos\u00f3ficos, paradigm\u00e1ticos y pr\u00e1cticos de El Trabajo Que Reconecta (TQR),\u00a0<\/strong>preparando as\u00ed el terreno interno que caracteriza a un agente de cambio floreciente. Es decir, una persona adecuadamente preparada para facilitar El TQR.<\/h4>\n\n\n\n<hr class=\"wp-block-separator is-style-dots\"\/>\n\n\n\n<h4>La F-TQR es ofrecida a trav\u00e9s de El <strong><a href=\"https:\/\/eltrabajoquereconecta.org\/\">TQR Latino<\/a><\/strong>, iniciativa dedicada a asistir a las personas de habla hispana de las Am\u00e9ricas y m\u00e1s all\u00e1 a reclamar su verdadero lugar silvestre dentro de la trama de la vida.<\/h4>\n\n\n\n<div class=\"wp-block-buttons is-content-justification-center\">\n<div class=\"wp-block-button is-style-fill\"><a class=\"wp-block-button__link\" href=\"https:\/\/eltrabajoquereconecta.org\/formacion\/\" target=\"_blank\" rel=\"noreferrer noopener\"><strong>M\u00e1s informaci\u00f3n<\/strong><\/a><\/div>\n<\/div>\n","protected":false},"excerpt":{"rendered":"<p>Entrenamiento de facilitaci\u00f3n de El Trabajo Que Reconecta Esta pionera Formaci\u00f3n en El Trabajo Que Reconecta de Joanna Macy surge de la gran necesidad de responder de maneras creativas a las m\u00faltiples crisis actuales, que sugieren que la v\u00eda hacia delante depende de un considerable despertar de conciencia, una aguda sensibilidad socio-ecol\u00f3gica y un profundo &#8230; <a title=\"El Trabajo Que Reconecta\" class=\"read-more\" href=\"https:\/\/eltrabajoquereconecta.org\/fl4m35\/es\/el-trabajo-que-reconecta\/\" aria-label=\"More on El Trabajo Que Reconecta\">Read more<\/a><\/p>\n","protected":false},"author":2,"featured_media":0,"parent":0,"menu_order":0,"comment_status":"closed","ping_status":"closed","template":"","meta":{"spay_email":""},"uagb_featured_image_src":{"full":false,"thumbnail":false,"medium":false,"medium_large":false,"large":false,"1536x1536":false,"2048x2048":false},"uagb_author_info":{"display_name":"adrianvg","author_link":"https:\/\/eltrabajoquereconecta.org\/fl4m35\/author\/adrianvg\/"},"uagb_comment_info":0,"uagb_excerpt":"Entrenamiento de facilitaci\u00f3n de El Trabajo Que Reconecta Esta pionera Formaci\u00f3n en El Trabajo Que Reconecta de Joanna Macy surge de la gran necesidad de responder de maneras creativas a las m\u00faltiples crisis actuales, que sugieren que la v\u00eda hacia delante depende de un considerable despertar de conciencia, una aguda sensibilidad socio-ecol\u00f3gica y un profundo&hellip;","_links":{"self":[{"href":"https:\/\/eltrabajoquereconecta.org\/fl4m35\/wp-json\/wp\/v2\/pages\/2196"}],"collection":[{"href":"https:\/\/eltrabajoquereconecta.org\/fl4m35\/wp-json\/wp\/v2\/pages"}],"about":[{"href":"https:\/\/eltrabajoquereconecta.org\/fl4m35\/wp-json\/wp\/v2\/types\/page"}],"author":[{"embeddable":true,"href":"https:\/\/eltrabajoquereconecta.org\/fl4m35\/wp-json\/wp\/v2\/users\/2"}],"replies":[{"embeddable":true,"href":"https:\/\/eltrabajoquereconecta.org\/fl4m35\/wp-json\/wp\/v2\/comments?post=2196"}],"version-history":[{"count":3,"href":"https:\/\/eltrabajoquereconecta.org\/fl4m35\/wp-json\/wp\/v2\/pages\/2196\/revisions"}],"predecessor-version":[{"id":2235,"href":"https:\/\/eltrabajoquereconecta.org\/fl4m35\/wp-json\/wp\/v2\/pages\/2196\/revisions\/2235"}],"wp:attachment":[{"href":"https:\/\/eltrabajoquereconecta.org\/fl4m35\/wp-json\/wp\/v2\/media?parent=2196"}],"curies":[{"name":"wp","href":"https:\/\/api.w.org\/{rel}","templated":true}]}}