{"id":1853,"date":"2021-05-08T23:53:56","date_gmt":"2021-05-08T23:53:56","guid":{"rendered":"https:\/\/eltrabajoquereconecta.org\/fl4m35\/?page_id=1853"},"modified":"2021-05-09T20:38:23","modified_gmt":"2021-05-09T20:38:23","slug":"entrenamiento-en-resiliencia-basado-en-la-compasion-cbrt","status":"publish","type":"page","link":"https:\/\/eltrabajoquereconecta.org\/fl4m35\/es\/entrenamiento-en-resiliencia-basado-en-la-compasion-cbrt\/","title":{"rendered":"Entrenamiento en Resiliencia basado en la compasi\u00f3n (CBRT)"},"content":{"rendered":"\n<figure class=\"wp-block-image alignfull size-large\"><img loading=\"lazy\" width=\"974\" height=\"370\" src=\"https:\/\/eltrabajoquereconecta.org\/fl4m35\/wp-content\/uploads\/2021\/04\/CBRT.png\" alt=\"\" class=\"wp-image-180\" srcset=\"https:\/\/eltrabajoquereconecta.org\/fl4m35\/wp-content\/uploads\/2021\/04\/CBRT.png 974w, https:\/\/eltrabajoquereconecta.org\/fl4m35\/wp-content\/uploads\/2021\/04\/CBRT-300x114.png 300w, https:\/\/eltrabajoquereconecta.org\/fl4m35\/wp-content\/uploads\/2021\/04\/CBRT-768x292.png 768w\" sizes=\"(max-width: 974px) 100vw, 974px\" \/><\/figure>\n\n\n\n<h2 class=\"has-text-align-center\">Entrenamiento en resiliencia basado en la compasi\u00f3n (CBRT)<\/h2>\n\n\n\n<h4 class=\"has-text-align-center\">PROXIMAMENTE<\/h4>\n\n\n\n<h4>El entrenamiento en resiliencia basado en la compasi\u00f3n (CBRT por sus siglas en ingl\u00e9s) es un ofrecimiento modular basado en evidencia que ense\u00f1a la ciencia y las habilidades que las personas necesitan para&nbsp;<strong>reducir el estr\u00e9s<\/strong>,&nbsp;<strong>desarrollar resiliencia<\/strong>&nbsp;y&nbsp;<strong>cultivar vidas de bienestar, compromiso y prop\u00f3sito<\/strong>&nbsp;en un mundo cada vez m\u00e1s interdependiente. <\/h4>\n\n\n\n<h4>Permite a las personas desarrollar una mente, un coraz\u00f3n y un cuerpo m\u00e1s resilientes al combinar las habilidades que se ense\u00f1an por separado en otras capacitaciones (<strong>atenci\u00f3n plena, compasi\u00f3n, imaginer\u00eda y trabajo de respiraci\u00f3n<\/strong>) en una introducci\u00f3n paso a paso, lo que brinda la manera m\u00e1s rentable de adentrarse en el espectro de investigaci\u00f3n mente\/cuerpo y las habilidades contemplativas.<\/h4>\n\n\n\n<h4>El CBRT fue desarrollado en 1998 por el doctor y psiquiatra Joe Loizzo, Fundador y Director del\u00a0<a rel=\"noreferrer noopener\" href=\"https:\/\/nalandainstitute.org\/\" target=\"_blank\"><strong>Instituto Nalanda de Ciencia Contemplativa<\/strong><\/a>, mediante la<strong>\u00a0integraci\u00f3n de t\u00e9cnicas milenarias de autorregulaci\u00f3n contemplativa de la India y el T\u00edbet con avances contempor\u00e1neos en neurociencia, psicolog\u00eda positiva y salud \u00f3ptima<\/strong>. <\/h4>\n\n\n\n<h4>El CBRT se ha ofrecido de forma continua por m\u00e1s de 20 a\u00f1os.<\/h4>\n\n\n\n<hr class=\"wp-block-separator is-style-dots\"\/>\n\n\n\n<h2 class=\"has-text-align-center\"><strong>Estructura<\/strong><\/h2>\n\n\n\n<h4>El entrenamiento est\u00e1 conformado por <strong>ocho encuentros de 90 minutos cada uno,<\/strong> conformados por meditaciones, presentaciones y di\u00e1logo en una <strong>atm\u00f3sfera contemplativa, \u00edntima y respetuosa<\/strong>. Cada encuentro representa la exploraci\u00f3n de uno de los 8 m\u00f3dulos del entrenamiento.<\/h4>\n\n\n\n<section class=\"wp-block-uagb-columns uagb-columns__wrap uagb-columns__background-undefined uagb-columns__stack-mobile uagb-columns__valign-center uagb-columns__gap-10 alignundefined uagb-block-6d8a91a3\"><div class=\"uagb-columns__overlay\"><\/div><div class=\"uagb-columns__inner-wrap uagb-columns__columns-2\">\n<div class=\"wp-block-uagb-column uagb-column__wrap uagb-column__background-color uagb-block-701f06c8\"><div class=\"uagb-column__overlay\"><\/div><div class=\"uagb-column__inner-wrap\">\n<h4 class=\"has-text-align-center\"><strong><strong><strong>8 clases de 90 minutos<\/strong><\/strong><\/strong><\/h4>\n\n\n\n<p class=\"has-text-align-center\">Una por semana. Las sesiones ser\u00e1n grabadas para su posterior consulta.<\/p>\n<\/div><\/div>\n\n\n\n<div class=\"wp-block-uagb-column uagb-column__wrap uagb-column__background-color uagb-block-38a9ae8e\"><div class=\"uagb-column__overlay\"><\/div><div class=\"uagb-column__inner-wrap\">\n<h4 class=\"has-text-align-center has-black-color has-text-color\"><strong><strong><strong><strong>Manual del estudiante<\/strong><\/strong><\/strong><\/strong><\/h4>\n<\/div><\/div>\n<\/div><\/section>\n\n\n\n<section class=\"wp-block-uagb-columns uagb-columns__wrap uagb-columns__background-undefined uagb-columns__stack-mobile uagb-columns__valign-center uagb-columns__gap-10 alignundefined uagb-block-bb7b9a4e\"><div class=\"uagb-columns__overlay\"><\/div><div class=\"uagb-columns__inner-wrap uagb-columns__columns-1\">\n<div class=\"wp-block-uagb-column uagb-column__wrap uagb-column__background-color uagb-block-3ef52aa4\"><div class=\"uagb-column__overlay\"><\/div><div class=\"uagb-column__inner-wrap\">\n<h4 class=\"has-text-align-center\"><strong><strong><strong><strong><strong>Pr\u00e1cticas semanales<\/strong><\/strong><\/strong><\/strong><\/strong><\/h4>\n\n\n\n<p class=\"has-text-align-center\">y grabaciones de audio.<\/p>\n<\/div><\/div>\n<\/div><\/section>\n\n\n\n<section class=\"wp-block-uagb-columns uagb-columns__wrap uagb-columns__background-undefined uagb-columns__stack-mobile uagb-columns__valign-center uagb-columns__gap-10 alignundefined uagb-block-3f384f5d\"><div class=\"uagb-columns__overlay\"><\/div><div class=\"uagb-columns__inner-wrap uagb-columns__columns-1\">\n<div class=\"wp-block-uagb-column uagb-column__wrap uagb-column__background-color uagb-block-6b0f119c\"><div class=\"uagb-column__overlay\"><\/div><div class=\"uagb-column__inner-wrap\">\n<h3 class=\"has-text-align-center has-black-color has-text-color\">Curriculum<\/h3>\n\n\n\n<h4 class=\"has-black-color has-text-color\"><strong>1.<\/strong> Abrazando el sufrimiento con atenci\u00f3n plena del cuerpo<\/h4>\n\n\n\n<h4 class=\"has-black-color has-text-color\"><strong>2.<\/strong> Deteniendo los h\u00e1bitos reactivos con atenci\u00f3n plena en la sensibilidad<\/h4>\n\n\n\n<h4 class=\"has-black-color has-text-color\"><strong>3.<\/strong> Liber\u00e1ndose del ciclo del estr\u00e9s con atenci\u00f3n plena<\/h4>\n\n\n\n<h4 class=\"has-black-color has-text-color\"><strong>4.<\/strong> Conocimiento de atenci\u00f3n plena: El camino vital hacia la auto-sanaci\u00f3n<\/h4>\n\n\n\n<h4 class=\"has-black-color has-text-color\"><strong>5.<\/strong> Desarmando los prejuicios sociales y la reactividad con empat\u00eda equitativa<\/h4>\n\n\n\n<h4 class=\"has-black-color has-text-color\"><strong>6.<\/strong> Sanando la reactividad emocional y las creencias con auto-compasi\u00f3n<\/h4>\n\n\n\n<h4 class=\"has-black-color has-text-color\"><strong>7.<\/strong> Cultivando emociones pro-sociales con el sabio dar y tomar<\/h4>\n\n\n\n<h4 class=\"has-black-color has-text-color\"><strong>8.<\/strong> Encuerpando la vida y el \u2018yo\u2019 resiliente con imaginer\u00eda afectuosa<\/h4>\n<\/div><\/div>\n<\/div><\/section>\n\n\n\n<hr class=\"wp-block-separator is-style-dots\"\/>\n\n\n\n<h2 class=\"has-text-align-center\"><strong>\u00bfC\u00f3mo funciona el curso?<\/strong><\/h2>\n\n\n\n<p>Nos reuniremos en\u00a0<strong>8 ocasiones<\/strong>\u00a0<strong>entre [fechas]<\/strong>. Cada una de las sesiones tiene una duraci\u00f3n de\u00a0<strong>90 minutos<\/strong>\u00a0y son ofrecidas por medio de la\u00a0<strong>plataforma virtual Zoom<\/strong>. <\/p>\n\n\n\n<p>Entre clase y clase, el alumno tiene acceso al manual de estudio y a las pr\u00e1cticas correspondientes, las que idealmente se realizan a diario en casa, o conforme el tiempo lo permita. <\/p>\n\n\n\n<section class=\"wp-block-uagb-columns uagb-columns__wrap uagb-columns__background-undefined uagb-columns__stack-mobile uagb-columns__valign-center uagb-columns__gap-10 alignundefined uagb-block-f80798d8\"><div class=\"uagb-columns__overlay\"><\/div><div class=\"uagb-columns__inner-wrap uagb-columns__columns-1\">\n<div class=\"wp-block-uagb-column uagb-column__wrap uagb-column__background-color uagb-block-b4372dfe\"><div class=\"uagb-column__overlay\"><\/div><div class=\"uagb-column__inner-wrap\">\n<h4 class=\"has-text-align-center has-black-color has-text-color\">Horario de encuentros semanales<\/h4>\n\n\n\n<h4 class=\"has-text-align-center\"><em><strong>5:00 pm EUA, PST<\/strong><\/em><\/h4>\n\n\n\n<h4 class=\"has-text-align-center\"><em><strong>7:00 pm Central M\u00e9xico <\/strong><\/em><\/h4>\n\n\n\n<h4 class=\"has-text-align-center\"><strong><em>7:00 pm Bogot\u00e1<\/em><\/strong><\/h4>\n\n\n\n<h4 class=\"has-text-align-center\"><em><strong>8:00 pm Santiago de Chile<\/strong><\/em><\/h4>\n\n\n\n<h4 class=\"has-text-align-center\"><em><strong>9:00 pm Brasilia<\/strong><\/em><\/h4>\n<\/div><\/div>\n<\/div><\/section>\n\n\n\n<hr class=\"wp-block-separator is-style-dots\"\/>\n\n\n\n<h2 class=\"has-text-align-center\">Calendario<\/h2>\n\n\n\n<figure class=\"wp-block-table aligncenter is-style-stripes margin-sides-2\"><table class=\"has-fixed-layout\"><thead><tr><th class=\"has-text-align-right\" data-align=\"right\">Fecha<\/th><th class=\"has-text-align-left\" data-align=\"left\"><em><strong>Tema<\/strong><\/em><\/th><\/tr><\/thead><tbody><tr><td class=\"has-text-align-right\" data-align=\"right\">TBD<\/td><td class=\"has-text-align-left\" data-align=\"left\"><strong><em><strong><em>M\u00f3dulo<\/em><\/strong> 1<\/em><\/strong><\/td><\/tr><tr><td class=\"has-text-align-right\" data-align=\"right\">TBD<\/td><td class=\"has-text-align-left\" data-align=\"left\"><strong><em><strong><em><strong><em>M\u00f3dulo<\/em><\/strong><\/em><\/strong> 2<\/em><\/strong><\/td><\/tr><tr><td class=\"has-text-align-right\" data-align=\"right\">TBD<\/td><td class=\"has-text-align-left\" data-align=\"left\"><strong><em><strong><em><strong><em>M\u00f3dulo<\/em><\/strong><\/em><\/strong> 3<\/em><\/strong><\/td><\/tr><tr><td class=\"has-text-align-right\" data-align=\"right\">TBD<\/td><td class=\"has-text-align-left\" data-align=\"left\"><strong><em><strong><em>M\u00f3dulo<\/em><\/strong> 4<\/em><\/strong><\/td><\/tr><tr><td class=\"has-text-align-right\" data-align=\"right\">TBD<\/td><td class=\"has-text-align-left\" data-align=\"left\"><strong><em><strong><em>M\u00f3dulo<\/em><\/strong> 5<\/em><\/strong><\/td><\/tr><tr><td class=\"has-text-align-right\" data-align=\"right\">TBD<\/td><td class=\"has-text-align-left\" data-align=\"left\"><strong><em><strong><em>M\u00f3dulo<\/em><\/strong> 6<\/em><\/strong><\/td><\/tr><tr><td class=\"has-text-align-right\" data-align=\"right\">TBD<\/td><td class=\"has-text-align-left\" data-align=\"left\"><strong><em><strong><em>M\u00f3dulo<\/em><\/strong> 7<\/em><\/strong><\/td><\/tr><tr><td class=\"has-text-align-right\" data-align=\"right\">TBD<\/td><td class=\"has-text-align-left\" data-align=\"left\"><strong><em><strong><em>M\u00f3dulo<\/em><\/strong> 8<\/em><\/strong><\/td><\/tr><\/tbody><\/table><\/figure>\n\n\n\n<hr class=\"wp-block-separator is-style-dots\"\/>\n\n\n\n<h3 class=\"has-text-align-center\">Investigaci\u00f3n y aplicaciones<\/h3>\n\n\n\n<p>Investigaciones realizadas en los colegios de medicina de Weill Cornell y Albert Einstein con mujeres en proceso de recuperaci\u00f3n de c\u00e1ncer de mama encontraron que el CBRT reduce los biomarcadores de estr\u00e9s, mejora la calidad de vida, reduce el estr\u00e9s socioemocional y cultural, mejora la capacidad de recuperaci\u00f3n y el funcionamiento general y disminuye notablemente s\u00edntomas postraum\u00e1ticos que incluyen el pensamiento intrusivo y la evitaci\u00f3n traum\u00e1tica. Activamente se llevan a cabo investigaciones sobre el entrenamiento.<\/p>\n\n\n\n<hr class=\"wp-block-separator is-style-dots\"\/>\n\n\n\n<h3 class=\"has-text-align-center\">\u00bfPara qui\u00e9n est\u00e1 dirigido?<\/h3>\n\n\n\n<p>El entrenamiento est\u00e1 dirigido a cualquier persona interesada en cultivar una vida m\u00e1s contemplativa, con una acrecentada capacidad de autoconocimiento, salud y bienestar. Terapeutas, psic\u00f3logos y profesionales de la salud y de la ense\u00f1anza encontrar\u00e1n el entrenamiento de especial inter\u00e9s.<\/p>\n\n\n\n<hr class=\"wp-block-separator is-style-dots\"\/>\n\n\n\n<h2 class=\"has-text-align-center\">Facilitaci\u00f3n<\/h2>\n\n\n\n<div class=\"wp-block-uagb-info-box uagb-infobox__outer-wrap uagb-block-3560ed1f\"><div class=\"uagb-infobox__content-wrap uagb-infobox uagb-infobox-has-image uagb-infobox-icon-left uagb-infobox-left uagb-infobox-stacked-tablet uagb-infobox-image-valign-top uagb-infobox-enable-border-radius \"><div class=\"uagb-ifb-left-right-wrap\"><div class=\"uagb-ifb-image-icon-content uagb-ifb-imgicon-wrap\"><div class=\"uagb-ifb-image\"><div class=\"uagb-ifb-image-content\"><img class=\"uagb-ifb-img-src\" src=\"https:\/\/eltrabajoquereconecta.org\/fl4m35\/wp-content\/uploads\/2021\/04\/adrianredonda-2.png\" alt=\"\"\/><\/div><\/div><\/div><div class=\"uagb-ifb-content\"><div class=\"uagb-ifb-title-wrap\"><h3 class=\"uagb-ifb-title\">Adri\u00e1n Villase\u00f1or Galarza<\/h3><\/div><div class=\"uagb-ifb-separator-parent\"><div class=\"uagb-ifb-separator\"><\/div><\/div><div class=\"uagb-ifb-text-wrap\"><p class=\"uagb-ifb-desc\">Adri\u00e1n es facilitador internacional, autor, colaborador acad\u00e9mico, (eco)terapeuta sist\u00e9mico y transpersonal, practicante contemplativo y ritualista. Cuenta con una maestr\u00eda en Ciencia Hol\u00edstica (Reino Unido) y un doctorado en Ecolog\u00eda, Psicolog\u00eda y Conciencia (EUA), a la par de haberse formado en psicoterapia contemplativa (EUA) y terapia sist\u00e9mica y transpersonal (Espa\u00f1a, M\u00e9xico). <br><br>El trabajo de Adri\u00e1n es considerado un referente latinoamericano en ecolog\u00eda profunda, ecopsicolog\u00eda y espiritualidad de la Tierra. Su labor est\u00e1 inspirada por sus experiencias con tradiciones originarias de las Am\u00e9ricas, as\u00ed como por su pr\u00e1ctica contemplativa y sensibilidad anim\u00edstica (<a rel=\"noreferrer noopener\" href=\"http:\/\/www.living-flames.com\/es\/adrian-villasenor-galarza\/\" target=\"_blank\">da click aqu\u00ed<\/a>\u00a0para mayor informaci\u00f3n).<br><br>adrian@living-flames.com<\/p><\/div><\/div><\/div><\/div><\/div>\n\n\n\n<hr class=\"wp-block-separator is-style-dots\"\/>\n\n\n\n<h2 class=\"has-text-align-center\">Inversi\u00f3n<\/h2>\n\n\n\n<p><strong><em>PROXIMAMENTE<\/em><\/strong><\/p>\n\n\n\n<hr class=\"wp-block-separator is-style-dots\"\/>\n\n\n\n<h2 class=\"has-text-align-center\">Inscripciones<\/h2>\n\n\n\n<p>Sigue estos dos simples pasos para completar tu inscripci\u00f3n:<\/p>\n\n\n<div id=\"sp-ea-1473\" class=\"sp-ea-one sp-easy-accordion\" data-ex-icon=\"fa-minus\" data-col-icon=\"fa-plus\"  data-ea-active=\"ea-click\"  data-ea-mode=\"vertical\" data-preloader=\"\"><div class=\"ea-card  sp-ea-single\"><h3 class=\"ea-header\"><a class=\"collapsed\" data-sptoggle=\"spcollapse\" data-sptarget=\"#collapse14730\" href=\"javascript:void(0)\"><i class=\"ea-expand-icon fa fa-plus\"><\/i> 1. Llena el formato de inscripci\u00f3n aqu\u00ed.<\/a><\/h3><div class=\"sp-collapse spcollapse spcollapse\" id=\"collapse14730\" data-parent=\"#sp-ea-1473\"><div class=\"ea-body\"> <p><iframe src=\"https:\/\/docs.google.com\/forms\/d\/1rldKI-vkF734R0_YDNdm7-ux-XLk0FGOR8SN_l-xVAw\/viewform?embedded=true\" width=\"640\" height=\"720\" frameborder=\"0\" marginwidth=\"0\" marginheight=\"0\">Carregando\u2026<\/iframe><\/p>\n <\/div><\/div><\/div><div class=\"ea-card  sp-ea-single\"><h3 class=\"ea-header\"><a class=\"collapsed\" data-sptoggle=\"spcollapse\" data-sptarget=\"#collapse14731\" href=\"javascript:void(0)\"><i class=\"ea-expand-icon fa fa-plus\"><\/i> 2. Realiza tu pago al darle click al bot\u00f3n \u00abcomprar ahora.\u00bb<\/a><\/h3><div class=\"sp-collapse spcollapse spcollapse\" id=\"collapse14731\" data-parent=\"#sp-ea-1473\"><div class=\"ea-body\"> No Content <\/div><\/div><\/div><\/div>\n","protected":false},"excerpt":{"rendered":"<p>Entrenamiento en resiliencia basado en la compasi\u00f3n (CBRT) PROXIMAMENTE El entrenamiento en resiliencia basado en la compasi\u00f3n (CBRT por sus siglas en ingl\u00e9s) es un ofrecimiento modular basado en evidencia que ense\u00f1a la ciencia y las habilidades que las personas necesitan para&nbsp;reducir el estr\u00e9s,&nbsp;desarrollar resiliencia&nbsp;y&nbsp;cultivar vidas de bienestar, compromiso y prop\u00f3sito&nbsp;en un mundo cada vez &#8230; <a title=\"Entrenamiento en Resiliencia basado en la compasi\u00f3n (CBRT)\" class=\"read-more\" href=\"https:\/\/eltrabajoquereconecta.org\/fl4m35\/es\/entrenamiento-en-resiliencia-basado-en-la-compasion-cbrt\/\" aria-label=\"More on Entrenamiento en Resiliencia basado en la compasi\u00f3n (CBRT)\">Read more<\/a><\/p>\n","protected":false},"author":2,"featured_media":0,"parent":0,"menu_order":0,"comment_status":"closed","ping_status":"closed","template":"","meta":{"spay_email":""},"uagb_featured_image_src":{"full":false,"thumbnail":false,"medium":false,"medium_large":false,"large":false,"1536x1536":false,"2048x2048":false},"uagb_author_info":{"display_name":"adrianvg","author_link":"https:\/\/eltrabajoquereconecta.org\/fl4m35\/author\/adrianvg\/"},"uagb_comment_info":0,"uagb_excerpt":"Entrenamiento en resiliencia basado en la compasi\u00f3n (CBRT) PROXIMAMENTE El entrenamiento en resiliencia basado en la compasi\u00f3n (CBRT por sus siglas en ingl\u00e9s) es un ofrecimiento modular basado en evidencia que ense\u00f1a la ciencia y las habilidades que las personas necesitan para&nbsp;reducir el estr\u00e9s,&nbsp;desarrollar resiliencia&nbsp;y&nbsp;cultivar vidas de bienestar, compromiso y prop\u00f3sito&nbsp;en un mundo cada vez&hellip;","_links":{"self":[{"href":"https:\/\/eltrabajoquereconecta.org\/fl4m35\/wp-json\/wp\/v2\/pages\/1853"}],"collection":[{"href":"https:\/\/eltrabajoquereconecta.org\/fl4m35\/wp-json\/wp\/v2\/pages"}],"about":[{"href":"https:\/\/eltrabajoquereconecta.org\/fl4m35\/wp-json\/wp\/v2\/types\/page"}],"author":[{"embeddable":true,"href":"https:\/\/eltrabajoquereconecta.org\/fl4m35\/wp-json\/wp\/v2\/users\/2"}],"replies":[{"embeddable":true,"href":"https:\/\/eltrabajoquereconecta.org\/fl4m35\/wp-json\/wp\/v2\/comments?post=1853"}],"version-history":[{"count":5,"href":"https:\/\/eltrabajoquereconecta.org\/fl4m35\/wp-json\/wp\/v2\/pages\/1853\/revisions"}],"predecessor-version":[{"id":2123,"href":"https:\/\/eltrabajoquereconecta.org\/fl4m35\/wp-json\/wp\/v2\/pages\/1853\/revisions\/2123"}],"wp:attachment":[{"href":"https:\/\/eltrabajoquereconecta.org\/fl4m35\/wp-json\/wp\/v2\/media?parent=1853"}],"curies":[{"name":"wp","href":"https:\/\/api.w.org\/{rel}","templated":true}]}}