{"id":1843,"date":"2021-05-08T23:40:15","date_gmt":"2021-05-08T23:40:15","guid":{"rendered":"https:\/\/eltrabajoquereconecta.org\/fl4m35\/?page_id=1843"},"modified":"2021-05-09T20:44:23","modified_gmt":"2021-05-09T20:44:23","slug":"constelaciones-sistemicas-y-chamanismos","status":"publish","type":"page","link":"https:\/\/eltrabajoquereconecta.org\/fl4m35\/es\/constelaciones-sistemicas-y-chamanismos\/","title":{"rendered":"Constelaciones sist\u00e9micas y chamanismos"},"content":{"rendered":"\n<figure class=\"wp-block-image alignfull size-large\"><img loading=\"lazy\" width=\"1024\" height=\"419\" src=\"https:\/\/eltrabajoquereconecta.org\/fl4m35\/wp-content\/uploads\/2021\/05\/contelaciones.jpg\" alt=\"\" class=\"wp-image-1850\" srcset=\"https:\/\/eltrabajoquereconecta.org\/fl4m35\/wp-content\/uploads\/2021\/05\/contelaciones.jpg 1024w, https:\/\/eltrabajoquereconecta.org\/fl4m35\/wp-content\/uploads\/2021\/05\/contelaciones-300x123.jpg 300w, https:\/\/eltrabajoquereconecta.org\/fl4m35\/wp-content\/uploads\/2021\/05\/contelaciones-768x314.jpg 768w\" sizes=\"(max-width: 1024px) 100vw, 1024px\" \/><\/figure>\n\n\n\n<h4>Las <strong>constelaciones sist\u00e9micas en di\u00e1logo con la perspectiva animista de las tradiciones cham\u00e1nicas<\/strong> conforman un <strong>potente aliado en la b\u00fasqueda de sanaci\u00f3n y despertar<\/strong>, poniendo de manifiesto las din\u00e1micas familiares y relacionales que informan nuestro diario vivir. Muchas veces, tales din\u00e1micas, tan vitales para lograr una mente clara y un coraz\u00f3n ligero, surgen de lealtades invisibles que se extienden a lo largo de generaciones o de v\u00ednculos con parajes naturales o seres no-humanos.<\/h4>\n\n\n\n<h4>Por medio de exploraciones sist\u00e9micas y cham\u00e1nicas <strong>redescubriremos el flujo compasivo en el coraz\u00f3n de nuestras relaciones.<\/strong> Este flujo <strong>libera la sabia energ\u00eda que nos lleva por la senda de nuestro destino<\/strong> <strong>en armon\u00eda con los movimientos de la gran alma<\/strong>. As\u00ed, es posible honrar el n\u00facleo espiritual de nuestra existencia, sintonizando con el lugar que nos corresponde como individuos y como part\u00edcipes del entramado de totalidades y fuerzas ancestrales.<\/h4>\n\n\n\n<hr class=\"wp-block-separator is-style-dots\"\/>\n\n\n\n<h2 class=\"has-text-align-center\">Exploraremos:<\/h2>\n\n\n\n<ul><li>Un entendimiento integrativo y relacional de los desaf\u00edos y virtudes de nuestras vidas como fundamento de la sanaci\u00f3n y bienestar.<\/li><li>Refinar y vivenciar la visi\u00f3n sist\u00e9mica y las facultades simb\u00f3licas al servicio de la salud y el desarrollo psico-emocional.<\/li><li>Una psicolog\u00eda ampliada en di\u00e1logo con los saberes animistas de las tradiciones cham\u00e1nicas para dar cabida a frescas perspectivas y resoluciones.<\/li><li>Intervenciones sist\u00e9micas y&nbsp;<strong>cham\u00e1nicas al servicio de<\/strong>&nbsp;la activaci\u00f3n de tus potenciales internos y la bienaventuranza de tu sistema familiar.<\/li><li>Pr\u00e1cticas que puedes incorporar en tu trabajo en caso que te dediques al&nbsp;<strong>campo de la sanaci\u00f3n y la salud mental<\/strong>.<\/li><\/ul>\n\n\n\n<hr class=\"wp-block-separator is-style-dots\"\/>\n\n\n\n<h2 class=\"has-text-align-center\">Estructura<\/h2>\n\n\n\n<p>El curso consta de&nbsp;<strong>6 sesiones en vivo y<\/strong>&nbsp;<strong>4 sesiones de acompa\u00f1amiento<\/strong>, en las que combinaremos&nbsp;<strong>presentaciones, di\u00e1logo, meditaciones, trabajo sist\u00e9mico y cham\u00e1nico<\/strong>.<\/p>\n\n\n\n<section class=\"wp-block-uagb-columns uagb-columns__wrap uagb-columns__background-undefined uagb-columns__stack-mobile uagb-columns__valign-center uagb-columns__gap-10 alignundefined uagb-block-882ba611\"><div class=\"uagb-columns__overlay\"><\/div><div class=\"uagb-columns__inner-wrap uagb-columns__columns-2\">\n<div class=\"wp-block-uagb-column uagb-column__wrap uagb-column__background-color uagb-block-24206624\"><div class=\"uagb-column__overlay\"><\/div><div class=\"uagb-column__inner-wrap\">\n<h4 class=\"has-text-align-center\"><strong>4 clases de 2 horas<\/strong><\/h4>\n\n\n\n<p class=\"has-text-align-center\">Una por semana. Las sesiones ser\u00e1n grabadas para su posterior consulta).<\/p>\n<\/div><\/div>\n\n\n\n<div class=\"wp-block-uagb-column uagb-column__wrap uagb-column__background-color uagb-block-5e178ca4\"><div class=\"uagb-column__overlay\"><\/div><div class=\"uagb-column__inner-wrap\">\n<h4 class=\"has-text-align-center has-black-color has-text-color\"><strong><strong>1 sesi\u00f3n experiencial de 3 horas<\/strong><\/strong><\/h4>\n<\/div><\/div>\n<\/div><\/section>\n\n\n\n<section class=\"wp-block-uagb-columns uagb-columns__wrap uagb-columns__background-undefined uagb-columns__stack-mobile uagb-columns__valign-center uagb-columns__gap-10 alignundefined uagb-block-f0e1a344\"><div class=\"uagb-columns__overlay\"><\/div><div class=\"uagb-columns__inner-wrap uagb-columns__columns-2\">\n<div class=\"wp-block-uagb-column uagb-column__wrap uagb-column__background-color uagb-block-4dcdc106\"><div class=\"uagb-column__overlay\"><\/div><div class=\"uagb-column__inner-wrap\">\n<h4 class=\"has-text-align-center\"><strong><strong>4 sesiones de acompa\u00f1amiento<\/strong><\/strong><\/h4>\n<\/div><\/div>\n\n\n\n<div class=\"wp-block-uagb-column uagb-column__wrap uagb-column__background-color uagb-block-dc0d7038\"><div class=\"uagb-column__overlay\"><\/div><div class=\"uagb-column__inner-wrap\">\n<h4 class=\"has-text-align-center has-black-color has-text-color\"><strong><strong><strong>&nbsp;1 clase de integraci\u00f3n<\/strong><\/strong><\/strong><\/h4>\n\n\n\n<h4 class=\"has-text-align-center has-black-color has-text-color\">enteramente dedicada a preguntas y reflexiones<\/h4>\n<\/div><\/div>\n<\/div><\/section>\n\n\n\n<section class=\"wp-block-uagb-columns uagb-columns__wrap uagb-columns__background-undefined uagb-columns__stack-mobile uagb-columns__valign-center uagb-columns__gap-10 alignundefined uagb-block-e1b4c32a\"><div class=\"uagb-columns__overlay\"><\/div><div class=\"uagb-columns__inner-wrap uagb-columns__columns-2\">\n<div class=\"wp-block-uagb-column uagb-column__wrap uagb-column__background-color uagb-block-f41d9a0f\"><div class=\"uagb-column__overlay\"><\/div><div class=\"uagb-column__inner-wrap\">\n<h4 class=\"has-text-align-center\"><strong><strong><strong><strong>Material de apoyo y pr\u00e1cticas semanales<\/strong><\/strong><\/strong><\/strong><\/h4>\n<\/div><\/div>\n\n\n\n<div class=\"wp-block-uagb-column uagb-column__wrap uagb-column__background-color uagb-block-6754d0d9\"><div class=\"uagb-column__overlay\"><\/div><div class=\"uagb-column__inner-wrap\">\n<h4 class=\"has-text-align-center has-black-color has-text-color\"><strong><strong><strong><strong><strong>Contacto constante con la comunidad de aprendizaje a trav\u00e9s del aula virtual<\/strong><\/strong><\/strong><\/strong><\/strong><\/h4>\n<\/div><\/div>\n<\/div><\/section>\n\n\n\n<hr class=\"wp-block-separator is-style-dots\"\/>\n\n\n\n<section class=\"wp-block-uagb-columns uagb-columns__wrap uagb-columns__background-undefined uagb-columns__stack-mobile uagb-columns__valign-center uagb-columns__gap-10 alignundefined uagb-block-69ad286d\"><div class=\"uagb-columns__overlay\"><\/div><div class=\"uagb-columns__inner-wrap uagb-columns__columns-1\">\n<div class=\"wp-block-uagb-column uagb-column__wrap uagb-column__background-color uagb-block-a25216d8\"><div class=\"uagb-column__overlay\"><\/div><div class=\"uagb-column__inner-wrap\">\n<h3 class=\"has-text-align-center has-black-color has-text-color\">Curriculum<\/h3>\n\n\n\n<h4><strong>1.<\/strong> En busca del centro: chamanismos y sistemas<\/h4>\n\n\n\n<h4><strong>2. <\/strong>El \u00e1rbol de la vida: psicogenealog\u00eda y el linaje ancestral<\/h4>\n\n\n\n<h4><strong>3<\/strong>. El enredo, la sombra y el despertar<\/h4>\n\n\n\n<h4><strong>4.<\/strong> Profundizando en el trabajo: intervenciones sist\u00e9micas y cham\u00e1nicas<\/h4>\n\n\n\n<h4><strong>5.<\/strong> Profundizando en el trabajo: intervenciones sist\u00e9micas y cham\u00e1nicas<\/h4>\n\n\n\n<h4><strong>6.<\/strong> Integrando la memoria transgeneracional<\/h4>\n<\/div><\/div>\n<\/div><\/section>\n\n\n\n<hr class=\"wp-block-separator is-style-dots\"\/>\n\n\n\n<h2 class=\"has-text-align-center\"><strong>Detalles<\/strong><\/h2>\n\n\n\n<p>Nos reuniremos un&nbsp;<strong>total de 10 veces entre el 16 de marzo y el 20 de abril<\/strong>&nbsp;(5 sesiones de 2 horas, 1 sesi\u00f3n experiencial de 3 horas y 4 sesiones de acompa\u00f1amiento). Cada clase incluye material de apoyo y pr\u00e1cticas. Aproximadamente cada dos semanas habr\u00e1 dos sesiones de acompa\u00f1amiento de 60 minutos durante la misma semana que la sesi\u00f3n de los martes, adem\u00e1s de incluir una sesi\u00f3n experiencial de tres horas (s\u00e1bado). Finalizaremos el curso con una sesi\u00f3n de integraci\u00f3n (ver Calendario).<\/p>\n\n\n\n<p>Las sesiones en vivo y los grupos de acompa\u00f1amiento tienen lugar a trav\u00e9s de la plataforma&nbsp;<a href=\"https:\/\/zoom.us\/\" target=\"_blank\" rel=\"noreferrer noopener\"><strong>Zoom<\/strong><\/a>. La plataforma educativa&nbsp;<a href=\"https:\/\/new.edmodo.com\/\" target=\"_blank\" rel=\"noreferrer noopener\"><strong>Edmodo<\/strong><\/a>&nbsp;hospedar\u00e1 los contenidos tem\u00e1ticos y servir\u00e1 como espacio de interacci\u00f3n. Te recomendamos darte un tiempo para familiarizarte con estas simples tecnolog\u00edas antes del comienzo del curso.<\/p>\n\n\n\n<section class=\"wp-block-uagb-columns uagb-columns__wrap uagb-columns__background-undefined uagb-columns__stack-mobile uagb-columns__valign-center uagb-columns__gap-10 alignundefined uagb-block-880ea9b0\"><div class=\"uagb-columns__overlay\"><\/div><div class=\"uagb-columns__inner-wrap uagb-columns__columns-2\">\n<div class=\"wp-block-uagb-column uagb-column__wrap uagb-column__background-color uagb-block-caeff0a2\"><div class=\"uagb-column__overlay\"><\/div><div class=\"uagb-column__inner-wrap\">\n<h4 class=\"has-text-align-center has-black-color has-text-color\">Horario sesiones de los martes<br>(16, 23 de marzo, 6, 13, 20 de abril)<\/h4>\n\n\n\n<h4 class=\"has-text-align-center\"><em><strong>3:00 pm EUA, PST<\/strong><\/em><\/h4>\n\n\n\n<h4 class=\"has-text-align-center\"><em><strong>5:00 pm Central M\u00e9xico <\/strong><\/em><\/h4>\n\n\n\n<h4 class=\"has-text-align-center\"><em><strong>6:00 pm Bogot\u00e1<\/strong><\/em><\/h4>\n\n\n\n<h4 class=\"has-text-align-center\"><em><strong>8:00 pm Santiago de Chile<\/strong><\/em><\/h4>\n\n\n\n<h4 class=\"has-text-align-center\"><em><strong>8:00 pm Brasilia<\/strong><\/em><\/h4>\n<\/div><\/div>\n\n\n\n<div class=\"wp-block-uagb-column uagb-column__wrap uagb-column__background-color uagb-block-4de89d17\"><div class=\"uagb-column__overlay\"><\/div><div class=\"uagb-column__inner-wrap\">\n<h4 class=\"has-text-align-center has-black-color has-text-color\">Horario sesi\u00f3n experiencial<br>(s\u00e1bado 10 de abril)<\/h4>\n\n\n\n<h4 class=\"has-text-align-center\"><em><strong>9:00 am EUA, PST<\/strong><\/em><\/h4>\n\n\n\n<h4 class=\"has-text-align-center\"><em><strong>11:00 am Central M\u00e9xico <\/strong><\/em><\/h4>\n\n\n\n<h4 class=\"has-text-align-center\"><em><strong>12:00 pm Bogot\u00e1<\/strong><\/em><\/h4>\n\n\n\n<h4 class=\"has-text-align-center\"><em><strong>2:00 pm Santiago de Chile<\/strong><\/em><\/h4>\n\n\n\n<h4 class=\"has-text-align-center\"><em><strong>2:00 pm Brasilia<\/strong><\/em><\/h4>\n<\/div><\/div>\n<\/div><\/section>\n\n\n\n<hr class=\"wp-block-separator is-style-dots\"\/>\n\n\n\n<h2 class=\"has-text-align-center\"><strong>Calendario<\/strong><\/h2>\n\n\n\n<figure class=\"wp-block-table aligncenter is-style-stripes margin-sides-2\"><table class=\"has-fixed-layout\"><thead><tr><th class=\"has-text-align-right\" data-align=\"right\">Date<\/th><th class=\"has-text-align-left\" data-align=\"left\"><em><strong>Topic<\/strong><\/em><\/th><\/tr><\/thead><tbody><tr><td class=\"has-text-align-right\" data-align=\"right\">16 de marzo<\/td><td class=\"has-text-align-left\" data-align=\"left\"><strong><em><strong><em><strong><em>Sesi\u00f3n<\/em><\/strong> 1<\/em><\/strong><\/em><\/strong><\/td><\/tr><tr><td class=\"has-text-align-right\" data-align=\"right\">23 de marzo<\/td><td class=\"has-text-align-left\" data-align=\"left\"><strong><em><strong><em><strong><em><strong><em>Sesi\u00f3n<\/em><\/strong> 2<\/em><\/strong><\/em><\/strong><\/em><\/strong><\/td><\/tr><tr><td class=\"has-text-align-right\" data-align=\"right\">25-27 de marzo<\/td><td class=\"has-text-align-left\" data-align=\"left\"><strong><em><strong><em><strong><em><strong><em>Acompa\u00f1amiento 1 y 2<\/em><\/strong><\/em><\/strong><\/em><\/strong><\/em><\/strong><\/td><\/tr><tr><td class=\"has-text-align-right\" data-align=\"right\">6 de abril<\/td><td class=\"has-text-align-left\" data-align=\"left\"><strong><em><strong><em><strong><em><strong><em>Sesi\u00f3n<\/em><\/strong> 3<\/em><\/strong><\/em><\/strong><\/em><\/strong><\/td><\/tr><tr><td class=\"has-text-align-right\" data-align=\"right\">10 de abril<\/td><td class=\"has-text-align-left\" data-align=\"left\"><strong><em><strong><em><strong><em><strong><em>Sesi\u00f3n<\/em><\/strong> 4 <\/em><\/strong><\/em><\/strong><\/em><\/strong><em><em><em>(experiencial)<\/em><\/em><\/em><\/td><\/tr><tr><td class=\"has-text-align-right\" data-align=\"right\">13 de abril<\/td><td class=\"has-text-align-left\" data-align=\"left\"><strong><em><strong><em><strong><em><strong><em>Sesi\u00f3n<\/em><\/strong> 5<\/em><\/strong><\/em><\/strong><\/em><\/strong><\/td><\/tr><tr><td class=\"has-text-align-right\" data-align=\"right\">15-17 de abril<\/td><td class=\"has-text-align-left\" data-align=\"left\"><strong><em><strong><em><strong><em><strong><em>Acompa\u00f1amiento 3 y 4<\/em><\/strong><\/em><\/strong><\/em><\/strong><\/em><\/strong><\/td><\/tr><tr><td class=\"has-text-align-right\" data-align=\"right\">20 de abril<\/td><td class=\"has-text-align-left\" data-align=\"left\"><strong><em><strong><em><strong><em><strong><em>Sesi\u00f3n<\/em><\/strong><\/em><\/strong><\/em><\/strong><\/em><\/strong> <strong><em>6<\/em><\/strong> <em>(integraci\u00f3n)<\/em><\/td><\/tr><\/tbody><\/table><\/figure>\n\n\n\n<hr class=\"wp-block-separator is-style-dots\"\/>\n\n\n\n<h3 class=\"has-text-align-center\">\u00bfPara qui\u00e9n est\u00e1 dirigido?<\/h3>\n\n\n\n<p>El curso est\u00e1 dirigido a terapeutas, psic\u00f3logos, trabajadores sociales, ritualistas, coaches, profesionales de la salud y de la ense\u00f1anza y a toda persona con inter\u00e9s en el camino de la salud del alma, el desarrollo personal y el bienestar psico-emocional personal y familiar.<\/p>\n\n\n\n<hr class=\"wp-block-separator is-style-dots\"\/>\n\n\n\n<h2 class=\"has-text-align-center\"><strong>Facilitaci\u00f3n<\/strong><\/h2>\n\n\n\n<div class=\"wp-block-uagb-info-box uagb-infobox__outer-wrap uagb-block-880640a1\"><div class=\"uagb-infobox__content-wrap uagb-infobox uagb-infobox-has-image uagb-infobox-icon-left uagb-infobox-left uagb-infobox-stacked-tablet uagb-infobox-image-valign-top uagb-infobox-enable-border-radius \"><div class=\"uagb-ifb-left-right-wrap\"><div class=\"uagb-ifb-image-icon-content uagb-ifb-imgicon-wrap\"><div class=\"uagb-ifb-image\"><div class=\"uagb-ifb-image-content\"><img class=\"uagb-ifb-img-src\" src=\"https:\/\/eltrabajoquereconecta.org\/fl4m35\/wp-content\/uploads\/2021\/04\/adrianredonda-2.png\" alt=\"\"\/><\/div><\/div><\/div><div class=\"uagb-ifb-content\"><div class=\"uagb-ifb-title-wrap\"><h3 class=\"uagb-ifb-title\">Adri\u00e1n Villase\u00f1or Galarza<\/h3><\/div><div class=\"uagb-ifb-separator-parent\"><div class=\"uagb-ifb-separator\"><\/div><\/div><div class=\"uagb-ifb-text-wrap\"><p class=\"uagb-ifb-desc\">Adri\u00e1n es facilitador internacional, autor, colaborador acad\u00e9mico, (eco)terapeuta sist\u00e9mico y transpersonal y practicante contemplativo. Cuenta con una maestr\u00eda en Ciencia Hol\u00edstica (Reino Unido) y un doctorado en Ecolog\u00eda, Psicolog\u00eda y Conciencia (EUA), a la par de haberse formado en psicoterapia contemplativa (EUA) y terapia sist\u00e9mica y transpersonal (Espa\u00f1a, M\u00e9xico). <br><br>El trabajo de Adri\u00e1n es considerado un referente latinoamericano en ecolog\u00eda profunda, ecopsicolog\u00eda y espiritualidad de la Tierra. Su labor est\u00e1 inspirada por sus experiencias con tradiciones originarias de las Am\u00e9ricas, as\u00ed como por su pr\u00e1ctica contemplativa y sensibilidad anim\u00edstica (<a rel=\"noreferrer noopener\" href=\"http:\/\/www.living-flames.com\/es\/adrian-villasenor-galarza\/\" target=\"_blank\">da click aqu\u00ed<\/a>&nbsp;para saber m\u00e1s de Adri\u00e1n).<br><br><a rel=\"noreferrer noopener\" href=\"http:\/\/living-flames.com\/\" target=\"_blank\">living-flames.com<\/a>&nbsp;\u2013&nbsp;<a rel=\"noreferrer noopener\" href=\"http:\/\/bioalkimia.org\/\" target=\"_blank\">bioalkimia.org<\/a>&nbsp;\u2013&nbsp;<a rel=\"noreferrer noopener\" href=\"http:\/\/eltrabajoquereconecta.org\/\" target=\"_blank\">eltrabajoquereconecta.org<\/a>&nbsp;\u2013 info@living-flames.com<\/p><\/div><\/div><\/div><\/div><\/div>\n\n\n\n<div class=\"wp-block-uagb-info-box uagb-infobox__outer-wrap uagb-block-e8af7bc8\"><div class=\"uagb-infobox__content-wrap uagb-infobox uagb-infobox-has-image uagb-infobox-icon-left uagb-infobox-left uagb-infobox-stacked-tablet uagb-infobox-image-valign-top uagb-infobox-enable-border-radius \"><div class=\"uagb-ifb-left-right-wrap\"><div class=\"uagb-ifb-image-icon-content uagb-ifb-imgicon-wrap\"><div class=\"uagb-ifb-image\"><div class=\"uagb-ifb-image-content\"><img class=\"uagb-ifb-img-src\" src=\"https:\/\/eltrabajoquereconecta.org\/fl4m35\/wp-content\/uploads\/2021\/04\/feliperedonda.png\" alt=\"\"\/><\/div><\/div><\/div><div class=\"uagb-ifb-content\"><div class=\"uagb-ifb-title-wrap\"><h3 class=\"uagb-ifb-title\"><strong><em>Felipe Landaeta Farizo<\/em><\/strong><\/h3><\/div><div class=\"uagb-ifb-separator-parent\"><div class=\"uagb-ifb-separator\"><\/div><\/div><div class=\"uagb-ifb-text-wrap\"><p class=\"uagb-ifb-desc\">Psic\u00f3logo, profesor de la Univ. Adolfo Ib\u00e1\u00f1ez (Chile) desde 2009. PhD en Psicolog\u00eda Transpersonal e Integral del California Institute of Integral Studies (EUA). Se ha formado en diferentes m\u00e9todos experienciales de terapia como Focusing, Respiraci\u00f3n Holotr\u00f3pica, Constelaciones Sist\u00e9micas, EMDR y ha tenido experiencia personal meditativa y con tradiciones nativas durante los \u00faltimos 15 a\u00f1os. <br><br>Desde 2010 facilita sesiones de Respiraci\u00f3n Holotr\u00f3pica y desde 2009 realiza atenci\u00f3n de pacientes. En 2019 conduce el estudio \u201cEl impacto de El Trabajo que Reconecta de Joanna Macy\u201d (<a rel=\"noreferrer noopener\" href=\"https:\/\/holotropica.cl\/quienes-somos\/\" target=\"_blank\">da click aqu\u00ed<\/a>&nbsp;para saber m\u00e1s de Felipe).<br><br><a rel=\"noreferrer noopener\" href=\"http:\/\/holotropica.cl\/\" target=\"_blank\">holotropica.cl<\/a>&nbsp;\u2013 felipe.landaeta@uai.cl<\/p><\/div><\/div><\/div><\/div><\/div>\n\n\n\n<hr class=\"wp-block-separator is-style-dots\"\/>\n\n\n\n<h2 class=\"has-text-align-center\">Inversi\u00f3n<\/h2>\n\n\n\n<h4>La inversi\u00f3n por la totalidad del curso es de:<\/h4>\n\n\n\n<ul><li><strong>$175.00 d\u00f3lares estadounidenses<\/strong>&nbsp;(USD)<\/li><li><strong>$3500 pesos mexicanos<\/strong>&nbsp;(MXN)<\/li><li><strong>$126,000 pesos chilenos<\/strong>&nbsp;(CLP)<\/li><li><strong>$610,500 pesos colombianos (COP)<\/strong><\/li><li><strong>$940 reales brasile\u00f1os<\/strong>&nbsp;(BRL) para los residentes de Latinoam\u00e9rica. <\/li><\/ul>\n\n\n\n<ul><li><em>Si te inscribes con un amig@ (2 personas), cada uno recibir\u00e1 un descuento de $25 USD.<\/em><\/li><li><em>Si no vives en Latinoam\u00e9rica, la inversi\u00f3n del curso es de $240.00 d\u00f3lares estadounidenses (USD).<\/em><\/li><li><em>Si est\u00e1s seriamente interesado en participar y no cuentas con los recursos econ\u00f3micos necesarios, por favor&nbsp;<a href=\"http:\/\/www.living-flames.com\/contacto\/\"><strong>ponte en contacto con nosotros<\/strong><\/a>.<\/em><\/li><\/ul>\n\n\n\n<p><em>* Para que el curso se lleve a cabo, es necesario contar con un m\u00ednimo de 12 personas inscritas.<\/em><\/p>\n\n\n\n<hr class=\"wp-block-separator is-style-dots\"\/>\n\n\n\n<h2 class=\"has-text-align-center\">Registration<\/h2>\n\n\n\n<h4>Complete these two simple steps to register:<\/h4>\n\n\n<div id=\"sp-ea-1465\" class=\"sp-ea-one sp-easy-accordion\" data-ex-icon=\"fa-minus\" data-col-icon=\"fa-plus\"  data-ea-active=\"ea-click\"  data-ea-mode=\"vertical\" data-preloader=\"\"><div class=\"ea-card  sp-ea-single\"><h3 class=\"ea-header\"><a class=\"collapsed\" data-sptoggle=\"spcollapse\" data-sptarget=\"#collapse14650\" href=\"javascript:void(0)\"><i class=\"ea-expand-icon fa fa-plus\"><\/i> 1. Llena el formato de inscripci\u00f3n aqu\u00ed.<\/a><\/h3><div class=\"sp-collapse spcollapse spcollapse\" id=\"collapse14650\" data-parent=\"#sp-ea-1465\"><div class=\"ea-body\"> <p><iframe src=\"https:\/\/docs.google.com\/forms\/d\/1eWuwRFk_u2W-ZpZKC8ZXBaFtVtPAQbO0di2vPnUZS8o\/viewform?embedded=true\" width=\"640\" height=\"720\" frameborder=\"0\" marginwidth=\"0\" marginheight=\"0\">Carregando\u2026<\/iframe><\/p>\n <\/div><\/div><\/div><div class=\"ea-card  sp-ea-single\"><h3 class=\"ea-header\"><a class=\"collapsed\" data-sptoggle=\"spcollapse\" data-sptarget=\"#collapse14651\" href=\"javascript:void(0)\"><i class=\"ea-expand-icon fa fa-plus\"><\/i> 2. Realiza tu pago al darle click al bot\u00f3n \u00abcomprar ahora.\u00bb<\/a><\/h3><div class=\"sp-collapse spcollapse spcollapse\" id=\"collapse14651\" data-parent=\"#sp-ea-1465\"><div class=\"ea-body\"> <p><a href=\"https:\/\/www.paypal.com\/cgi-bin\/webscr?cmd=_s-xclick&hosted_button_id=WZE4QHGVXK5CA\" target=\"_blank\" rel=\"noopener\"><img class=\"wp-image-1466 size-full aligncenter\" src=\"https:\/\/eltrabajoquereconecta.org\/fl4m35\/wp-content\/uploads\/2021\/04\/paypal-1-300x90-1.jpe\" alt=\"\" width=\"300\" height=\"90\" \/><\/a><\/p>\n <\/div><\/div><\/div><\/div>\n\n\n\n<p><\/p>\n","protected":false},"excerpt":{"rendered":"<p>Las constelaciones sist\u00e9micas en di\u00e1logo con la perspectiva animista de las tradiciones cham\u00e1nicas conforman un potente aliado en la b\u00fasqueda de sanaci\u00f3n y despertar, poniendo de manifiesto las din\u00e1micas familiares y relacionales que informan nuestro diario vivir. Muchas veces, tales din\u00e1micas, tan vitales para lograr una mente clara y un coraz\u00f3n ligero, surgen de lealtades &#8230; <a title=\"Constelaciones sist\u00e9micas y chamanismos\" class=\"read-more\" href=\"https:\/\/eltrabajoquereconecta.org\/fl4m35\/es\/constelaciones-sistemicas-y-chamanismos\/\" aria-label=\"More on Constelaciones sist\u00e9micas y chamanismos\">Read more<\/a><\/p>\n","protected":false},"author":2,"featured_media":175,"parent":0,"menu_order":0,"comment_status":"closed","ping_status":"closed","template":"","meta":{"spay_email":""},"uagb_featured_image_src":{"full":["https:\/\/eltrabajoquereconecta.org\/fl4m35\/wp-content\/uploads\/2021\/04\/constelacioneschamanismosgde-1.jpg",1080,540,false],"thumbnail":["https:\/\/eltrabajoquereconecta.org\/fl4m35\/wp-content\/uploads\/2021\/04\/constelacioneschamanismosgde-1-150x150.jpg",150,150,true],"medium":["https:\/\/eltrabajoquereconecta.org\/fl4m35\/wp-content\/uploads\/2021\/04\/constelacioneschamanismosgde-1-300x150.jpg",300,150,true],"medium_large":["https:\/\/eltrabajoquereconecta.org\/fl4m35\/wp-content\/uploads\/2021\/04\/constelacioneschamanismosgde-1-768x384.jpg",768,384,true],"large":["https:\/\/eltrabajoquereconecta.org\/fl4m35\/wp-content\/uploads\/2021\/04\/constelacioneschamanismosgde-1-1024x512.jpg",1024,512,true],"1536x1536":["https:\/\/eltrabajoquereconecta.org\/fl4m35\/wp-content\/uploads\/2021\/04\/constelacioneschamanismosgde-1.jpg",1080,540,false],"2048x2048":["https:\/\/eltrabajoquereconecta.org\/fl4m35\/wp-content\/uploads\/2021\/04\/constelacioneschamanismosgde-1.jpg",1080,540,false]},"uagb_author_info":{"display_name":"adrianvg","author_link":"https:\/\/eltrabajoquereconecta.org\/fl4m35\/author\/adrianvg\/"},"uagb_comment_info":0,"uagb_excerpt":"Las constelaciones sist\u00e9micas en di\u00e1logo con la perspectiva animista de las tradiciones cham\u00e1nicas conforman un potente aliado en la b\u00fasqueda de sanaci\u00f3n y despertar, poniendo de manifiesto las din\u00e1micas familiares y relacionales que informan nuestro diario vivir. Muchas veces, tales din\u00e1micas, tan vitales para lograr una mente clara y un coraz\u00f3n ligero, surgen de lealtades&hellip;","_links":{"self":[{"href":"https:\/\/eltrabajoquereconecta.org\/fl4m35\/wp-json\/wp\/v2\/pages\/1843"}],"collection":[{"href":"https:\/\/eltrabajoquereconecta.org\/fl4m35\/wp-json\/wp\/v2\/pages"}],"about":[{"href":"https:\/\/eltrabajoquereconecta.org\/fl4m35\/wp-json\/wp\/v2\/types\/page"}],"author":[{"embeddable":true,"href":"https:\/\/eltrabajoquereconecta.org\/fl4m35\/wp-json\/wp\/v2\/users\/2"}],"replies":[{"embeddable":true,"href":"https:\/\/eltrabajoquereconecta.org\/fl4m35\/wp-json\/wp\/v2\/comments?post=1843"}],"version-history":[{"count":5,"href":"https:\/\/eltrabajoquereconecta.org\/fl4m35\/wp-json\/wp\/v2\/pages\/1843\/revisions"}],"predecessor-version":[{"id":2131,"href":"https:\/\/eltrabajoquereconecta.org\/fl4m35\/wp-json\/wp\/v2\/pages\/1843\/revisions\/2131"}],"wp:featuredmedia":[{"embeddable":true,"href":"https:\/\/eltrabajoquereconecta.org\/fl4m35\/wp-json\/wp\/v2\/media\/175"}],"wp:attachment":[{"href":"https:\/\/eltrabajoquereconecta.org\/fl4m35\/wp-json\/wp\/v2\/media?parent=1843"}],"curies":[{"name":"wp","href":"https:\/\/api.w.org\/{rel}","templated":true}]}}