{"id":18,"date":"2021-04-02T00:53:20","date_gmt":"2021-04-02T00:53:20","guid":{"rendered":"https:\/\/eltrabajoquereconecta.org\/fl4m35\/?page_id=18"},"modified":"2021-05-09T08:14:13","modified_gmt":"2021-05-09T08:14:13","slug":"bio","status":"publish","type":"page","link":"https:\/\/eltrabajoquereconecta.org\/fl4m35\/bio\/","title":{"rendered":"Adri\u00e1n Villase\u00f1or Galarza, PhD"},"content":{"rendered":"\n<div class=\"wp-block-cover alignfull has-background-dim\" style=\"min-height:360px\"><img loading=\"lazy\" width=\"1920\" height=\"1281\" class=\"wp-block-cover__image-background wp-image-1574\" alt=\"\" src=\"https:\/\/eltrabajoquereconecta.org\/fl4m35\/wp-content\/uploads\/2021\/05\/joshua-newton-Igct8iZucFI-unsplash-min-1-1.jpg\" style=\"object-position:50% 100%\" data-object-fit=\"cover\" data-object-position=\"50% 100%\" srcset=\"https:\/\/eltrabajoquereconecta.org\/fl4m35\/wp-content\/uploads\/2021\/05\/joshua-newton-Igct8iZucFI-unsplash-min-1-1.jpg 1920w, https:\/\/eltrabajoquereconecta.org\/fl4m35\/wp-content\/uploads\/2021\/05\/joshua-newton-Igct8iZucFI-unsplash-min-1-1-300x200.jpg 300w, https:\/\/eltrabajoquereconecta.org\/fl4m35\/wp-content\/uploads\/2021\/05\/joshua-newton-Igct8iZucFI-unsplash-min-1-1-1024x683.jpg 1024w, https:\/\/eltrabajoquereconecta.org\/fl4m35\/wp-content\/uploads\/2021\/05\/joshua-newton-Igct8iZucFI-unsplash-min-1-1-768x512.jpg 768w, https:\/\/eltrabajoquereconecta.org\/fl4m35\/wp-content\/uploads\/2021\/05\/joshua-newton-Igct8iZucFI-unsplash-min-1-1-1536x1025.jpg 1536w\" sizes=\"(max-width: 1920px) 100vw, 1920px\" \/><div class=\"wp-block-cover__inner-container\">\n<h1 class=\"alignwide has-text-align-center\">Adri\u00e1n Villase\u00f1or Galarza, PhD<\/h1>\n<\/div><\/div>\n\n\n\n<div class=\"wp-block-columns\">\n<div class=\"wp-block-column\">\n<div class=\"wp-block-image is-style-rounded\"><figure class=\"alignleft size-full is-resized\"><img loading=\"lazy\" src=\"https:\/\/eltrabajoquereconecta.org\/fl4m35\/wp-content\/uploads\/2021\/04\/adrian2020cuadradabaja.jpg\" alt=\"\" class=\"wp-image-218\" width=\"480\" height=\"480\" srcset=\"https:\/\/eltrabajoquereconecta.org\/fl4m35\/wp-content\/uploads\/2021\/04\/adrian2020cuadradabaja.jpg 1080w, https:\/\/eltrabajoquereconecta.org\/fl4m35\/wp-content\/uploads\/2021\/04\/adrian2020cuadradabaja-300x300.jpg 300w, https:\/\/eltrabajoquereconecta.org\/fl4m35\/wp-content\/uploads\/2021\/04\/adrian2020cuadradabaja-1024x1024.jpg 1024w, https:\/\/eltrabajoquereconecta.org\/fl4m35\/wp-content\/uploads\/2021\/04\/adrian2020cuadradabaja-150x150.jpg 150w, https:\/\/eltrabajoquereconecta.org\/fl4m35\/wp-content\/uploads\/2021\/04\/adrian2020cuadradabaja-768x768.jpg 768w\" sizes=\"(max-width: 480px) 100vw, 480px\" \/><\/figure><\/div>\n<\/div>\n\n\n\n<div class=\"wp-block-column is-vertically-aligned-center\">\n<p>I\u2019m <strong>passionate about human transformation in service of the living Earth<\/strong>, in order to uncover the regenerative expression of our<strong> deep potentials<\/strong>.<\/p>\n\n\n\n<p>I was <strong>born and raised in M\u00e9xico<\/strong>. This means, amongst other things, that my mixed heritage has called for a <strong>deepening and integration within myself of both old and new, up and down, North and South<\/strong>. My own blood ancestors come primarily from the Iberian Peninsula in Europe and the Nahua, Pur\u00e9pecha, and Nahua-Otom\u00ed peoples of <strong>pre-colonial M\u00e9xico<\/strong>.<\/p>\n<\/div>\n<\/div>\n\n\n\n<p class=\"less-margin-top\">I have been fortunate enough to <strong>travel and live in different places and countries<\/strong> for roughly half my life. This has shaped an <strong>encompassing and integrative approach to cultural, spiritual, and ecological issues<\/strong>.<\/p>\n\n\n\n<p>My work is considered&nbsp;a Latin American referent when it comes to <strong>Deep Ecology, Ecopsychology, <\/strong>and<strong> Earth-based spirituality<\/strong>.<\/p>\n\n\n\n<p>Inspired by my experiences with native traditions of the Americas, my contemplative practice and animistic sensibilities,<strong> I&nbsp;work with groups and individuals on Earth Reconnection, Soul Tending, Contemplative Living, and Ancestral Healing.<\/strong><\/p>\n\n\n\n<h3 class=\"has-text-align-center\">Studies<\/h3>\n\n\n\n<p>My academic studies have supported my passion throughout the seasons (<a href=\"http:\/\/www.living-flames.com\/v1\/wp-content\/uploads\/2018\/10\/AdrianVillasen%CC%83or-CV2018English.pdf\">see resume here<\/a>). In my<strong>&nbsp;PhD research<\/strong>&nbsp;I advanced an<strong>&nbsp;<a href=\"http:\/\/integral-review.org\/documents\/Villasenor-Galarza,%20Vol.%209,%20No.%203,%20CIIS%20Special%20Issue.pdf\">Integral Ecopsychology<\/a><\/strong>, fruit of the confluence of Eastern liberation teachings and the study of the human-nature connection, resulting in an <strong>elemental framework for self-discovery, healing, and sustainable actio<\/strong>n.<\/p>\n\n\n\n<h4 class=\"has-text-align-center\">Overall,<strong> my work is informed by three interconnected areas:<\/strong><\/h4>\n\n\n\n<section class=\"wp-block-uagb-columns uagb-columns__wrap uagb-columns__background-undefined uagb-columns__stack-mobile uagb-columns__valign-undefined uagb-columns__gap-10 alignundefined uagb-block-006d9ecb\"><div class=\"uagb-columns__overlay\"><\/div><div class=\"uagb-columns__inner-wrap uagb-columns__columns-3\">\n<div class=\"wp-block-uagb-column uagb-column__wrap uagb-column__background-undefined uagb-block-a2fe7010\"><div class=\"uagb-column__overlay\"><\/div><div class=\"uagb-column__inner-wrap\">\n<div class=\"wp-block-image is-style-rounded\"><figure class=\"aligncenter size-large is-resized\"><img loading=\"lazy\" src=\"https:\/\/eltrabajoquereconecta.org\/fl4m35\/wp-content\/uploads\/2021\/04\/naturesoul-edited.png\" alt=\"\" class=\"wp-image-456\" width=\"200\" height=\"200\" srcset=\"https:\/\/eltrabajoquereconecta.org\/fl4m35\/wp-content\/uploads\/2021\/04\/naturesoul-edited.png 266w, https:\/\/eltrabajoquereconecta.org\/fl4m35\/wp-content\/uploads\/2021\/04\/naturesoul-edited-150x150.png 150w\" sizes=\"(max-width: 200px) 100vw, 200px\" \/><\/figure><\/div>\n\n\n\n<h4 class=\"has-text-align-center\"><strong>1.<\/strong><br><strong>Earth Reconnection &amp;&nbsp;(Eco)systemic Psychologies<\/strong><\/h4>\n\n\n\n<p class=\"has-text-align-center\"><em>Informed by Ecopsychology, Deep Ecology and the Work That Reconnects, Depth Psychology and Myth, and Transpersonal Psychology.<\/em><\/p>\n<\/div><\/div>\n\n\n\n<div class=\"wp-block-uagb-column uagb-column__wrap uagb-column__background-undefined uagb-block-f377cdf3\"><div class=\"uagb-column__overlay\"><\/div><div class=\"uagb-column__inner-wrap\">\n<div class=\"wp-block-image is-style-rounded\"><figure class=\"aligncenter size-large is-resized\"><img loading=\"lazy\" src=\"https:\/\/eltrabajoquereconecta.org\/fl4m35\/wp-content\/uploads\/2021\/04\/housenet-edited.jpg\" alt=\"\" class=\"wp-image-457\" width=\"200\" height=\"200\" srcset=\"https:\/\/eltrabajoquereconecta.org\/fl4m35\/wp-content\/uploads\/2021\/04\/housenet-edited.jpg 271w, https:\/\/eltrabajoquereconecta.org\/fl4m35\/wp-content\/uploads\/2021\/04\/housenet-edited-150x150.jpg 150w\" sizes=\"(max-width: 200px) 100vw, 200px\" \/><\/figure><\/div>\n\n\n\n<h4 class=\"has-text-align-center\"><strong>2.<\/strong><br><strong><strong>Contemplative &amp; Spiritual Traditions<\/strong><\/strong><\/h4>\n\n\n\n<p class=\"has-text-align-center\"><em>In particular Eastern liberation teachings (Yoga, Tibetan Buddhism, Taoism), Contemplative Psychoterapy, and Western Wisdom Traditons that center on the import of direct experience.<\/em><\/p>\n<\/div><\/div>\n\n\n\n<div class=\"wp-block-uagb-column uagb-column__wrap uagb-column__background-undefined uagb-block-5a9b100e\"><div class=\"uagb-column__overlay\"><\/div><div class=\"uagb-column__inner-wrap\">\n<div class=\"wp-block-image is-style-rounded\"><figure class=\"aligncenter size-large is-resized\"><img loading=\"lazy\" src=\"https:\/\/eltrabajoquereconecta.org\/fl4m35\/wp-content\/uploads\/2021\/04\/thomas-bormans-HSzIqM2BuCQ-unsplash-edited-scaled.jpg\" alt=\"\" class=\"wp-image-458\" width=\"200\" height=\"200\" srcset=\"https:\/\/eltrabajoquereconecta.org\/fl4m35\/wp-content\/uploads\/2021\/04\/thomas-bormans-HSzIqM2BuCQ-unsplash-edited-scaled.jpg 2554w, https:\/\/eltrabajoquereconecta.org\/fl4m35\/wp-content\/uploads\/2021\/04\/thomas-bormans-HSzIqM2BuCQ-unsplash-edited-300x300.jpg 300w, https:\/\/eltrabajoquereconecta.org\/fl4m35\/wp-content\/uploads\/2021\/04\/thomas-bormans-HSzIqM2BuCQ-unsplash-edited-1021x1024.jpg 1021w, https:\/\/eltrabajoquereconecta.org\/fl4m35\/wp-content\/uploads\/2021\/04\/thomas-bormans-HSzIqM2BuCQ-unsplash-edited-150x150.jpg 150w, https:\/\/eltrabajoquereconecta.org\/fl4m35\/wp-content\/uploads\/2021\/04\/thomas-bormans-HSzIqM2BuCQ-unsplash-edited-768x770.jpg 768w, https:\/\/eltrabajoquereconecta.org\/fl4m35\/wp-content\/uploads\/2021\/04\/thomas-bormans-HSzIqM2BuCQ-unsplash-edited-1532x1536.jpg 1532w, https:\/\/eltrabajoquereconecta.org\/fl4m35\/wp-content\/uploads\/2021\/04\/thomas-bormans-HSzIqM2BuCQ-unsplash-edited-2043x2048.jpg 2043w\" sizes=\"(max-width: 200px) 100vw, 200px\" \/><\/figure><\/div>\n\n\n\n<h4 class=\"has-text-align-center\"><strong>3.<\/strong><br><strong><strong>Ancestral Healing &amp; Shamanisms<\/strong><\/strong><\/h4>\n\n\n\n<p class=\"has-text-align-center\"><em>Particularly the animistic traditions of the Americas, the use of ritual for transformation and healing, Family Constellations, and the therapeutic value of non-ordinary states of consciousness.<\/em><\/p>\n<\/div><\/div>\n<\/div><\/section>\n\n\n\n<h3 class=\"has-text-align-center\">Bioalchemy and the WTR<\/h3>\n\n\n\n<section class=\"wp-block-uagb-columns uagb-columns__wrap uagb-columns__background-undefined uagb-columns__stack-mobile uagb-columns__valign-undefined uagb-columns__gap-10 alignundefined uagb-block-46ba8926\"><div class=\"uagb-columns__overlay\"><\/div><div class=\"uagb-columns__inner-wrap uagb-columns__columns-2\">\n<div class=\"wp-block-uagb-column uagb-column__wrap uagb-column__background-undefined uagb-block-da8e6628\"><div class=\"uagb-column__overlay\"><\/div><div class=\"uagb-column__inner-wrap\">\n<div class=\"wp-block-image\"><figure class=\"aligncenter size-large is-resized\"><img loading=\"lazy\" src=\"https:\/\/eltrabajoquereconecta.org\/fl4m35\/wp-content\/uploads\/2021\/04\/bioalkimia.png\" alt=\"\" class=\"wp-image-499\" width=\"252\" height=\"116\" srcset=\"https:\/\/eltrabajoquereconecta.org\/fl4m35\/wp-content\/uploads\/2021\/04\/bioalkimia.png 503w, https:\/\/eltrabajoquereconecta.org\/fl4m35\/wp-content\/uploads\/2021\/04\/bioalkimia-300x138.png 300w\" sizes=\"(max-width: 252px) 100vw, 252px\" \/><\/figure><\/div>\n\n\n\n<p>I\u2019m the<strong> founder and director of the&nbsp;<a rel=\"noreferrer noopener\" href=\"http:\/\/www.bioalkimia.org\/v1\/en\/\" target=\"_blank\">Bioalchemy Institute<\/a><\/strong>, mostly active in M\u00e9xico and Latin America, a pioneering project<strong> dedicated to healing the relation between humans and the rest of nature<\/strong> based on an integral understanding of <strong>life and the cosmos<\/strong>.<\/p>\n<\/div><\/div>\n\n\n\n<div class=\"wp-block-uagb-column uagb-column__wrap uagb-column__background-undefined uagb-block-2cbbff43\"><div class=\"uagb-column__overlay\"><\/div><div class=\"uagb-column__inner-wrap\">\n<div class=\"wp-block-image\"><figure class=\"aligncenter size-large is-resized\"><img loading=\"lazy\" src=\"https:\/\/eltrabajoquereconecta.org\/fl4m35\/wp-content\/uploads\/2021\/04\/eltqr1-e1616253166466-1.png\" alt=\"\" class=\"wp-image-500\" width=\"301\" height=\"130\" srcset=\"https:\/\/eltrabajoquereconecta.org\/fl4m35\/wp-content\/uploads\/2021\/04\/eltqr1-e1616253166466-1.png 602w, https:\/\/eltrabajoquereconecta.org\/fl4m35\/wp-content\/uploads\/2021\/04\/eltqr1-e1616253166466-1-300x129.png 300w\" sizes=\"(max-width: 301px) 100vw, 301px\" \/><\/figure><\/div>\n\n\n\n<p>In addition, I\u2019m the <strong>seed originator of the&nbsp;<a rel=\"noreferrer noopener\" href=\"http:\/\/www.eltrabajoquereconecta.org\/\" target=\"_blank\">Work That Reconnects Latin America<\/a><\/strong>, initiative that assists Spanish speaking people from the Americas and beyond in <strong>reclaiming their true, wild place in the Earthly web of life<\/strong>.<\/p>\n<\/div><\/div>\n<\/div><\/section>\n\n\n\n<h3 class=\"has-text-align-center\">Books<\/h3>\n\n\n\n<p>I\u2019m the <strong>author<\/strong> of a handful of&nbsp;<a href=\"http:\/\/www.living-flames.com\/libros\/\">books<\/a>&nbsp;that explore a<strong> reverential, enchanted, and evolutionary perspective of humans and Earth<\/strong>, and I\u2019m the<strong> translator into Spanish of Joanna Macy\u2019s seminal book,&nbsp;<a rel=\"noreferrer noopener\" href=\"https:\/\/www.joannamacy.net\/main#publications\" target=\"_blank\"><em>Coming Back to Life<\/em><\/a><\/strong><a rel=\"noreferrer noopener\" href=\"https:\/\/www.joannamacy.net\/main#publications\" target=\"_blank\"><em>: The Updated Guide of the Work That Reconnects<\/em><\/a><strong>.<\/strong> <\/p>\n\n\n\n<div class=\"wp-block-jetpack-slideshow aligncenter\" data-effect=\"slide\"><div class=\"wp-block-jetpack-slideshow_container swiper-container\"><ul class=\"wp-block-jetpack-slideshow_swiper-wrapper swiper-wrapper\"><li class=\"wp-block-jetpack-slideshow_slide swiper-slide\"><figure><img loading=\"lazy\" width=\"333\" height=\"500\" alt=\"\" class=\"wp-block-jetpack-slideshow_image wp-image-183\" data-id=\"183\" src=\"https:\/\/eltrabajoquereconecta.org\/fl4m35\/wp-content\/uploads\/2021\/04\/bioalchemybookcover.jpg\" srcset=\"https:\/\/eltrabajoquereconecta.org\/fl4m35\/wp-content\/uploads\/2021\/04\/bioalchemybookcover.jpg 333w, https:\/\/eltrabajoquereconecta.org\/fl4m35\/wp-content\/uploads\/2021\/04\/bioalchemybookcover-200x300.jpg 200w\" sizes=\"(max-width: 333px) 100vw, 333px\" \/><\/figure><\/li><li class=\"wp-block-jetpack-slideshow_slide swiper-slide\"><figure><img loading=\"lazy\" width=\"640\" height=\"1024\" alt=\"\" class=\"wp-block-jetpack-slideshow_image wp-image-160\" data-id=\"160\" src=\"https:\/\/eltrabajoquereconecta.org\/fl4m35\/wp-content\/uploads\/2021\/04\/ebook-640x1024.jpg\" srcset=\"https:\/\/eltrabajoquereconecta.org\/fl4m35\/wp-content\/uploads\/2021\/04\/ebook-640x1024.jpg 640w, https:\/\/eltrabajoquereconecta.org\/fl4m35\/wp-content\/uploads\/2021\/04\/ebook-188x300.jpg 188w, https:\/\/eltrabajoquereconecta.org\/fl4m35\/wp-content\/uploads\/2021\/04\/ebook-768x1229.jpg 768w, https:\/\/eltrabajoquereconecta.org\/fl4m35\/wp-content\/uploads\/2021\/04\/ebook-960x1536.jpg 960w, https:\/\/eltrabajoquereconecta.org\/fl4m35\/wp-content\/uploads\/2021\/04\/ebook-1280x2048.jpg 1280w, https:\/\/eltrabajoquereconecta.org\/fl4m35\/wp-content\/uploads\/2021\/04\/ebook.jpg 1500w\" sizes=\"(max-width: 640px) 100vw, 640px\" \/><\/figure><\/li><li class=\"wp-block-jetpack-slideshow_slide swiper-slide\"><figure><img loading=\"lazy\" width=\"640\" height=\"1024\" alt=\"\" class=\"wp-block-jetpack-slideshow_image wp-image-159\" data-id=\"159\" src=\"https:\/\/eltrabajoquereconecta.org\/fl4m35\/wp-content\/uploads\/2021\/04\/ebook0-640x1024.jpg\" srcset=\"https:\/\/eltrabajoquereconecta.org\/fl4m35\/wp-content\/uploads\/2021\/04\/ebook0-640x1024.jpg 640w, https:\/\/eltrabajoquereconecta.org\/fl4m35\/wp-content\/uploads\/2021\/04\/ebook0-188x300.jpg 188w, https:\/\/eltrabajoquereconecta.org\/fl4m35\/wp-content\/uploads\/2021\/04\/ebook0-768x1229.jpg 768w, https:\/\/eltrabajoquereconecta.org\/fl4m35\/wp-content\/uploads\/2021\/04\/ebook0-960x1536.jpg 960w, https:\/\/eltrabajoquereconecta.org\/fl4m35\/wp-content\/uploads\/2021\/04\/ebook0-1280x2048.jpg 1280w, https:\/\/eltrabajoquereconecta.org\/fl4m35\/wp-content\/uploads\/2021\/04\/ebook0.jpg 1500w\" sizes=\"(max-width: 640px) 100vw, 640px\" \/><\/figure><\/li><li class=\"wp-block-jetpack-slideshow_slide swiper-slide\"><figure><img loading=\"lazy\" width=\"333\" height=\"500\" alt=\"\" class=\"wp-block-jetpack-slideshow_image wp-image-144\" data-id=\"144\" src=\"https:\/\/eltrabajoquereconecta.org\/fl4m35\/wp-content\/uploads\/2021\/04\/grangirocover.jpg\" srcset=\"https:\/\/eltrabajoquereconecta.org\/fl4m35\/wp-content\/uploads\/2021\/04\/grangirocover.jpg 333w, https:\/\/eltrabajoquereconecta.org\/fl4m35\/wp-content\/uploads\/2021\/04\/grangirocover-200x300.jpg 200w\" sizes=\"(max-width: 333px) 100vw, 333px\" \/><\/figure><\/li><li class=\"wp-block-jetpack-slideshow_slide swiper-slide\"><figure><img loading=\"lazy\" width=\"644\" height=\"1024\" alt=\"\" class=\"wp-block-jetpack-slideshow_image wp-image-108\" data-id=\"108\" src=\"https:\/\/eltrabajoquereconecta.org\/fl4m35\/wp-content\/uploads\/2021\/04\/portada_en-lowres-scaled-1-644x1024.jpg\" srcset=\"https:\/\/eltrabajoquereconecta.org\/fl4m35\/wp-content\/uploads\/2021\/04\/portada_en-lowres-scaled-1-644x1024.jpg 644w, https:\/\/eltrabajoquereconecta.org\/fl4m35\/wp-content\/uploads\/2021\/04\/portada_en-lowres-scaled-1-189x300.jpg 189w, https:\/\/eltrabajoquereconecta.org\/fl4m35\/wp-content\/uploads\/2021\/04\/portada_en-lowres-scaled-1-768x1221.jpg 768w, https:\/\/eltrabajoquereconecta.org\/fl4m35\/wp-content\/uploads\/2021\/04\/portada_en-lowres-scaled-1-966x1536.jpg 966w, https:\/\/eltrabajoquereconecta.org\/fl4m35\/wp-content\/uploads\/2021\/04\/portada_en-lowres-scaled-1-1288x2048.jpg 1288w, https:\/\/eltrabajoquereconecta.org\/fl4m35\/wp-content\/uploads\/2021\/04\/portada_en-lowres-scaled-1.jpg 1610w\" sizes=\"(max-width: 644px) 100vw, 644px\" \/><\/figure><\/li><li class=\"wp-block-jetpack-slideshow_slide swiper-slide\"><figure><img loading=\"lazy\" width=\"791\" height=\"1024\" alt=\"\" class=\"wp-block-jetpack-slideshow_image wp-image-107\" data-id=\"107\" src=\"https:\/\/eltrabajoquereconecta.org\/fl4m35\/wp-content\/uploads\/2021\/04\/Portada-GuiaTQR-baja-791x1024.jpg\" srcset=\"https:\/\/eltrabajoquereconecta.org\/fl4m35\/wp-content\/uploads\/2021\/04\/Portada-GuiaTQR-baja-791x1024.jpg 791w, https:\/\/eltrabajoquereconecta.org\/fl4m35\/wp-content\/uploads\/2021\/04\/Portada-GuiaTQR-baja-232x300.jpg 232w, https:\/\/eltrabajoquereconecta.org\/fl4m35\/wp-content\/uploads\/2021\/04\/Portada-GuiaTQR-baja-768x994.jpg 768w, https:\/\/eltrabajoquereconecta.org\/fl4m35\/wp-content\/uploads\/2021\/04\/Portada-GuiaTQR-baja.jpg 800w\" sizes=\"(max-width: 791px) 100vw, 791px\" \/><\/figure><\/li><li class=\"wp-block-jetpack-slideshow_slide swiper-slide\"><figure><img loading=\"lazy\" width=\"664\" height=\"1024\" alt=\"\" class=\"wp-block-jetpack-slideshow_image wp-image-520\" data-id=\"520\" src=\"https:\/\/eltrabajoquereconecta.org\/fl4m35\/wp-content\/uploads\/2021\/04\/portada_pt-664x1024.jpeg\" srcset=\"https:\/\/eltrabajoquereconecta.org\/fl4m35\/wp-content\/uploads\/2021\/04\/portada_pt-664x1024.jpeg 664w, https:\/\/eltrabajoquereconecta.org\/fl4m35\/wp-content\/uploads\/2021\/04\/portada_pt-195x300.jpeg 195w, https:\/\/eltrabajoquereconecta.org\/fl4m35\/wp-content\/uploads\/2021\/04\/portada_pt-768x1184.jpeg 768w, https:\/\/eltrabajoquereconecta.org\/fl4m35\/wp-content\/uploads\/2021\/04\/portada_pt-996x1536.jpeg 996w, https:\/\/eltrabajoquereconecta.org\/fl4m35\/wp-content\/uploads\/2021\/04\/portada_pt-1328x2048.jpeg 1328w, https:\/\/eltrabajoquereconecta.org\/fl4m35\/wp-content\/uploads\/2021\/04\/portada_pt.jpeg 1651w\" sizes=\"(max-width: 664px) 100vw, 664px\" \/><\/figure><\/li><li class=\"wp-block-jetpack-slideshow_slide swiper-slide\"><figure><img loading=\"lazy\" width=\"664\" height=\"1024\" alt=\"\" class=\"wp-block-jetpack-slideshow_image wp-image-110\" data-id=\"110\" src=\"https:\/\/eltrabajoquereconecta.org\/fl4m35\/wp-content\/uploads\/2021\/04\/portadabaja-664x1024.jpg\" srcset=\"https:\/\/eltrabajoquereconecta.org\/fl4m35\/wp-content\/uploads\/2021\/04\/portadabaja-664x1024.jpg 664w, https:\/\/eltrabajoquereconecta.org\/fl4m35\/wp-content\/uploads\/2021\/04\/portadabaja-194x300.jpg 194w, https:\/\/eltrabajoquereconecta.org\/fl4m35\/wp-content\/uploads\/2021\/04\/portadabaja-768x1185.jpg 768w, https:\/\/eltrabajoquereconecta.org\/fl4m35\/wp-content\/uploads\/2021\/04\/portadabaja-996x1536.jpg 996w, https:\/\/eltrabajoquereconecta.org\/fl4m35\/wp-content\/uploads\/2021\/04\/portadabaja-1328x2048.jpg 1328w, https:\/\/eltrabajoquereconecta.org\/fl4m35\/wp-content\/uploads\/2021\/04\/portadabaja.jpg 1650w\" sizes=\"(max-width: 664px) 100vw, 664px\" \/><\/figure><\/li><li class=\"wp-block-jetpack-slideshow_slide swiper-slide\"><figure><img loading=\"lazy\" width=\"644\" height=\"1024\" alt=\"\" class=\"wp-block-jetpack-slideshow_image wp-image-521\" data-id=\"521\" src=\"https:\/\/eltrabajoquereconecta.org\/fl4m35\/wp-content\/uploads\/2021\/04\/portada_pt-644x1024.jpg\" srcset=\"https:\/\/eltrabajoquereconecta.org\/fl4m35\/wp-content\/uploads\/2021\/04\/portada_pt-644x1024.jpg 644w, https:\/\/eltrabajoquereconecta.org\/fl4m35\/wp-content\/uploads\/2021\/04\/portada_pt-189x300.jpg 189w, https:\/\/eltrabajoquereconecta.org\/fl4m35\/wp-content\/uploads\/2021\/04\/portada_pt-768x1221.jpg 768w, https:\/\/eltrabajoquereconecta.org\/fl4m35\/wp-content\/uploads\/2021\/04\/portada_pt-966x1536.jpg 966w, https:\/\/eltrabajoquereconecta.org\/fl4m35\/wp-content\/uploads\/2021\/04\/portada_pt-1288x2048.jpg 1288w, https:\/\/eltrabajoquereconecta.org\/fl4m35\/wp-content\/uploads\/2021\/04\/portada_pt-scaled.jpg 1610w\" sizes=\"(max-width: 644px) 100vw, 644px\" \/><\/figure><\/li><\/ul><a class=\"wp-block-jetpack-slideshow_button-prev swiper-button-prev swiper-button-white\" role=\"button\"><\/a><a class=\"wp-block-jetpack-slideshow_button-next swiper-button-next swiper-button-white\" role=\"button\"><\/a><a aria-label=\"Pause Slideshow\" class=\"wp-block-jetpack-slideshow_button-pause\" role=\"button\"><\/a><div class=\"wp-block-jetpack-slideshow_pagination swiper-pagination swiper-pagination-white\"><\/div><\/div><\/div>\n\n\n\n<h3 class=\"has-text-align-center\">Teaching &amp; Sessions<\/h3>\n\n\n\n<p>I\u2019ve offered<strong>&nbsp;<a href=\"http:\/\/www.living-flames.com\/educacion\/\">workshops<\/a>&nbsp;and talks <\/strong>internationally on Earth-based spirituality, Ecopsychology &amp; Systemic Therapy, Ritual, Integral Education, and Systems View of Life over the past 15 years, both <strong>to the general public and academic audiences<\/strong>. <\/p>\n\n\n\n<p>I\u2019ve offered&nbsp;<a href=\"http:\/\/www.living-flames.com\/sessions\/\"><strong>one-on-one sessions<\/strong><\/a>&nbsp;for the past 6 years through a contemplative, eco-systemic, animistic, and transpersonal lens.<\/p>\n\n\n\n<h3 class=\"has-text-align-center\">Roots &amp; Inspiration<\/h3>\n\n\n\n<p>The <strong>lineages of beauty, wisdom, and compassion<\/strong> that I\u2019ve honored since my teens serve as the guiding force behind my yearning for personal transformation and socio-ecological viability. <\/p>\n\n\n\n<p>These lineages and schools include: <strong>Mexican animism, Tibetan Buddhism &amp; Yoga, Native American teachings, Taoism, and Central and South American plant shamanism and ritual<\/strong>. I\u2019m a <strong>Reiki<\/strong> master and a practitioner of <strong>contemplative disciplines<\/strong>, with studies in the US, India, and China.<\/p>\n","protected":false},"excerpt":{"rendered":"<p>I\u2019m passionate about human transformation in service of the living Earth, in order to uncover the regenerative expression of our deep potentials. I was born and raised in M\u00e9xico. This means, amongst other things, that my mixed heritage has called for a deepening and integration within myself of both old and new, up and down, &#8230; <a title=\"Adri\u00e1n Villase\u00f1or Galarza, PhD\" class=\"read-more\" href=\"https:\/\/eltrabajoquereconecta.org\/fl4m35\/bio\/\" aria-label=\"More on Adri\u00e1n Villase\u00f1or Galarza, PhD\">Read more<\/a><\/p>\n","protected":false},"author":2,"featured_media":0,"parent":0,"menu_order":0,"comment_status":"closed","ping_status":"closed","template":"","meta":{"spay_email":""},"uagb_featured_image_src":{"full":false,"thumbnail":false,"medium":false,"medium_large":false,"large":false,"1536x1536":false,"2048x2048":false},"uagb_author_info":{"display_name":"adrianvg","author_link":"https:\/\/eltrabajoquereconecta.org\/fl4m35\/author\/adrianvg\/"},"uagb_comment_info":0,"uagb_excerpt":"I\u2019m passionate about human transformation in service of the living Earth, in order to uncover the regenerative expression of our deep potentials. I was born and raised in M\u00e9xico. This means, amongst other things, that my mixed heritage has called for a deepening and integration within myself of both old and new, up and down,&hellip;","_links":{"self":[{"href":"https:\/\/eltrabajoquereconecta.org\/fl4m35\/wp-json\/wp\/v2\/pages\/18"}],"collection":[{"href":"https:\/\/eltrabajoquereconecta.org\/fl4m35\/wp-json\/wp\/v2\/pages"}],"about":[{"href":"https:\/\/eltrabajoquereconecta.org\/fl4m35\/wp-json\/wp\/v2\/types\/page"}],"author":[{"embeddable":true,"href":"https:\/\/eltrabajoquereconecta.org\/fl4m35\/wp-json\/wp\/v2\/users\/2"}],"replies":[{"embeddable":true,"href":"https:\/\/eltrabajoquereconecta.org\/fl4m35\/wp-json\/wp\/v2\/comments?post=18"}],"version-history":[{"count":74,"href":"https:\/\/eltrabajoquereconecta.org\/fl4m35\/wp-json\/wp\/v2\/pages\/18\/revisions"}],"predecessor-version":[{"id":2011,"href":"https:\/\/eltrabajoquereconecta.org\/fl4m35\/wp-json\/wp\/v2\/pages\/18\/revisions\/2011"}],"wp:attachment":[{"href":"https:\/\/eltrabajoquereconecta.org\/fl4m35\/wp-json\/wp\/v2\/media?parent=18"}],"curies":[{"name":"wp","href":"https:\/\/api.w.org\/{rel}","templated":true}]}}