{"id":1768,"date":"2021-05-08T13:52:49","date_gmt":"2021-05-08T13:52:49","guid":{"rendered":"https:\/\/eltrabajoquereconecta.org\/fl4m35\/?page_id=1768"},"modified":"2021-05-09T20:49:24","modified_gmt":"2021-05-09T20:49:24","slug":"estados-no-ordinarios-de-conciencia","status":"publish","type":"page","link":"https:\/\/eltrabajoquereconecta.org\/fl4m35\/es\/estados-no-ordinarios-de-conciencia\/","title":{"rendered":"Estados no ordinarios de conciencia"},"content":{"rendered":"\n<div class=\"wp-block-cover alignfull\" style=\"min-height:420px\"><img loading=\"lazy\" width=\"1080\" height=\"540\" class=\"wp-block-cover__image-background wp-image-1770\" alt=\"\" src=\"https:\/\/eltrabajoquereconecta.org\/fl4m35\/wp-content\/uploads\/2021\/05\/14-1.png\" style=\"object-position:93% 2%\" data-object-fit=\"cover\" data-object-position=\"93% 2%\" srcset=\"https:\/\/eltrabajoquereconecta.org\/fl4m35\/wp-content\/uploads\/2021\/05\/14-1.png 1080w, https:\/\/eltrabajoquereconecta.org\/fl4m35\/wp-content\/uploads\/2021\/05\/14-1-300x150.png 300w, https:\/\/eltrabajoquereconecta.org\/fl4m35\/wp-content\/uploads\/2021\/05\/14-1-1024x512.png 1024w, https:\/\/eltrabajoquereconecta.org\/fl4m35\/wp-content\/uploads\/2021\/05\/14-1-768x384.png 768w\" sizes=\"(max-width: 1080px) 100vw, 1080px\" \/><div class=\"wp-block-cover__inner-container\">\n<p class=\"has-text-align-center has-large-font-size\"><\/p>\n<\/div><\/div>\n\n\n\n<h3 class=\"has-text-align-center\">3 DE AGOSTO AL 7 DE SEPTIEMBRE<\/h3>\n\n\n\n<h4>Los estados ampliados de conciencia han sido un&nbsp;<strong>aliado extraordinario para explorar la profundidad de la mente,<\/strong>&nbsp;as\u00ed como para&nbsp;<strong>profundizar la relaci\u00f3n con la naturaleza, los ancestros y comprender las se\u00f1ales del cosmos<\/strong>. Este tipo de estados de conciencia han sido estigmatizados, especialmente cuando se asocian con el uso de sustancias psicod\u00e9licas. Sin embargo, en la \u00faltima d\u00e9cada ha surgido un renovado inter\u00e9s por este tipo de estados de la mente, su relaci\u00f3n con ciertas sustancias y los efectos positivos que parecieran tener en la salud mental.<\/h4>\n\n\n\n<h4>A trav\u00e9s de una revisi\u00f3n de algunos conceptos principales, combinado con algunas pr\u00e1cticas y tareas, exploraremos&nbsp;<strong>qu\u00e9 son los estados ampliados de conciencia, su fenomenolog\u00eda<\/strong>,&nbsp;<strong>su relevancia en los procesos de curaci\u00f3n psicol\u00f3gica y f\u00edsica<\/strong>&nbsp;y los beneficios que suponen para la humanidad en su conjunto.<\/h4>\n\n\n\n<h2 class=\"has-text-align-center\">Exploraremos:<\/h2>\n\n\n\n<ul><li>Una mirada comprensiva y despatologizante de los estados no ordinarios de conciencia.<\/li><li>Los potenciales beneficios y riesgos de las pr\u00e1cticas que utilizan los estados no ordinarios de conciencia como m\u00e9todo de intervenci\u00f3n.<\/li><li>Algunas claves para la exploraci\u00f3n segura con estados no ordinarios de conciencia.<\/li><li>V\u00edas para la integraci\u00f3n de este tipo de experiencias.<\/li><li>Pr\u00e1cticas que puedes incorporar en tu vida personal y en tu trabajo en caso que te dediques al campo de la sanaci\u00f3n y la salud mental.<\/li><\/ul>\n\n\n\n<hr class=\"wp-block-separator is-style-dots\"\/>\n\n\n\n<h2 class=\"has-text-align-center\"><strong>Estructura<\/strong><\/h2>\n\n\n\n<h4>l curso consta de&nbsp;<strong>6 sesiones en vivo y<\/strong>&nbsp;<strong>4 sesiones de acompa\u00f1amiento<\/strong>, en las que combinaremos&nbsp;<strong>presentaciones, di\u00e1logo, meditaciones, pr\u00e1cticas y ejercicios reflexivos.<\/strong><\/h4>\n\n\n\n<section class=\"wp-block-uagb-columns uagb-columns__wrap uagb-columns__background-undefined uagb-columns__stack-mobile uagb-columns__valign-center uagb-columns__gap-10 alignundefined uagb-block-7201dcc4\"><div class=\"uagb-columns__overlay\"><\/div><div class=\"uagb-columns__inner-wrap uagb-columns__columns-2\">\n<div class=\"wp-block-uagb-column uagb-column__wrap uagb-column__background-color uagb-block-1515d738\"><div class=\"uagb-column__overlay\"><\/div><div class=\"uagb-column__inner-wrap\">\n<h4 class=\"has-text-align-center\"><strong>4 clases de 2 horas<\/strong><\/h4>\n\n\n\n<p class=\"has-text-align-center\">Una por semana. Las sesiones ser\u00e1n grabadas para su posterior consulta).<\/p>\n<\/div><\/div>\n\n\n\n<div class=\"wp-block-uagb-column uagb-column__wrap uagb-column__background-color uagb-block-f4ac0ecf\"><div class=\"uagb-column__overlay\"><\/div><div class=\"uagb-column__inner-wrap\">\n<h4 class=\"has-text-align-center has-black-color has-text-color\"><strong><strong>1 sesi\u00f3n experiencial de 3 horas<\/strong><\/strong><\/h4>\n<\/div><\/div>\n<\/div><\/section>\n\n\n\n<section class=\"wp-block-uagb-columns uagb-columns__wrap uagb-columns__background-undefined uagb-columns__stack-mobile uagb-columns__valign-center uagb-columns__gap-10 alignundefined uagb-block-46a85479\"><div class=\"uagb-columns__overlay\"><\/div><div class=\"uagb-columns__inner-wrap uagb-columns__columns-2\">\n<div class=\"wp-block-uagb-column uagb-column__wrap uagb-column__background-color uagb-block-4594ee52\"><div class=\"uagb-column__overlay\"><\/div><div class=\"uagb-column__inner-wrap\">\n<h4 class=\"has-text-align-center\"><strong><strong>4 sesiones de acompa\u00f1amiento<\/strong><\/strong><\/h4>\n<\/div><\/div>\n\n\n\n<div class=\"wp-block-uagb-column uagb-column__wrap uagb-column__background-color uagb-block-9a15bf22\"><div class=\"uagb-column__overlay\"><\/div><div class=\"uagb-column__inner-wrap\">\n<h4 class=\"has-text-align-center has-black-color has-text-color\"><strong><strong><strong>&nbsp;1 clase de integraci\u00f3n<\/strong><\/strong><\/strong><\/h4>\n\n\n\n<h4 class=\"has-text-align-center has-black-color has-text-color\">enteramente dedicada a preguntas y reflexiones<\/h4>\n<\/div><\/div>\n<\/div><\/section>\n\n\n\n<section class=\"wp-block-uagb-columns uagb-columns__wrap uagb-columns__background-undefined uagb-columns__stack-mobile uagb-columns__valign-center uagb-columns__gap-10 alignundefined uagb-block-4e4612cc\"><div class=\"uagb-columns__overlay\"><\/div><div class=\"uagb-columns__inner-wrap uagb-columns__columns-2\">\n<div class=\"wp-block-uagb-column uagb-column__wrap uagb-column__background-color uagb-block-ff58e93d\"><div class=\"uagb-column__overlay\"><\/div><div class=\"uagb-column__inner-wrap\">\n<h4 class=\"has-text-align-center\"><strong><strong><strong><strong>Material de apoyo y pr\u00e1cticas semanales<\/strong><\/strong><\/strong><\/strong><\/h4>\n<\/div><\/div>\n\n\n\n<div class=\"wp-block-uagb-column uagb-column__wrap uagb-column__background-color uagb-block-41d9f097\"><div class=\"uagb-column__overlay\"><\/div><div class=\"uagb-column__inner-wrap\">\n<h4 class=\"has-text-align-center has-black-color has-text-color\"><strong><strong><strong><strong><strong>Contacto constante con la comunidad de aprendizaje a trav\u00e9s del aula virtual<\/strong><\/strong><\/strong><\/strong><\/strong><\/h4>\n<\/div><\/div>\n<\/div><\/section>\n\n\n\n<section class=\"wp-block-uagb-columns uagb-columns__wrap uagb-columns__background-undefined uagb-columns__stack-mobile uagb-columns__valign-center uagb-columns__gap-10 alignundefined uagb-block-a1b94e60\"><div class=\"uagb-columns__overlay\"><\/div><div class=\"uagb-columns__inner-wrap uagb-columns__columns-1\">\n<div class=\"wp-block-uagb-column uagb-column__wrap uagb-column__background-color uagb-block-3ec8bb6f\"><div class=\"uagb-column__overlay\"><\/div><div class=\"uagb-column__inner-wrap\">\n<h3 class=\"has-text-align-center has-black-color has-text-color\">Curriculum<\/h3>\n\n\n\n<h4 class=\"has-black-color has-text-color\"><strong>1.<\/strong> Estados no ordinarios de conciencia en la historia humana<\/h4>\n\n\n\n<h4 class=\"has-black-color has-text-color\"><strong>2. <\/strong>Caracter\u00edsticas de los estados no ordinarios de conciencia<\/h4>\n\n\n\n<h4 class=\"has-black-color has-text-color\"><strong>3. <\/strong>Fenomenolog\u00eda de los estados no ordinarios<\/h4>\n\n\n\n<h4 class=\"has-black-color has-text-color\"><strong>4. <\/strong>Promesas y peligros<\/h4>\n\n\n\n<h4 class=\"has-black-color has-text-color\"><strong>5. <\/strong>Algunas claves para acompa\u00f1ar estados no ordinari<\/h4>\n\n\n\n<h4 class=\"has-black-color has-text-color\"><strong>6. <\/strong>Integraci\u00f3n de experiencias<\/h4>\n<\/div><\/div>\n<\/div><\/section>\n\n\n\n<hr class=\"wp-block-separator is-style-dots\"\/>\n\n\n\n<h2 class=\"has-text-align-center\"><strong>Detalles<\/strong><\/h2>\n\n\n\n<p>Nos reuniremos un&nbsp;<strong>total de 10 veces entre el 3 de agosto y el 7 de septiembre<\/strong>&nbsp;(5 sesiones de 2 horas, 1 sesi\u00f3n experiencial de 2.5 a 3 horas y 4 sesiones de acompa\u00f1amiento). Cada clase incluye material de apoyo y pr\u00e1cticas. Aproximadamente cada dos semanas habr\u00e1 dos sesiones de acompa\u00f1amiento de entre 1 y 1.5 horas durante la misma semana que la sesi\u00f3n de los martes, adem\u00e1s de incluir una sesi\u00f3n experiencial de tres horas (s\u00e1bado). Finalizaremos el curso con una sesi\u00f3n de integraci\u00f3n (ver Calendario).<\/p>\n\n\n\n<p>Las sesiones en vivo y los grupos de acompa\u00f1amiento tienen lugar a trav\u00e9s de la plataforma&nbsp;<a href=\"https:\/\/zoom.us\/\" target=\"_blank\" rel=\"noreferrer noopener\"><strong>Zoom<\/strong><\/a>. La plataforma educativa&nbsp;<a href=\"https:\/\/new.edmodo.com\/\" target=\"_blank\" rel=\"noreferrer noopener\"><strong>Edmodo<\/strong><\/a>&nbsp;hospedar\u00e1 los contenidos tem\u00e1ticos y servir\u00e1 como espacio de interacci\u00f3n. Te recomendamos darte un tiempo para familiarizarte con estas simples tecnolog\u00edas antes del comienzo del curso.<\/p>\n\n\n\n<section class=\"wp-block-uagb-columns uagb-columns__wrap uagb-columns__background-undefined uagb-columns__stack-mobile uagb-columns__valign-center uagb-columns__gap-10 alignundefined uagb-block-fb6947a3\"><div class=\"uagb-columns__overlay\"><\/div><div class=\"uagb-columns__inner-wrap uagb-columns__columns-2\">\n<div class=\"wp-block-uagb-column uagb-column__wrap uagb-column__background-color uagb-block-a641b5aa\"><div class=\"uagb-column__overlay\"><\/div><div class=\"uagb-column__inner-wrap\">\n<h4 class=\"has-text-align-center has-black-color has-text-color\">Horario sesiones de los martes<br>(3, 10, 17, 24, 31 de agosto)<\/h4>\n\n\n\n<h4 class=\"has-text-align-center\"><em><strong>5:00 pm EUA, PST<\/strong><\/em><\/h4>\n\n\n\n<h4 class=\"has-text-align-center\"><em><strong>7:00 pm M\u00e9xico central<\/strong><\/em><\/h4>\n\n\n\n<h4 class=\"has-text-align-center\"><em><strong>7:00 pm Bogot\u00e1<\/strong><\/em><\/h4>\n\n\n\n<h4 class=\"has-text-align-center\"><em><strong>8:00 pm Santiago de Chile<\/strong><\/em><\/h4>\n\n\n\n<h4 class=\"has-text-align-center\"><em><strong>9:00 pm Brasilia<\/strong><\/em><\/h4>\n<\/div><\/div>\n\n\n\n<div class=\"wp-block-uagb-column uagb-column__wrap uagb-column__background-color uagb-block-d91fa24a\"><div class=\"uagb-column__overlay\"><\/div><div class=\"uagb-column__inner-wrap\">\n<h4 class=\"has-text-align-center has-black-color has-text-color\">Horario sesi\u00f3n experiencial<br>(s\u00e1bado 28 de agosto)<\/h4>\n\n\n\n<h4 class=\"has-text-align-center\"><em><strong>9:00 am EUA, PST<\/strong><\/em><\/h4>\n\n\n\n<h4 class=\"has-text-align-center\"><em><strong>11:00 am M\u00e9xico central<\/strong><\/em><\/h4>\n\n\n\n<h4 class=\"has-text-align-center\"><em><strong>11:00 pm Bogot\u00e1<\/strong><\/em><\/h4>\n\n\n\n<h4 class=\"has-text-align-center\"><em><strong>12:00 pm Santiago de Chile<\/strong><\/em><\/h4>\n\n\n\n<h4 class=\"has-text-align-center\"><em><strong>1:00 pm Brasilia<\/strong><\/em><\/h4>\n<\/div><\/div>\n<\/div><\/section>\n\n\n\n<hr class=\"wp-block-separator is-style-dots\"\/>\n\n\n\n<h2 class=\"has-text-align-center\"><strong>Calendario<\/strong><\/h2>\n\n\n\n<figure class=\"wp-block-table aligncenter is-style-stripes margin-sides-2\"><table class=\"has-fixed-layout\"><thead><tr><th class=\"has-text-align-right\" data-align=\"right\">Date<\/th><th class=\"has-text-align-left\" data-align=\"left\"><strong>Topic<\/strong><\/th><\/tr><\/thead><tbody><tr><td class=\"has-text-align-right\" data-align=\"right\">August 3<\/td><td class=\"has-text-align-left\" data-align=\"left\"><strong><em><strong><em>Sesi\u00f3n<\/em><\/strong> 1<\/em><\/strong><\/td><\/tr><tr><td class=\"has-text-align-right\" data-align=\"right\">10 de agosto<\/td><td class=\"has-text-align-left\" data-align=\"left\"><strong><em><strong><em>Sesi\u00f3n<\/em><\/strong> 2<\/em><\/strong><\/td><\/tr><tr><td class=\"has-text-align-right\" data-align=\"right\">12-14 de agosto<\/td><td class=\"has-text-align-left\" data-align=\"left\"><strong><em><strong><em>Acompa\u00f1amiento<\/em><\/strong> 1 y 2<\/em><\/strong><\/td><\/tr><tr><td class=\"has-text-align-right\" data-align=\"right\">17 de agosto<\/td><td class=\"has-text-align-left\" data-align=\"left\"><strong><em><strong><em>Sesi\u00f3n<\/em><\/strong> 3<\/em><\/strong><\/td><\/tr><tr><td class=\"has-text-align-right\" data-align=\"right\">24 de agosto<\/td><td class=\"has-text-align-left\" data-align=\"left\"><strong><em><strong><em>Sesi\u00f3n<\/em><\/strong> 4<\/em><\/strong><\/td><\/tr><tr><td class=\"has-text-align-right\" data-align=\"right\">28 de agosto<\/td><td class=\"has-text-align-left\" data-align=\"left\"><strong><em><strong><em>Sesi\u00f3n<\/em><\/strong> 5<\/em><\/strong> <em>(experiental)<\/em><\/td><\/tr><tr><td class=\"has-text-align-right\" data-align=\"right\">2-4 de septiembre<\/td><td class=\"has-text-align-left\" data-align=\"left\"><strong><em><strong><em>Acompa\u00f1amiento<\/em><\/strong> 3 y 4<\/em><\/strong><\/td><\/tr><tr><td class=\"has-text-align-right\" data-align=\"right\">7 de septiembre<\/td><td class=\"has-text-align-left\" data-align=\"left\"><strong><em><strong><em>Sesi\u00f3n<\/em><\/strong> 6 <\/em><\/strong><em>(integraci\u00f3n)<\/em><\/td><\/tr><\/tbody><\/table><\/figure>\n\n\n\n<hr class=\"wp-block-separator is-style-dots\"\/>\n\n\n\n<h3 class=\"has-text-align-center\">\u00bfPara qui\u00e9n est\u00e1 dirigido?<\/h3>\n\n\n\n<p>El curso est\u00e1 dirigido a terapeutas, psic\u00f3logos, trabajadores sociales, ritualistas, coaches, profesionales de la salud y de la ense\u00f1anza y a toda persona con inter\u00e9s en el camino de la salud del alma, el desarrollo personal y el bienestar psico-emocional personal y familiar.<\/p>\n\n\n\n<hr class=\"wp-block-separator is-style-dots\"\/>\n\n\n\n<h2 class=\"has-text-align-center\"><strong><strong>Facilitaci\u00f3n<\/strong><\/strong><\/h2>\n\n\n\n<div class=\"wp-block-uagb-info-box uagb-infobox__outer-wrap uagb-block-28fb8462\"><div class=\"uagb-infobox__content-wrap uagb-infobox uagb-infobox-has-image uagb-infobox-icon-left uagb-infobox-left uagb-infobox-stacked-tablet uagb-infobox-image-valign-top uagb-infobox-enable-border-radius \"><div class=\"uagb-ifb-left-right-wrap\"><div class=\"uagb-ifb-image-icon-content uagb-ifb-imgicon-wrap\"><div class=\"uagb-ifb-image\"><div class=\"uagb-ifb-image-content\"><img class=\"uagb-ifb-img-src\" src=\"https:\/\/eltrabajoquereconecta.org\/fl4m35\/wp-content\/uploads\/2021\/04\/adrianredonda-2.png\" alt=\"\"\/><\/div><\/div><\/div><div class=\"uagb-ifb-content\"><div class=\"uagb-ifb-title-wrap\"><h3 class=\"uagb-ifb-title\">Adri\u00e1n Villase\u00f1or Galarza<\/h3><\/div><div class=\"uagb-ifb-separator-parent\"><div class=\"uagb-ifb-separator\"><\/div><\/div><div class=\"uagb-ifb-text-wrap\"><p class=\"uagb-ifb-desc\">Adri\u00e1n es facilitador internacional, autor, colaborador acad\u00e9mico, (eco)terapeuta sist\u00e9mico y transpersonal y practicante contemplativo. Cuenta con una maestr\u00eda en Ciencia Hol\u00edstica (Reino Unido) y un doctorado en Ecolog\u00eda, Psicolog\u00eda y Conciencia (EUA), a la par de haberse formado en psicoterapia contemplativa (EUA) y terapia sist\u00e9mica y transpersonal (Espa\u00f1a, M\u00e9xico). <br><br>El trabajo de Adri\u00e1n es considerado un referente latinoamericano en ecolog\u00eda profunda, ecopsicolog\u00eda y espiritualidad de la Tierra. Su labor est\u00e1 inspirada por sus experiencias con tradiciones originarias de las Am\u00e9ricas, as\u00ed como por su pr\u00e1ctica contemplativa y sensibilidad anim\u00edstica (<a rel=\"noreferrer noopener\" href=\"http:\/\/www.living-flames.com\/es\/adrian-villasenor-galarza\/\" target=\"_blank\">da click aqu\u00ed<\/a>&nbsp;para saber m\u00e1s de Adri\u00e1n).<br><br><a rel=\"noreferrer noopener\" href=\"http:\/\/living-flames.com\/\" target=\"_blank\">living-flames.com<\/a>&nbsp;\u2013&nbsp;<a rel=\"noreferrer noopener\" href=\"http:\/\/bioalkimia.org\/\" target=\"_blank\">bioalkimia.org<\/a>&nbsp;\u2013&nbsp;<a rel=\"noreferrer noopener\" href=\"http:\/\/eltrabajoquereconecta.org\/\" target=\"_blank\">eltrabajoquereconecta.org<\/a>&nbsp;\u2013 info@living-flames.com<\/p><\/div><\/div><\/div><\/div><\/div>\n\n\n\n<div class=\"wp-block-uagb-info-box uagb-infobox__outer-wrap uagb-block-0668f854\"><div class=\"uagb-infobox__content-wrap uagb-infobox uagb-infobox-has-image uagb-infobox-icon-left uagb-infobox-left uagb-infobox-stacked-tablet uagb-infobox-image-valign-top uagb-infobox-enable-border-radius \"><div class=\"uagb-ifb-left-right-wrap\"><div class=\"uagb-ifb-image-icon-content uagb-ifb-imgicon-wrap\"><div class=\"uagb-ifb-image\"><div class=\"uagb-ifb-image-content\"><img class=\"uagb-ifb-img-src\" src=\"https:\/\/eltrabajoquereconecta.org\/fl4m35\/wp-content\/uploads\/2021\/04\/feliperedonda.png\" alt=\"\"\/><\/div><\/div><\/div><div class=\"uagb-ifb-content\"><div class=\"uagb-ifb-title-wrap\"><h3 class=\"uagb-ifb-title\"><strong><em>Felipe Landaeta Farizo<\/em><\/strong><\/h3><\/div><div class=\"uagb-ifb-separator-parent\"><div class=\"uagb-ifb-separator\"><\/div><\/div><div class=\"uagb-ifb-text-wrap\"><p class=\"uagb-ifb-desc\">Psic\u00f3logo, profesor de la Univ. Adolfo Ib\u00e1\u00f1ez (Chile) desde 2009. PhD en Psicolog\u00eda Transpersonal e Integral del California Institute of Integral Studies (EUA). Se ha formado en diferentes m\u00e9todos experienciales de terapia como Focusing, Respiraci\u00f3n Holotr\u00f3pica, Constelaciones Sist\u00e9micas, EMDR y ha tenido experiencia personal meditativa y con tradiciones nativas durante los \u00faltimos 15 a\u00f1os. <br><br>Desde 2010 facilita sesiones de Respiraci\u00f3n Holotr\u00f3pica y desde 2009 realiza atenci\u00f3n de pacientes. En 2019 conduce el estudio \u201cEl impacto de El Trabajo que Reconecta de Joanna Macy\u201d (<a rel=\"noreferrer noopener\" href=\"https:\/\/holotropica.cl\/quienes-somos\/\" target=\"_blank\">da click aqu\u00ed<\/a>&nbsp;para saber m\u00e1s de Felipe).<br><br><a rel=\"noreferrer noopener\" href=\"http:\/\/holotropica.cl\/\" target=\"_blank\">holotropica.cl<\/a>&nbsp;\u2013 felipe.landaeta@uai.cl<\/p><\/div><\/div><\/div><\/div><\/div>\n\n\n\n<hr class=\"wp-block-separator is-style-dots\"\/>\n\n\n\n<h2 class=\"has-text-align-center\"><strong>Inversi\u00f3n<\/strong><\/h2>\n\n\n\n<p>La inversi\u00f3n por la totalidad del curso es de&nbsp;<\/p>\n\n\n\n<ul><li><strong>$175.00 d\u00f3lares estadounidenses<\/strong>&nbsp;(USD)<\/li><li><strong>$3500 pesos mexicanos<\/strong>&nbsp;(MXN)<\/li><li><strong>$126,000 pesos chilenos<\/strong>&nbsp;(CLP)<\/li><li><strong>$610,500 pesos colombianos (COP)<\/strong><\/li><li><strong>$940 reales brasile\u00f1os<\/strong>&nbsp;(BRL) para los residentes de Latinoam\u00e9rica.<\/li><\/ul>\n\n\n\n<p>Si te inscribes con un amig@ (2 personas), cada uno recibir\u00e1 un descuento de $25 USD.<\/p>\n\n\n\n<p>Si no vives en Latinoam\u00e9rica, la inversi\u00f3n del curso es de $240.00 d\u00f3lares estadounidenses (USD).<\/p>\n\n\n\n<p>Si est\u00e1s seriamente interesado en participar y no cuentas con los recursos econ\u00f3micos necesarios, por favor&nbsp;<a href=\"http:\/\/www.living-flames.com\/contacto\/\"><strong>ponte en contacto con nosotros<\/strong><\/a>.<\/p>\n\n\n\n<p><em>* Para que el curso se lleve a cabo, es necesario contar con un m\u00ednimo de 12 personas inscritas.<\/em><\/p>\n\n\n\n<hr class=\"wp-block-separator is-style-dots\"\/>\n\n\n\n<h2 class=\"has-text-align-center\"><strong>Inscripciones<\/strong><\/h2>\n\n\n\n<p>Sigue estos dos simples pasos para completar tu inscripci\u00f3n:<\/p>\n\n\n<div id=\"sp-ea-1471\" class=\"sp-ea-one sp-easy-accordion\" data-ex-icon=\"fa-minus\" data-col-icon=\"fa-plus\"  data-ea-active=\"ea-click\"  data-ea-mode=\"vertical\" data-preloader=\"\"><div class=\"ea-card  sp-ea-single\"><h3 class=\"ea-header\"><a class=\"collapsed\" data-sptoggle=\"spcollapse\" data-sptarget=\"#collapse14710\" href=\"javascript:void(0)\"><i class=\"ea-expand-icon fa fa-plus\"><\/i> 1. Llena el formato de inscripci\u00f3n aqu\u00ed.<\/a><\/h3><div class=\"sp-collapse spcollapse spcollapse\" id=\"collapse14710\" data-parent=\"#sp-ea-1471\"><div class=\"ea-body\"> <p><iframe src=\"https:\/\/docs.google.com\/forms\/d\/1hYa6n7uyhj3Up5CVAtOKDeNwqqabZov5ASLnxx9Lb9Y\/closedform\" width=\"640\" height=\"720\" frameborder=\"0\" marginwidth=\"0\" marginheight=\"0\">Carregando\u2026<\/iframe><\/p>\n <\/div><\/div><\/div><div class=\"ea-card  sp-ea-single\"><h3 class=\"ea-header\"><a class=\"collapsed\" data-sptoggle=\"spcollapse\" data-sptarget=\"#collapse14711\" href=\"javascript:void(0)\"><i class=\"ea-expand-icon fa fa-plus\"><\/i> 2. Realiza tu pago al darle click al bot\u00f3n \u00abcomprar ahora.<\/a><\/h3><div class=\"sp-collapse spcollapse spcollapse\" id=\"collapse14711\" data-parent=\"#sp-ea-1471\"><div class=\"ea-body\"> <p><a href=\"https:\/\/www.paypal.com\/cgi-bin\/webscr?cmd=_s-xclick&amp;hosted_button_id=5JNUZQLV8JK7A\" target=\"_blank\" rel=\"noopener\"><img class=\"wp-image-1466 size-full aligncenter\" src=\"https:\/\/eltrabajoquereconecta.org\/fl4m35\/wp-content\/uploads\/2021\/04\/paypal-1-300x90-1.jpe\" alt=\"\" width=\"300\" height=\"90\" \/><\/a><\/p>\n <\/div><\/div><\/div><\/div>\n","protected":false},"excerpt":{"rendered":"<p>3 DE AGOSTO AL 7 DE SEPTIEMBRE Los estados ampliados de conciencia han sido un&nbsp;aliado extraordinario para explorar la profundidad de la mente,&nbsp;as\u00ed como para&nbsp;profundizar la relaci\u00f3n con la naturaleza, los ancestros y comprender las se\u00f1ales del cosmos. Este tipo de estados de conciencia han sido estigmatizados, especialmente cuando se asocian con el uso de &#8230; <a title=\"Estados no ordinarios de conciencia\" class=\"read-more\" href=\"https:\/\/eltrabajoquereconecta.org\/fl4m35\/es\/estados-no-ordinarios-de-conciencia\/\" aria-label=\"More on Estados no ordinarios de conciencia\">Read more<\/a><\/p>\n","protected":false},"author":2,"featured_media":0,"parent":0,"menu_order":0,"comment_status":"closed","ping_status":"closed","template":"","meta":{"spay_email":""},"uagb_featured_image_src":{"full":false,"thumbnail":false,"medium":false,"medium_large":false,"large":false,"1536x1536":false,"2048x2048":false},"uagb_author_info":{"display_name":"adrianvg","author_link":"https:\/\/eltrabajoquereconecta.org\/fl4m35\/author\/adrianvg\/"},"uagb_comment_info":0,"uagb_excerpt":"3 DE AGOSTO AL 7 DE SEPTIEMBRE Los estados ampliados de conciencia han sido un&nbsp;aliado extraordinario para explorar la profundidad de la mente,&nbsp;as\u00ed como para&nbsp;profundizar la relaci\u00f3n con la naturaleza, los ancestros y comprender las se\u00f1ales del cosmos. Este tipo de estados de conciencia han sido estigmatizados, especialmente cuando se asocian con el uso de&hellip;","_links":{"self":[{"href":"https:\/\/eltrabajoquereconecta.org\/fl4m35\/wp-json\/wp\/v2\/pages\/1768"}],"collection":[{"href":"https:\/\/eltrabajoquereconecta.org\/fl4m35\/wp-json\/wp\/v2\/pages"}],"about":[{"href":"https:\/\/eltrabajoquereconecta.org\/fl4m35\/wp-json\/wp\/v2\/types\/page"}],"author":[{"embeddable":true,"href":"https:\/\/eltrabajoquereconecta.org\/fl4m35\/wp-json\/wp\/v2\/users\/2"}],"replies":[{"embeddable":true,"href":"https:\/\/eltrabajoquereconecta.org\/fl4m35\/wp-json\/wp\/v2\/comments?post=1768"}],"version-history":[{"count":4,"href":"https:\/\/eltrabajoquereconecta.org\/fl4m35\/wp-json\/wp\/v2\/pages\/1768\/revisions"}],"predecessor-version":[{"id":2134,"href":"https:\/\/eltrabajoquereconecta.org\/fl4m35\/wp-json\/wp\/v2\/pages\/1768\/revisions\/2134"}],"wp:attachment":[{"href":"https:\/\/eltrabajoquereconecta.org\/fl4m35\/wp-json\/wp\/v2\/media?parent=1768"}],"curies":[{"name":"wp","href":"https:\/\/api.w.org\/{rel}","templated":true}]}}