{"id":1764,"date":"2021-05-08T13:17:28","date_gmt":"2021-05-08T13:17:28","guid":{"rendered":"https:\/\/eltrabajoquereconecta.org\/fl4m35\/?page_id=1764"},"modified":"2021-05-09T20:42:30","modified_gmt":"2021-05-09T20:42:30","slug":"psicologia-y-naturaleza","status":"publish","type":"page","link":"https:\/\/eltrabajoquereconecta.org\/fl4m35\/es\/psicologia-y-naturaleza\/","title":{"rendered":"Psicologia y Naturaleza"},"content":{"rendered":"\n<figure class=\"wp-block-image alignfull size-large\"><img loading=\"lazy\" width=\"1024\" height=\"374\" src=\"https:\/\/eltrabajoquereconecta.org\/fl4m35\/wp-content\/uploads\/2021\/04\/psicnaturalezabanner-e1618367359774-1024x374.png\" alt=\"\" class=\"wp-image-103\" srcset=\"https:\/\/eltrabajoquereconecta.org\/fl4m35\/wp-content\/uploads\/2021\/04\/psicnaturalezabanner-e1618367359774-1024x374.png 1024w, https:\/\/eltrabajoquereconecta.org\/fl4m35\/wp-content\/uploads\/2021\/04\/psicnaturalezabanner-e1618367359774-300x110.png 300w, https:\/\/eltrabajoquereconecta.org\/fl4m35\/wp-content\/uploads\/2021\/04\/psicnaturalezabanner-e1618367359774-768x281.png 768w, https:\/\/eltrabajoquereconecta.org\/fl4m35\/wp-content\/uploads\/2021\/04\/psicnaturalezabanner-e1618367359774-600x219.png 600w, https:\/\/eltrabajoquereconecta.org\/fl4m35\/wp-content\/uploads\/2021\/04\/psicnaturalezabanner-e1618367359774.png 1078w\" sizes=\"(max-width: 1024px) 100vw, 1024px\" \/><\/figure>\n\n\n\n<h3 class=\"has-text-align-center\">11 DE MAYO AL 15 DE JUNIO<\/h3>\n\n\n\n<h4>El momento hist\u00f3rico sin precedentes de nuestros d\u00edas, evidenciado en las diversas problem\u00e1ticas socio-ecol\u00f3gicas actuales, constituye una crisis multidimensional grandemente arraigada en la psique humana. Al tiempo, <strong>el reconocimiento de que la mente humana es una de las causas principales de las problem\u00e1ticas que hacemos frente abre una profunda oportunidad de cambio personal y regeneraci\u00f3n planetaria.<\/strong><\/h4>\n\n\n\n<h4>El curso busca sanar la relaci\u00f3n entre el humano y el resto de la naturaleza a trav\u00e9s de una revalorizaci\u00f3n del rol y funci\u00f3n de nuestra especie dentro del ecosistema global. El encuentro directo entre la mente humana y su fuente y sustento planetario resguarda <strong>una v\u00eda de auto-conocimiento y bienestar personal \u00edntimamente vinculada al cuidado del tejido eco-social y la viabilidad de futuras generaciones.<\/strong><\/h4>\n\n\n\n<hr class=\"wp-block-separator is-style-dots\"\/>\n\n\n\n<h2 class=\"has-text-align-center\">Exploraremos:<\/h2>\n\n\n\n<ul><li>El episodio hist\u00f3rico de crisis y desmoronamiento que transitamos como especie y los retos y oportunidades \u00e9ste nos brinda.<\/li><li>Enfoque transdiciplinario e integrativo de la relaci\u00f3n mente-naturaleza y sus efectos en la salud personal y viabilidad ecosist\u00e9mica.<\/li><li>Un refuerzo cient\u00edfico, filos\u00f3fico y experiencial de la concepci\u00f3n de la Tierra como una gran maestra, gu\u00eda y doctora.<\/li><li>Un sentido renovado de conexi\u00f3n con las dimensiones profundas y contemplativas de nuestra conexi\u00f3n con la Tierra, as\u00ed como con las responsabilidades de surgen de una conciencia ecol\u00f3gica m\u00e1s afinada.<\/li><li>Pr\u00e1cticas provenientes de la ecopsicolog\u00eda y ecoterapia para complementar tu desarrollo personal y potencialmente apoyar otros a transitar de mejor manera la crisis multidimensional que hacemos frente.<\/li><\/ul>\n\n\n\n<hr class=\"wp-block-separator is-style-dots\"\/>\n\n\n\n<h2 class=\"has-text-align-center\"><strong>Estructura<\/strong><\/h2>\n\n\n\n<p>El curso consta de&nbsp;<strong>6 sesiones en vivo y<\/strong>&nbsp;<strong>4 sesiones de acompa\u00f1amiento<\/strong>, en las que combinaremos&nbsp;<strong>presentaciones, di\u00e1logo, meditaciones, din\u00e1micas grupales y trabajo de reconexi\u00f3n con la Tierra<\/strong>.<\/p>\n\n\n\n<section class=\"wp-block-uagb-columns uagb-columns__wrap uagb-columns__background-undefined uagb-columns__stack-mobile uagb-columns__valign-center uagb-columns__gap-10 alignundefined uagb-block-5b0d6d25\"><div class=\"uagb-columns__overlay\"><\/div><div class=\"uagb-columns__inner-wrap uagb-columns__columns-2\">\n<div class=\"wp-block-uagb-column uagb-column__wrap uagb-column__background-color uagb-block-c2ea5af5\"><div class=\"uagb-column__overlay\"><\/div><div class=\"uagb-column__inner-wrap\">\n<h4 class=\"has-text-align-center\"><strong>5 clases de 2 horas<\/strong><\/h4>\n\n\n\n<p class=\"has-text-align-center\">Una por semana. Las sesiones ser\u00e1n grabadas para su posterior consulta).<\/p>\n<\/div><\/div>\n\n\n\n<div class=\"wp-block-uagb-column uagb-column__wrap uagb-column__background-color uagb-block-064bb85d\"><div class=\"uagb-column__overlay\"><\/div><div class=\"uagb-column__inner-wrap\">\n<h4 class=\"has-text-align-center has-black-color has-text-color\"><strong><strong>4 sesiones de acompa\u00f1amiento<\/strong><\/strong><\/h4>\n<\/div><\/div>\n<\/div><\/section>\n\n\n\n<section class=\"wp-block-uagb-columns uagb-columns__wrap uagb-columns__background-undefined uagb-columns__stack-mobile uagb-columns__valign-center uagb-columns__gap-10 alignundefined uagb-block-e1b22165\"><div class=\"uagb-columns__overlay\"><\/div><div class=\"uagb-columns__inner-wrap uagb-columns__columns-2\">\n<div class=\"wp-block-uagb-column uagb-column__wrap uagb-column__background-color uagb-block-2d62f799\"><div class=\"uagb-column__overlay\"><\/div><div class=\"uagb-column__inner-wrap\">\n<h4 class=\"has-text-align-center\"><strong><strong><strong><strong><strong>1 clase de integraci\u00f3n <\/strong><\/strong><\/strong><\/strong><\/strong><\/h4>\n\n\n\n<p class=\"has-text-align-center\">enteramente dedicada a preguntas y reflexiones<\/p>\n<\/div><\/div>\n\n\n\n<div class=\"wp-block-uagb-column uagb-column__wrap uagb-column__background-color uagb-block-4138439e\"><div class=\"uagb-column__overlay\"><\/div><div class=\"uagb-column__inner-wrap\">\n<h4 class=\"has-text-align-center has-black-color has-text-color\"><strong><strong><strong>Material de apoyo y pr\u00e1cticas semanales<\/strong><\/strong><\/strong><\/h4>\n<\/div><\/div>\n<\/div><\/section>\n\n\n\n<section class=\"wp-block-uagb-columns uagb-columns__wrap uagb-columns__background-undefined uagb-columns__stack-mobile uagb-columns__valign-center uagb-columns__gap-10 alignundefined uagb-block-8ab8a9d3\"><div class=\"uagb-columns__overlay\"><\/div><div class=\"uagb-columns__inner-wrap uagb-columns__columns-1\">\n<div class=\"wp-block-uagb-column uagb-column__wrap uagb-column__background-color uagb-block-562c6d71\"><div class=\"uagb-column__overlay\"><\/div><div class=\"uagb-column__inner-wrap\">\n<h4 class=\"has-text-align-center has-black-color has-text-color\"><strong><strong><strong>Contacto constante con la comunidad de aprendizaje a trav\u00e9s del aula virtual<\/strong><\/strong><\/strong><\/h4>\n<\/div><\/div>\n<\/div><\/section>\n\n\n\n<section class=\"wp-block-uagb-columns uagb-columns__wrap uagb-columns__background-undefined uagb-columns__stack-mobile uagb-columns__valign-center uagb-columns__gap-10 alignundefined uagb-block-c026c720\"><div class=\"uagb-columns__overlay\"><\/div><div class=\"uagb-columns__inner-wrap uagb-columns__columns-1\">\n<div class=\"wp-block-uagb-column uagb-column__wrap uagb-column__background-color uagb-block-3535bcb1\"><div class=\"uagb-column__overlay\"><\/div><div class=\"uagb-column__inner-wrap\">\n<h3 class=\"has-text-align-center has-black-color has-text-color\">Curriculum<\/h3>\n\n\n\n<h4 class=\"has-black-color has-text-color\"><strong>1.<\/strong> Encrucijada planetaria: crisis y oportunidad<\/h4>\n\n\n\n<h4 class=\"has-black-color has-text-color\"><strong>2. <\/strong>La Naturaleza como fuente de salud y plenitud<\/h4>\n\n\n\n<h4 class=\"has-black-color has-text-color\"><strong>3. <\/strong>La ecopsicolog\u00eda: entre la mente y la Tierra<\/h4>\n\n\n\n<h4 class=\"has-black-color has-text-color\"><strong>4. <\/strong>Ecopsicolog\u00eda y lo sagrado<\/h4>\n\n\n\n<h4 class=\"has-black-color has-text-color\"><strong>5. <\/strong>Eco-resiliencia<\/h4>\n\n\n\n<h4 class=\"has-black-color has-text-color\"><strong>6. <\/strong>La mente silvestre<\/h4>\n<\/div><\/div>\n<\/div><\/section>\n\n\n\n<hr class=\"wp-block-separator is-style-dots\"\/>\n\n\n\n<h2 class=\"has-text-align-center\"><strong>Detalles<\/strong><\/h2>\n\n\n\n<p>Nos reuniremos un&nbsp;<strong>total de 10 veces entre el 11 de mayo y el 15 de junio<\/strong>&nbsp;(6 sesiones de 2 horas y 4 sesiones de acompa\u00f1amiento). Cada clase incluye material de apoyo y pr\u00e1cticas. Aproximadamente cada dos semanas habr\u00e1 dos sesiones de acompa\u00f1amiento de 60 minutos durante la misma semana que la sesi\u00f3n de los martes. Finalizaremos el curso con una sesi\u00f3n de integraci\u00f3n (ver Calendario).<\/p>\n\n\n\n<p>Las sesiones en vivo y los grupos de acompa\u00f1amiento tienen lugar a trav\u00e9s de la plataforma&nbsp;<a href=\"https:\/\/zoom.us\/\" target=\"_blank\" rel=\"noreferrer noopener\"><strong>Zoom<\/strong><\/a>. La plataforma educativa&nbsp;<a href=\"https:\/\/new.edmodo.com\/\" target=\"_blank\" rel=\"noreferrer noopener\"><strong>Edmodo<\/strong><\/a>&nbsp;hospedar\u00e1 los contenidos tem\u00e1ticos y servir\u00e1 como espacio de interacci\u00f3n. Te recomendamos darte un tiempo para familiarizarte con estas simples tecnolog\u00edas antes del comienzo del curso.<\/p>\n\n\n\n<section class=\"wp-block-uagb-columns uagb-columns__wrap uagb-columns__background-undefined uagb-columns__stack-mobile uagb-columns__valign-center uagb-columns__gap-10 alignundefined uagb-block-ef3abab3\"><div class=\"uagb-columns__overlay\"><\/div><div class=\"uagb-columns__inner-wrap uagb-columns__columns-1\">\n<div class=\"wp-block-uagb-column uagb-column__wrap uagb-column__background-color uagb-block-b5bcdbe4\"><div class=\"uagb-column__overlay\"><\/div><div class=\"uagb-column__inner-wrap\">\n<h4 class=\"has-text-align-center has-black-color has-text-color\">Horario sesiones<br>(Martes)<\/h4>\n\n\n\n<h4 class=\"has-text-align-center\"><em><strong>5:00 pm EUA, PST<\/strong><\/em><\/h4>\n\n\n\n<h4 class=\"has-text-align-center\"><em><strong>7:00 pm Central M\u00e9xico <\/strong><\/em><\/h4>\n\n\n\n<h4 class=\"has-text-align-center\"><em><strong>7:00 pm Bogot\u00e1<\/strong><\/em><\/h4>\n\n\n\n<h4 class=\"has-text-align-center\"><em><strong>8:00 pm Santiago de Chile<\/strong><\/em><\/h4>\n\n\n\n<h4 class=\"has-text-align-center\"><em><strong>9:00 pm Brasilia<\/strong><\/em><\/h4>\n<\/div><\/div>\n<\/div><\/section>\n\n\n\n<hr class=\"wp-block-separator is-style-dots\"\/>\n\n\n\n<h2 class=\"has-text-align-center\"><strong>Calendario<\/strong><\/h2>\n\n\n\n<figure class=\"wp-block-table aligncenter is-style-stripes margin-sides-2\"><table class=\"has-fixed-layout\"><thead><tr><th class=\"has-text-align-right\" data-align=\"right\">Date<\/th><th class=\"has-text-align-left\" data-align=\"left\"><em><strong>Topic<\/strong><\/em><\/th><\/tr><\/thead><tbody><tr><td class=\"has-text-align-right\" data-align=\"right\">11 de mayo<\/td><td class=\"has-text-align-left\" data-align=\"left\"><strong><em><strong><em><strong><em>Sesi\u00f3n<\/em><\/strong><\/em><\/strong> 1<\/em><\/strong><\/td><\/tr><tr><td class=\"has-text-align-right\" data-align=\"right\">18 de mayo<\/td><td class=\"has-text-align-left\" data-align=\"left\"><strong><em><strong><em><strong><em>Sesi\u00f3n<\/em><\/strong><\/em><\/strong> 2<\/em><\/strong><\/td><\/tr><tr><td class=\"has-text-align-right\" data-align=\"right\">20-22 de mayo<\/td><td class=\"has-text-align-left\" data-align=\"left\"><strong><em><strong><em><strong><em>Acompa\u00f1amiento<\/em><\/strong><\/em><\/strong> 1 &amp; 2<\/em><\/strong><\/td><\/tr><tr><td class=\"has-text-align-right\" data-align=\"right\">25 de mayo<\/td><td class=\"has-text-align-left\" data-align=\"left\"><strong><em><strong><em><strong><em>Sesi\u00f3n<\/em><\/strong><\/em><\/strong> 3<\/em><\/strong><\/td><\/tr><tr><td class=\"has-text-align-right\" data-align=\"right\">1 de junio<\/td><td class=\"has-text-align-left\" data-align=\"left\"><strong><em><strong><em><strong><em>Sesi\u00f3n<\/em><\/strong><\/em><\/strong> 4<\/em><\/strong><\/td><\/tr><tr><td class=\"has-text-align-right\" data-align=\"right\">8 de junio<\/td><td class=\"has-text-align-left\" data-align=\"left\"><strong><em><strong><em><strong><em>Sesi\u00f3n<\/em><\/strong><\/em><\/strong> 5<\/em><\/strong><\/td><\/tr><tr><td class=\"has-text-align-right\" data-align=\"right\">10-12 de junio<\/td><td class=\"has-text-align-left\" data-align=\"left\"><strong><em><strong><em><strong><em>Acompa\u00f1amiento<\/em><\/strong><\/em><\/strong> 3 &amp; 4<\/em><\/strong><\/td><\/tr><tr><td class=\"has-text-align-right\" data-align=\"right\">10-12 de junio<\/td><td class=\"has-text-align-left\" data-align=\"left\"><strong><em><strong><em><strong><em>Sesi\u00f3n<\/em><\/strong><\/em><\/strong> 6 <\/em><\/strong><em>(integraci\u00f3n)<\/em><\/td><\/tr><\/tbody><\/table><\/figure>\n\n\n\n<hr class=\"wp-block-separator is-style-dots\"\/>\n\n\n\n<h3 class=\"has-text-align-center\">\u00bfPara qui\u00e9n est\u00e1 dirigido?<\/h3>\n\n\n\n<p>El curso est\u00e1 dirigido a toda persona con inter\u00e9s en profundizar su entendimiento y vivencia de su conexi\u00f3n con la Tierra a un nivel psicol\u00f3gico, emocional y espiritual. Terapeutas, activistas, psic\u00f3logos, trabajadores sociales, ritualistas, coaches, profesionales de la salud y de la ense\u00f1anza encontrar\u00e1n el curso de especial inter\u00e9s.<\/p>\n\n\n\n<hr class=\"wp-block-separator is-style-dots\"\/>\n\n\n\n<h2 class=\"has-text-align-center\">Facilitaci\u00f3n<\/h2>\n\n\n\n<div class=\"wp-block-uagb-info-box uagb-infobox__outer-wrap uagb-block-4c8f24a7\"><div class=\"uagb-infobox__content-wrap uagb-infobox uagb-infobox-has-image uagb-infobox-icon-left uagb-infobox-left uagb-infobox-stacked-tablet uagb-infobox-image-valign-top uagb-infobox-enable-border-radius \"><div class=\"uagb-ifb-left-right-wrap\"><div class=\"uagb-ifb-image-icon-content uagb-ifb-imgicon-wrap\"><div class=\"uagb-ifb-image\"><div class=\"uagb-ifb-image-content\"><img class=\"uagb-ifb-img-src\" src=\"https:\/\/eltrabajoquereconecta.org\/fl4m35\/wp-content\/uploads\/2021\/04\/adrianredonda-2.png\" alt=\"\"\/><\/div><\/div><\/div><div class=\"uagb-ifb-content\"><div class=\"uagb-ifb-title-wrap\"><h3 class=\"uagb-ifb-title\">Adri\u00e1n Villase\u00f1or Galarza<\/h3><\/div><div class=\"uagb-ifb-separator-parent\"><div class=\"uagb-ifb-separator\"><\/div><\/div><div class=\"uagb-ifb-text-wrap\"><p class=\"uagb-ifb-desc\">Adri\u00e1n es facilitador internacional, autor, colaborador acad\u00e9mico, (eco)terapeuta sist\u00e9mico y transpersonal y practicante contemplativo. Cuenta con una maestr\u00eda en Ciencia Hol\u00edstica (Reino Unido) y un doctorado en Ecolog\u00eda, Psicolog\u00eda y Conciencia (EUA), a la par de haberse formado en psicoterapia contemplativa (EUA) y terapia sist\u00e9mica y transpersonal (Espa\u00f1a, M\u00e9xico). <br><br>El trabajo de Adri\u00e1n es considerado un referente latinoamericano en ecolog\u00eda profunda, ecopsicolog\u00eda y espiritualidad de la Tierra. Su labor est\u00e1 inspirada por sus experiencias con tradiciones originarias de las Am\u00e9ricas, as\u00ed como por su pr\u00e1ctica contemplativa y sensibilidad anim\u00edstica (<a rel=\"noreferrer noopener\" href=\"http:\/\/www.living-flames.com\/es\/adrian-villasenor-galarza\/\" target=\"_blank\">da click aqu\u00ed<\/a>\u00a0para mayor informaci\u00f3n).<br><br>adrian@living-flames.com<\/p><\/div><\/div><\/div><\/div><\/div>\n\n\n\n<div class=\"wp-block-uagb-info-box uagb-infobox__outer-wrap uagb-block-d202b784\"><div class=\"uagb-infobox__content-wrap uagb-infobox uagb-infobox-has-image uagb-infobox-icon-left uagb-infobox-left uagb-infobox-stacked-tablet uagb-infobox-image-valign-top uagb-infobox-enable-border-radius \"><div class=\"uagb-ifb-left-right-wrap\"><div class=\"uagb-ifb-image-icon-content uagb-ifb-imgicon-wrap\"><div class=\"uagb-ifb-image\"><div class=\"uagb-ifb-image-content\"><img class=\"uagb-ifb-img-src\" src=\"https:\/\/eltrabajoquereconecta.org\/fl4m35\/wp-content\/uploads\/2021\/04\/feliperedonda.png\" alt=\"\"\/><\/div><\/div><\/div><div class=\"uagb-ifb-content\"><div class=\"uagb-ifb-title-wrap\"><h3 class=\"uagb-ifb-title\"><strong><em>Felipe Landaeta Farizo<\/em><\/strong><\/h3><\/div><div class=\"uagb-ifb-separator-parent\"><div class=\"uagb-ifb-separator\"><\/div><\/div><div class=\"uagb-ifb-text-wrap\"><p class=\"uagb-ifb-desc\">Psic\u00f3logo, profesor de la Univ. Adolfo Ib\u00e1\u00f1ez (Chile) desde 2009. PhD en Psicolog\u00eda Transpersonal e Integral del California Institute of Integral Studies (EUA). Se ha formado en diferentes m\u00e9todos experienciales de terapia como Focusing, Respiraci\u00f3n Holotr\u00f3pica, Constelaciones Sist\u00e9micas, EMDR y ha tenido experiencia personal meditativa y con tradiciones nativas durante los \u00faltimos 15 a\u00f1os. <br><br>Desde 2010 facilita sesiones de Respiraci\u00f3n Holotr\u00f3pica y desde 2009 realiza atenci\u00f3n de pacientes. En 2019 conduce el estudio \u201cEl impacto de El Trabajo que Reconecta de Joanna Macy\u201d (<a rel=\"noreferrer noopener\" href=\"https:\/\/holotropica.cl\/quienes-somos\/\" target=\"_blank\">da click aqu\u00ed<\/a>\u00a0para mayor informaci\u00f3n).<br><br>felipe.landaeta@uai.cl<\/p><\/div><\/div><\/div><\/div><\/div>\n\n\n\n<hr class=\"wp-block-separator is-style-dots\"\/>\n\n\n\n<h2 class=\"has-text-align-center\"><strong><strong>Inversi\u00f3n<\/strong><\/strong><\/h2>\n\n\n\n<p>La inversi\u00f3n por la totalidad del curso es de<\/p>\n\n\n\n<ul><li><strong>$175.00 d\u00f3lares estadounidenses<\/strong>&nbsp;(USD)<\/li><li><strong>$3500 pesos mexicanos<\/strong>&nbsp;(MXN)<\/li><li><strong>$126,000 pesos chilenos<\/strong>&nbsp;(CLP)<\/li><li><strong>$610,500 pesos colombianos (COP)<\/strong><\/li><li><strong>$940 reales brasile\u00f1os<\/strong>&nbsp;(BRL) para los residentes de Latinoam\u00e9rica.<\/li><\/ul>\n\n\n\n<ul><li><em>Si te inscribes con un amig@ (2 personas), cada uno recibir\u00e1 un descuento de $25 USD.<\/em><\/li><li><em>Si no vives en Latinoam\u00e9rica, la inversi\u00f3n del curso es de $240.00 d\u00f3lares estadounidenses (USD).<\/em><\/li><\/ul>\n\n\n\n<p>Si est\u00e1s seriamente interesado en participar y no cuentas con los recursos econ\u00f3micos necesarios, por favor&nbsp;<a href=\"http:\/\/www.living-flames.com\/contacto\/\"><strong>ponte en contacto con nosotros<\/strong><\/a>.<\/p>\n\n\n\n<p><em>* Para que el curso se lleve a cabo, es necesario contar con un m\u00ednimo de 12 personas inscritas.<\/em><\/p>\n\n\n\n<hr class=\"wp-block-separator is-style-dots\"\/>\n\n\n\n<h2 class=\"has-text-align-center\"><strong><strong>Inscripciones<\/strong><\/strong><\/h2>\n\n\n\n<p>Sigue estos dos simples pasos para completar tu inscripci\u00f3n:<\/p>\n\n\n<div id=\"sp-ea-1469\" class=\"sp-ea-one sp-easy-accordion\" data-ex-icon=\"fa-minus\" data-col-icon=\"fa-plus\"  data-ea-active=\"ea-click\"  data-ea-mode=\"vertical\" data-preloader=\"\"><div class=\"ea-card  sp-ea-single\"><h3 class=\"ea-header\"><a class=\"collapsed\" data-sptoggle=\"spcollapse\" data-sptarget=\"#collapse14690\" href=\"javascript:void(0)\"><i class=\"ea-expand-icon fa fa-plus\"><\/i> 1. Llena el formato de inscripci\u00f3n aqu\u00ed.<\/a><\/h3><div class=\"sp-collapse spcollapse spcollapse\" id=\"collapse14690\" data-parent=\"#sp-ea-1469\"><div class=\"ea-body\"> <p><iframe src=\"https:\/\/docs.google.com\/forms\/d\/1uE_WyfYyqKnE6R6fVAPb4byj703vgDLhKBrIThh8kUs\/viewform?embedded=true\" width=\"640\" height=\"720\" frameborder=\"0\" marginwidth=\"0\" marginheight=\"0\">Carregando\u2026<\/iframe><\/p>\n <\/div><\/div><\/div><div class=\"ea-card  sp-ea-single\"><h3 class=\"ea-header\"><a class=\"collapsed\" data-sptoggle=\"spcollapse\" data-sptarget=\"#collapse14691\" href=\"javascript:void(0)\"><i class=\"ea-expand-icon fa fa-plus\"><\/i> 2. Realiza tu pago al darle click al bot\u00f3n \u00abcomprar ahora.\u00bb<\/a><\/h3><div class=\"sp-collapse spcollapse spcollapse\" id=\"collapse14691\" data-parent=\"#sp-ea-1469\"><div class=\"ea-body\"> <p><a href=\"https:\/\/www.paypal.com\/cgi-bin\/webscr?cmd=_s-xclick&hosted_button_id=YSANJ9WXJAXKJ\" target=\"_blank\" rel=\"noopener\"><img class=\"wp-image-1466 size-full aligncenter\" src=\"https:\/\/eltrabajoquereconecta.org\/fl4m35\/wp-content\/uploads\/2021\/04\/paypal-1-300x90-1.jpe\" alt=\"\" width=\"300\" height=\"90\" \/><\/a><\/p>\n <\/div><\/div><\/div><\/div>\n","protected":false},"excerpt":{"rendered":"<p>11 DE MAYO AL 15 DE JUNIO El momento hist\u00f3rico sin precedentes de nuestros d\u00edas, evidenciado en las diversas problem\u00e1ticas socio-ecol\u00f3gicas actuales, constituye una crisis multidimensional grandemente arraigada en la psique humana. Al tiempo, el reconocimiento de que la mente humana es una de las causas principales de las problem\u00e1ticas que hacemos frente abre una &#8230; <a title=\"Psicologia y Naturaleza\" class=\"read-more\" href=\"https:\/\/eltrabajoquereconecta.org\/fl4m35\/es\/psicologia-y-naturaleza\/\" aria-label=\"More on Psicologia y Naturaleza\">Read more<\/a><\/p>\n","protected":false},"author":2,"featured_media":0,"parent":0,"menu_order":0,"comment_status":"closed","ping_status":"closed","template":"","meta":{"spay_email":""},"uagb_featured_image_src":{"full":false,"thumbnail":false,"medium":false,"medium_large":false,"large":false,"1536x1536":false,"2048x2048":false},"uagb_author_info":{"display_name":"adrianvg","author_link":"https:\/\/eltrabajoquereconecta.org\/fl4m35\/author\/adrianvg\/"},"uagb_comment_info":0,"uagb_excerpt":"11 DE MAYO AL 15 DE JUNIO El momento hist\u00f3rico sin precedentes de nuestros d\u00edas, evidenciado en las diversas problem\u00e1ticas socio-ecol\u00f3gicas actuales, constituye una crisis multidimensional grandemente arraigada en la psique humana. Al tiempo, el reconocimiento de que la mente humana es una de las causas principales de las problem\u00e1ticas que hacemos frente abre una&hellip;","_links":{"self":[{"href":"https:\/\/eltrabajoquereconecta.org\/fl4m35\/wp-json\/wp\/v2\/pages\/1764"}],"collection":[{"href":"https:\/\/eltrabajoquereconecta.org\/fl4m35\/wp-json\/wp\/v2\/pages"}],"about":[{"href":"https:\/\/eltrabajoquereconecta.org\/fl4m35\/wp-json\/wp\/v2\/types\/page"}],"author":[{"embeddable":true,"href":"https:\/\/eltrabajoquereconecta.org\/fl4m35\/wp-json\/wp\/v2\/users\/2"}],"replies":[{"embeddable":true,"href":"https:\/\/eltrabajoquereconecta.org\/fl4m35\/wp-json\/wp\/v2\/comments?post=1764"}],"version-history":[{"count":6,"href":"https:\/\/eltrabajoquereconecta.org\/fl4m35\/wp-json\/wp\/v2\/pages\/1764\/revisions"}],"predecessor-version":[{"id":2129,"href":"https:\/\/eltrabajoquereconecta.org\/fl4m35\/wp-json\/wp\/v2\/pages\/1764\/revisions\/2129"}],"wp:attachment":[{"href":"https:\/\/eltrabajoquereconecta.org\/fl4m35\/wp-json\/wp\/v2\/media?parent=1764"}],"curies":[{"name":"wp","href":"https:\/\/api.w.org\/{rel}","templated":true}]}}