{"id":1449,"date":"2021-04-26T21:00:14","date_gmt":"2021-04-26T21:00:14","guid":{"rendered":"https:\/\/eltrabajoquereconecta.org\/fl4m35\/?page_id=1449"},"modified":"2021-05-09T23:07:18","modified_gmt":"2021-05-09T23:07:18","slug":"talleres","status":"publish","type":"page","link":"https:\/\/eltrabajoquereconecta.org\/fl4m35\/es\/talleres\/","title":{"rendered":"Talleres"},"content":{"rendered":"\n<div class=\"wp-block-cover alignfull has-background-dim\" style=\"min-height:360px\"><img loading=\"lazy\" width=\"1920\" height=\"1280\" class=\"wp-block-cover__image-background wp-image-1602\" alt=\"\" src=\"https:\/\/eltrabajoquereconecta.org\/fl4m35\/wp-content\/uploads\/2021\/05\/raimond-klavins-lhSujG8i8mE-unsplash-1-1.jpg\" style=\"object-position:8% 68%\" data-object-fit=\"cover\" data-object-position=\"8% 68%\" srcset=\"https:\/\/eltrabajoquereconecta.org\/fl4m35\/wp-content\/uploads\/2021\/05\/raimond-klavins-lhSujG8i8mE-unsplash-1-1.jpg 1920w, https:\/\/eltrabajoquereconecta.org\/fl4m35\/wp-content\/uploads\/2021\/05\/raimond-klavins-lhSujG8i8mE-unsplash-1-1-300x200.jpg 300w, https:\/\/eltrabajoquereconecta.org\/fl4m35\/wp-content\/uploads\/2021\/05\/raimond-klavins-lhSujG8i8mE-unsplash-1-1-1024x683.jpg 1024w, https:\/\/eltrabajoquereconecta.org\/fl4m35\/wp-content\/uploads\/2021\/05\/raimond-klavins-lhSujG8i8mE-unsplash-1-1-768x512.jpg 768w, https:\/\/eltrabajoquereconecta.org\/fl4m35\/wp-content\/uploads\/2021\/05\/raimond-klavins-lhSujG8i8mE-unsplash-1-1-1536x1024.jpg 1536w\" sizes=\"(max-width: 1920px) 100vw, 1920px\" \/><div class=\"wp-block-cover__inner-container\">\n<h1 class=\"alignwide has-text-align-center\">Talleres<\/h1>\n<\/div><\/div>\n\n\n\n<p>Los talleres, cursos y retiros combinan charlas, trabajo grupal y actividades experienciales basadas en un<strong> modelo pedag\u00f3gico transformativo, participativo, compasivo e integral<\/strong>.<\/p>\n\n\n\n<p>Los talleres y retiros&nbsp;suelen tener&nbsp;distintas duraciones (desde medio d\u00eda a diez), abiertos a para diversas audiencias&nbsp;(tanto en ingl\u00e9s como en espa\u00f1ol). A menudo los ofrecimientos son compartidos con otros facilitadores y propuestas.<\/p>\n\n\n\n<p>Abajo encontrar\u00e1s una muestra de <strong>talleres que se han ofrecido en el pasado<\/strong>.<\/p>\n\n\n\n<section class=\"wp-block-uagb-columns uagb-columns__wrap uagb-columns__background-undefined uagb-columns__stack-mobile uagb-columns__valign-undefined uagb-columns__gap-10 alignwide uagb-block-e21aedaa\"><div class=\"uagb-columns__overlay\"><\/div><div class=\"uagb-columns__inner-wrap uagb-columns__columns-5\">\n<div class=\"wp-block-uagb-column uagb-column__wrap uagb-column__background-undefined uagb-block-ba2d3119\"><div class=\"uagb-column__overlay\"><\/div><div class=\"uagb-column__inner-wrap\">\n<div class=\"wp-block-image is-style-rounded\"><figure class=\"aligncenter size-medium is-resized\"><img src=\"https:\/\/eltrabajoquereconecta.org\/fl4m35\/wp-content\/uploads\/2021\/05\/james-wheeler-9zXMb-E8pI0-unsplash-1-1-edited-1.jpg\" alt=\"\" class=\"wp-image-2186\" width=\"150\" srcset=\"https:\/\/eltrabajoquereconecta.org\/fl4m35\/wp-content\/uploads\/2021\/05\/james-wheeler-9zXMb-E8pI0-unsplash-1-1-edited-1.jpg 1280w, https:\/\/eltrabajoquereconecta.org\/fl4m35\/wp-content\/uploads\/2021\/05\/james-wheeler-9zXMb-E8pI0-unsplash-1-1-edited-1-300x300.jpg 300w, https:\/\/eltrabajoquereconecta.org\/fl4m35\/wp-content\/uploads\/2021\/05\/james-wheeler-9zXMb-E8pI0-unsplash-1-1-edited-1-1024x1024.jpg 1024w, https:\/\/eltrabajoquereconecta.org\/fl4m35\/wp-content\/uploads\/2021\/05\/james-wheeler-9zXMb-E8pI0-unsplash-1-1-edited-1-150x150.jpg 150w, https:\/\/eltrabajoquereconecta.org\/fl4m35\/wp-content\/uploads\/2021\/05\/james-wheeler-9zXMb-E8pI0-unsplash-1-1-edited-1-768x768.jpg 768w\" sizes=\"(max-width: 1280px) 100vw, 1280px\" \/><\/figure><\/div>\n\n\n\n<p class=\"has-text-align-center\"><a href=\"#Ecopsychology\" data-type=\"internal\"><strong>Ecopsicolog\u00eda<\/strong><\/a><\/p>\n<\/div><\/div>\n\n\n\n<div class=\"wp-block-uagb-column uagb-column__wrap uagb-column__background-undefined uagb-block-876d986c\"><div class=\"uagb-column__overlay\"><\/div><div class=\"uagb-column__inner-wrap\">\n<div class=\"wp-block-image is-style-rounded\"><figure class=\"aligncenter size-medium is-resized\"><img loading=\"lazy\" src=\"https:\/\/eltrabajoquereconecta.org\/fl4m35\/wp-content\/uploads\/2021\/05\/kazuend-19SC2oaVZW0-unsplash-2-1-edited-300x300.jpg\" alt=\"\" class=\"wp-image-1614\" width=\"150\" height=\"150\" srcset=\"https:\/\/eltrabajoquereconecta.org\/fl4m35\/wp-content\/uploads\/2021\/05\/kazuend-19SC2oaVZW0-unsplash-2-1-edited-300x300.jpg 300w, https:\/\/eltrabajoquereconecta.org\/fl4m35\/wp-content\/uploads\/2021\/05\/kazuend-19SC2oaVZW0-unsplash-2-1-edited-1024x1024.jpg 1024w, https:\/\/eltrabajoquereconecta.org\/fl4m35\/wp-content\/uploads\/2021\/05\/kazuend-19SC2oaVZW0-unsplash-2-1-edited-150x150.jpg 150w, https:\/\/eltrabajoquereconecta.org\/fl4m35\/wp-content\/uploads\/2021\/05\/kazuend-19SC2oaVZW0-unsplash-2-1-edited-768x768.jpg 768w, https:\/\/eltrabajoquereconecta.org\/fl4m35\/wp-content\/uploads\/2021\/05\/kazuend-19SC2oaVZW0-unsplash-2-1-edited.jpg 1280w\" sizes=\"(max-width: 150px) 100vw, 150px\" \/><\/figure><\/div>\n\n\n\n<p class=\"has-text-align-center\"><a href=\"#Deep-WTR\"><strong>Ecolog\u00eda profunda y El TQR<\/strong><\/a><\/p>\n<\/div><\/div>\n\n\n\n<div class=\"wp-block-uagb-column uagb-column__wrap uagb-column__background-undefined uagb-block-0d167720\"><div class=\"uagb-column__overlay\"><\/div><div class=\"uagb-column__inner-wrap\">\n<div class=\"wp-block-image is-style-rounded\"><figure class=\"aligncenter size-medium is-resized\"><img loading=\"lazy\" src=\"https:\/\/eltrabajoquereconecta.org\/fl4m35\/wp-content\/uploads\/2021\/05\/simon-wilkes-ShD7prRVI44-unsplash-1-1-edited-300x300.jpg\" alt=\"\" class=\"wp-image-1617\" width=\"150\" height=\"150\" srcset=\"https:\/\/eltrabajoquereconecta.org\/fl4m35\/wp-content\/uploads\/2021\/05\/simon-wilkes-ShD7prRVI44-unsplash-1-1-edited-300x300.jpg 300w, https:\/\/eltrabajoquereconecta.org\/fl4m35\/wp-content\/uploads\/2021\/05\/simon-wilkes-ShD7prRVI44-unsplash-1-1-edited-1024x1024.jpg 1024w, https:\/\/eltrabajoquereconecta.org\/fl4m35\/wp-content\/uploads\/2021\/05\/simon-wilkes-ShD7prRVI44-unsplash-1-1-edited-150x150.jpg 150w, https:\/\/eltrabajoquereconecta.org\/fl4m35\/wp-content\/uploads\/2021\/05\/simon-wilkes-ShD7prRVI44-unsplash-1-1-edited-768x768.jpg 768w, https:\/\/eltrabajoquereconecta.org\/fl4m35\/wp-content\/uploads\/2021\/05\/simon-wilkes-ShD7prRVI44-unsplash-1-1-edited.jpg 1280w\" sizes=\"(max-width: 150px) 100vw, 150px\" \/><\/figure><\/div>\n\n\n\n<p class=\"has-text-align-center\"><a href=\"#Ancestral-Reconnection\" data-type=\"internal\"><strong>Ancestral Reconnection<\/strong><\/a><\/p>\n<\/div><\/div>\n\n\n\n<div class=\"wp-block-uagb-column uagb-column__wrap uagb-column__background-undefined uagb-block-5cab13d0\"><div class=\"uagb-column__overlay\"><\/div><div class=\"uagb-column__inner-wrap\">\n<div class=\"wp-block-image is-style-rounded\"><figure class=\"aligncenter size-medium is-resized\"><img loading=\"lazy\" src=\"https:\/\/eltrabajoquereconecta.org\/fl4m35\/wp-content\/uploads\/2021\/05\/ice-tea-GwLKSvVajUI-unsplash-2-1-edited-298x300.jpg\" alt=\"\" class=\"wp-image-1616\" width=\"150\" height=\"150\" srcset=\"https:\/\/eltrabajoquereconecta.org\/fl4m35\/wp-content\/uploads\/2021\/05\/ice-tea-GwLKSvVajUI-unsplash-2-1-edited-298x300.jpg 298w, https:\/\/eltrabajoquereconecta.org\/fl4m35\/wp-content\/uploads\/2021\/05\/ice-tea-GwLKSvVajUI-unsplash-2-1-edited-1018x1024.jpg 1018w, https:\/\/eltrabajoquereconecta.org\/fl4m35\/wp-content\/uploads\/2021\/05\/ice-tea-GwLKSvVajUI-unsplash-2-1-edited-150x150.jpg 150w, https:\/\/eltrabajoquereconecta.org\/fl4m35\/wp-content\/uploads\/2021\/05\/ice-tea-GwLKSvVajUI-unsplash-2-1-edited-768x772.jpg 768w, https:\/\/eltrabajoquereconecta.org\/fl4m35\/wp-content\/uploads\/2021\/05\/ice-tea-GwLKSvVajUI-unsplash-2-1-edited.jpg 1072w\" sizes=\"(max-width: 150px) 100vw, 150px\" \/><\/figure><\/div>\n\n\n\n<p class=\"has-text-align-center\"><a href=\"#Spirituality\"><strong>Spirituality in the Planetary Era<\/strong><\/a><\/p>\n<\/div><\/div>\n\n\n\n<div class=\"wp-block-uagb-column uagb-column__wrap uagb-column__background-undefined uagb-block-ebfcdb57\"><div class=\"uagb-column__overlay\"><\/div><div class=\"uagb-column__inner-wrap\">\n<div class=\"wp-block-image is-style-rounded\"><figure class=\"aligncenter size-medium is-resized\"><img loading=\"lazy\" src=\"https:\/\/eltrabajoquereconecta.org\/fl4m35\/wp-content\/uploads\/2021\/05\/laurentiu-morariu-wUHaxFCwghA-unsplash-1-1-edited-300x300.jpg\" alt=\"\" class=\"wp-image-1618\" width=\"150\" height=\"150\" srcset=\"https:\/\/eltrabajoquereconecta.org\/fl4m35\/wp-content\/uploads\/2021\/05\/laurentiu-morariu-wUHaxFCwghA-unsplash-1-1-edited-300x300.jpg 300w, https:\/\/eltrabajoquereconecta.org\/fl4m35\/wp-content\/uploads\/2021\/05\/laurentiu-morariu-wUHaxFCwghA-unsplash-1-1-edited-1024x1024.jpg 1024w, https:\/\/eltrabajoquereconecta.org\/fl4m35\/wp-content\/uploads\/2021\/05\/laurentiu-morariu-wUHaxFCwghA-unsplash-1-1-edited-150x150.jpg 150w, https:\/\/eltrabajoquereconecta.org\/fl4m35\/wp-content\/uploads\/2021\/05\/laurentiu-morariu-wUHaxFCwghA-unsplash-1-1-edited-768x768.jpg 768w, https:\/\/eltrabajoquereconecta.org\/fl4m35\/wp-content\/uploads\/2021\/05\/laurentiu-morariu-wUHaxFCwghA-unsplash-1-1-edited.jpg 1280w\" sizes=\"(max-width: 150px) 100vw, 150px\" \/><\/figure><\/div>\n\n\n\n<p class=\"has-text-align-center\"><strong><a href=\"#Self-care\">The Yoga of Self-care<\/a><\/strong><\/p>\n<\/div><\/div>\n<\/div><\/section>\n\n\n\n<hr class=\"wp-block-separator is-style-dots\"\/>\n\n\n\n<div class=\"wp-block-ps2id-block-target\" id=\"Ecopsychology\"><\/div>\n\n\n\n<div class=\"wp-block-cover alignfull has-background-dim\" style=\"min-height:381px\"><img loading=\"lazy\" width=\"1920\" height=\"1280\" class=\"wp-block-cover__image-background wp-image-1601\" alt=\"\" src=\"https:\/\/eltrabajoquereconecta.org\/fl4m35\/wp-content\/uploads\/2021\/05\/james-wheeler-9zXMb-E8pI0-unsplash-1-1.jpg\" style=\"object-position:49% 92%\" data-object-fit=\"cover\" data-object-position=\"49% 92%\" srcset=\"https:\/\/eltrabajoquereconecta.org\/fl4m35\/wp-content\/uploads\/2021\/05\/james-wheeler-9zXMb-E8pI0-unsplash-1-1.jpg 1920w, https:\/\/eltrabajoquereconecta.org\/fl4m35\/wp-content\/uploads\/2021\/05\/james-wheeler-9zXMb-E8pI0-unsplash-1-1-300x200.jpg 300w, https:\/\/eltrabajoquereconecta.org\/fl4m35\/wp-content\/uploads\/2021\/05\/james-wheeler-9zXMb-E8pI0-unsplash-1-1-1024x683.jpg 1024w, https:\/\/eltrabajoquereconecta.org\/fl4m35\/wp-content\/uploads\/2021\/05\/james-wheeler-9zXMb-E8pI0-unsplash-1-1-768x512.jpg 768w, https:\/\/eltrabajoquereconecta.org\/fl4m35\/wp-content\/uploads\/2021\/05\/james-wheeler-9zXMb-E8pI0-unsplash-1-1-1536x1024.jpg 1536w\" sizes=\"(max-width: 1920px) 100vw, 1920px\" \/><div class=\"wp-block-cover__inner-container\">\n<h1 class=\"alignwide has-text-align-center\">Ecopsicolog\u00eda<\/h1>\n\n\n\n<h2 class=\"alignwide has-text-align-center\">Salud y regeneraci\u00f3n natural<\/h2>\n<\/div><\/div>\n\n\n\n<p class=\"has-text-align-center\"><em>La ecopsicolog\u00eda nos invita a reconocer que nuestra salud\u2014f\u00edsica, emocional y psicol\u00f3gica\u2014se encuentra estrechamente ligada a la viabilidad de la Tierra y sus ecosistemas.<\/em><\/p>\n\n\n\n<p>Este novedoso y a la vez antiguo campo de estudio propone que el camino hacia&nbsp;la salud y la plenitud depende en gran medida del restablecimiento consciente de nuestra conexi\u00f3n con la naturaleza. <\/p>\n\n\n\n<p>Trascendiendo r\u00edgidos supuestos de la psicolog\u00eda moderna, la ecopsicolog\u00eda nos invita a reconocernos como naturaleza en forma humana y re-descubrir la Tierra como la sabia fuente que alimenta nuestro Ser esencial. <\/p>\n\n\n\n<p>A&nbsp;trav\u00e9s de diferentes conceptos y pr\u00e1cticas, la ecopsicolog\u00eda sirve de gu\u00eda para recuperar la salud humana y la regeneraci\u00f3n ecol\u00f3gica.<\/p>\n\n\n\n<hr class=\"wp-block-separator is-style-dots\"\/>\n\n\n\n<div class=\"wp-block-ps2id-block-target\" id=\"Deep-WTR\"><\/div>\n\n\n\n<div class=\"wp-block-cover alignfull has-background-dim\" style=\"min-height:360px\"><img loading=\"lazy\" width=\"1920\" height=\"1280\" class=\"wp-block-cover__image-background wp-image-1599\" alt=\"\" src=\"https:\/\/eltrabajoquereconecta.org\/fl4m35\/wp-content\/uploads\/2021\/05\/kazuend-19SC2oaVZW0-unsplash-2-1.jpg\" style=\"object-position:44% 38%\" data-object-fit=\"cover\" data-object-position=\"44% 38%\" srcset=\"https:\/\/eltrabajoquereconecta.org\/fl4m35\/wp-content\/uploads\/2021\/05\/kazuend-19SC2oaVZW0-unsplash-2-1.jpg 1920w, https:\/\/eltrabajoquereconecta.org\/fl4m35\/wp-content\/uploads\/2021\/05\/kazuend-19SC2oaVZW0-unsplash-2-1-300x200.jpg 300w, https:\/\/eltrabajoquereconecta.org\/fl4m35\/wp-content\/uploads\/2021\/05\/kazuend-19SC2oaVZW0-unsplash-2-1-1024x683.jpg 1024w, https:\/\/eltrabajoquereconecta.org\/fl4m35\/wp-content\/uploads\/2021\/05\/kazuend-19SC2oaVZW0-unsplash-2-1-768x512.jpg 768w, https:\/\/eltrabajoquereconecta.org\/fl4m35\/wp-content\/uploads\/2021\/05\/kazuend-19SC2oaVZW0-unsplash-2-1-1536x1024.jpg 1536w\" sizes=\"(max-width: 1920px) 100vw, 1920px\" \/><div class=\"wp-block-cover__inner-container\">\n<h1 class=\"alignwide has-text-align-center\">Ecolog\u00eda profunda y<br>El Trabajo Que Reconecta<\/h1>\n<\/div><\/div>\n\n\n\n<p class=\"has-text-align-center\"><em>\u00bfC\u00f3mo contribuir positivamente al momento hist\u00f3rico actual de crisis y oportunidad? \u00bfC\u00f3mo avivar la llama de inspiraci\u00f3n que gu\u00eda la co-creaci\u00f3n de una vida m\u00e1s consciente, plena y responsable?&nbsp;<\/em><\/p>\n\n\n\n<p>En este taller te\u00f3rico-vivencial ahondaremos en las profundidades de nuestra interdependencia y pertenencia con la Tierra para, desde ah\u00ed, echar un vistazo a nuestras vidas y al irrepetible rol que se nos ha otorgado dentro de la danza planetaria.<\/p>\n\n\n\n<p>A trav\u00e9s de la metodolog\u00eda grupal de El Trabajo Que Reconecta y varias pr\u00e1cticas y aliados exploraremos en nuestras mentes y corazones la aventura de apertura, regeneraci\u00f3n y sostenibilidad que el planeta mismo solicita.<\/p>\n\n\n\n<hr class=\"wp-block-separator is-style-dots\"\/>\n\n\n\n<div class=\"wp-block-ps2id-block-target\" id=\"Ancestral-Reconnection\"><\/div>\n\n\n\n<div class=\"wp-block-cover alignfull has-background-dim\" style=\"min-height:360px\"><img loading=\"lazy\" width=\"1920\" height=\"1280\" class=\"wp-block-cover__image-background wp-image-1582\" alt=\"\" src=\"https:\/\/eltrabajoquereconecta.org\/fl4m35\/wp-content\/uploads\/2021\/05\/simon-wilkes-ShD7prRVI44-unsplash-1-1.jpg\" style=\"object-position:0% 65%\" data-object-fit=\"cover\" data-object-position=\"0% 65%\" srcset=\"https:\/\/eltrabajoquereconecta.org\/fl4m35\/wp-content\/uploads\/2021\/05\/simon-wilkes-ShD7prRVI44-unsplash-1-1.jpg 1920w, https:\/\/eltrabajoquereconecta.org\/fl4m35\/wp-content\/uploads\/2021\/05\/simon-wilkes-ShD7prRVI44-unsplash-1-1-300x200.jpg 300w, https:\/\/eltrabajoquereconecta.org\/fl4m35\/wp-content\/uploads\/2021\/05\/simon-wilkes-ShD7prRVI44-unsplash-1-1-1024x683.jpg 1024w, https:\/\/eltrabajoquereconecta.org\/fl4m35\/wp-content\/uploads\/2021\/05\/simon-wilkes-ShD7prRVI44-unsplash-1-1-768x512.jpg 768w, https:\/\/eltrabajoquereconecta.org\/fl4m35\/wp-content\/uploads\/2021\/05\/simon-wilkes-ShD7prRVI44-unsplash-1-1-1536x1024.jpg 1536w\" sizes=\"(max-width: 1920px) 100vw, 1920px\" \/><div class=\"wp-block-cover__inner-container\">\n<h1 class=\"alignwide has-text-align-center\">Reconexi\u00f3n ancestral<\/h1>\n<\/div><\/div>\n\n\n\n<p class=\"has-text-align-center\"><em>\u00bfC\u00f3mo conectar con la brillante promesa de nuestro destino personal en armon\u00eda con la fortaleza y sabidur\u00eda de nuestros ancestros?<\/em><\/p>\n\n\n\n<p>La reconexi\u00f3n ancestral nos encamina hacia nuestro destino floreciente al honrar el pasado, velar por las generaciones futuras y saborear la integridad y la belleza del momento presente.<\/p>\n\n\n\n<p>El trabajo en grupo, el ritual, el di\u00e1logo y la conexi\u00f3n con la naturaleza profundizan un renovado sentido de gratitud por el milagro de la vida. Desde esta ligereza y reconocimiento, es posible honrar nuestros dolores y penas para resurgir con ojos frescos llenos de alegr\u00eda y servicio.<\/p>\n\n\n\n<p>La Tierra y la gran familia humana nos gu\u00edan para hacer de nuestras vidas una expresi\u00f3n ben\u00e9fica de nuestro vibrante legado ancestral.<\/p>\n\n\n\n<hr class=\"wp-block-separator is-style-dots\"\/>\n\n\n\n<div class=\"wp-block-ps2id-block-target\" id=\"Spirituality\"><\/div>\n\n\n\n<div class=\"wp-block-cover alignfull has-background-dim\" style=\"min-height:360px\"><img loading=\"lazy\" width=\"1920\" height=\"1078\" class=\"wp-block-cover__image-background wp-image-1584\" alt=\"\" src=\"https:\/\/eltrabajoquereconecta.org\/fl4m35\/wp-content\/uploads\/2021\/05\/ice-tea-GwLKSvVajUI-unsplash-2-1.jpg\" style=\"object-position:46% 33%\" data-object-fit=\"cover\" data-object-position=\"46% 33%\" srcset=\"https:\/\/eltrabajoquereconecta.org\/fl4m35\/wp-content\/uploads\/2021\/05\/ice-tea-GwLKSvVajUI-unsplash-2-1.jpg 1920w, https:\/\/eltrabajoquereconecta.org\/fl4m35\/wp-content\/uploads\/2021\/05\/ice-tea-GwLKSvVajUI-unsplash-2-1-300x168.jpg 300w, https:\/\/eltrabajoquereconecta.org\/fl4m35\/wp-content\/uploads\/2021\/05\/ice-tea-GwLKSvVajUI-unsplash-2-1-1024x575.jpg 1024w, https:\/\/eltrabajoquereconecta.org\/fl4m35\/wp-content\/uploads\/2021\/05\/ice-tea-GwLKSvVajUI-unsplash-2-1-768x431.jpg 768w, https:\/\/eltrabajoquereconecta.org\/fl4m35\/wp-content\/uploads\/2021\/05\/ice-tea-GwLKSvVajUI-unsplash-2-1-1536x862.jpg 1536w\" sizes=\"(max-width: 1920px) 100vw, 1920px\" \/><div class=\"wp-block-cover__inner-container\">\n<h1 class=\"alignwide has-text-align-center\">La espiritualidad en la era planetaria<\/h1>\n<\/div><\/div>\n\n\n\n<p>La espiritualidad en la era planetaria, este momento hist\u00f3rico de gran luz y sombra en el que las actividades de nuestra especie son sentidas por el ecosistema global, nos invita con urgencia a recobrar el sentido de lo sagrado en la vida cotidiana. No obstante, en nuestras sociedades pareciera reinar el entumecimiento, la destrucci\u00f3n ecol\u00f3gica y el letargo espiritual, mientras que la especie humana es reducida a una m\u00e1quina de crecimiento econ\u00f3mico. <\/p>\n\n\n\n<p>Quiz\u00e1 ahora mas que nunca se vuelve necesario embarcarnos en una profunda transformaci\u00f3n del ser humano hacia una expresi\u00f3n respetuosa y celebratoria de la trama de la vida. Este viaje de autorrealizaci\u00f3n engendra al verdadero humano planetario, y con ello la posibilidad de un futuro viable para todos.<\/p>\n\n\n\n<hr class=\"wp-block-separator is-style-dots\"\/>\n\n\n\n<div class=\"wp-block-ps2id-block-target\" id=\"Self-care\"><\/div>\n\n\n\n<div class=\"wp-block-cover alignfull has-background-dim\" style=\"min-height:360px\"><img loading=\"lazy\" width=\"1920\" height=\"1280\" class=\"wp-block-cover__image-background wp-image-1600\" alt=\"\" src=\"https:\/\/eltrabajoquereconecta.org\/fl4m35\/wp-content\/uploads\/2021\/05\/laurentiu-morariu-wUHaxFCwghA-unsplash-1-1.jpg\" style=\"object-position:45% 69%\" data-object-fit=\"cover\" data-object-position=\"45% 69%\" srcset=\"https:\/\/eltrabajoquereconecta.org\/fl4m35\/wp-content\/uploads\/2021\/05\/laurentiu-morariu-wUHaxFCwghA-unsplash-1-1.jpg 1920w, https:\/\/eltrabajoquereconecta.org\/fl4m35\/wp-content\/uploads\/2021\/05\/laurentiu-morariu-wUHaxFCwghA-unsplash-1-1-300x200.jpg 300w, https:\/\/eltrabajoquereconecta.org\/fl4m35\/wp-content\/uploads\/2021\/05\/laurentiu-morariu-wUHaxFCwghA-unsplash-1-1-1024x683.jpg 1024w, https:\/\/eltrabajoquereconecta.org\/fl4m35\/wp-content\/uploads\/2021\/05\/laurentiu-morariu-wUHaxFCwghA-unsplash-1-1-768x512.jpg 768w, https:\/\/eltrabajoquereconecta.org\/fl4m35\/wp-content\/uploads\/2021\/05\/laurentiu-morariu-wUHaxFCwghA-unsplash-1-1-1536x1024.jpg 1536w\" sizes=\"(max-width: 1920px) 100vw, 1920px\" \/><div class=\"wp-block-cover__inner-container\">\n<h1 class=\"alignwide has-text-align-center\">El yoga del auto-cuidado:<\/h1>\n\n\n\n<h3 class=\"alignwide has-text-align-center\">T\u00e9cnicas contemplativas para el bienestar integral<\/h3>\n<\/div><\/div>\n\n\n\n<p>Este taller provee una valiosa oportunidad de conexi\u00f3n, relajaci\u00f3n y restauraci\u00f3n a trav\u00e9s de t\u00e9cnicas contemplativas de auto-cuidado y bienestar integral. De la milenaria tradici\u00f3n del yoga y su integraci\u00f3n con tradiciones espirituales y propuestas contempor\u00e1neas deriva una refinada habilidad para mantener un estado \u00f3ptimo de salud y bienestar integral, incluso al encarar las diversas presiones de la vida cotidiana. <\/p>\n\n\n\n<p>Charlas, posturas f\u00edsicas (<em>asana<\/em>), respiraci\u00f3n consciente (<em>pranayama<\/em>), atenci\u00f3n plena, vocalizaci\u00f3n (<em>mantra<\/em>), yoga de los sue\u00f1os (<em>yoga nidra<\/em>) y la alfabetizaci\u00f3n emocional son nuestros aliados principales para cultivar un recurso interno siempre presente de paz, ecuanimidad, flexibilidad y compasi\u00f3n.<\/p>\n","protected":false},"excerpt":{"rendered":"<p>Los talleres, cursos y retiros combinan charlas, trabajo grupal y actividades experienciales basadas en un modelo pedag\u00f3gico transformativo, participativo, compasivo e integral. Los talleres y retiros&nbsp;suelen tener&nbsp;distintas duraciones (desde medio d\u00eda a diez), abiertos a para diversas audiencias&nbsp;(tanto en ingl\u00e9s como en espa\u00f1ol). A menudo los ofrecimientos son compartidos con otros facilitadores y propuestas. Abajo &#8230; <a title=\"Talleres\" class=\"read-more\" href=\"https:\/\/eltrabajoquereconecta.org\/fl4m35\/es\/talleres\/\" aria-label=\"More on Talleres\">Read more<\/a><\/p>\n","protected":false},"author":2,"featured_media":0,"parent":0,"menu_order":0,"comment_status":"closed","ping_status":"closed","template":"","meta":{"spay_email":""},"uagb_featured_image_src":{"full":false,"thumbnail":false,"medium":false,"medium_large":false,"large":false,"1536x1536":false,"2048x2048":false},"uagb_author_info":{"display_name":"adrianvg","author_link":"https:\/\/eltrabajoquereconecta.org\/fl4m35\/author\/adrianvg\/"},"uagb_comment_info":0,"uagb_excerpt":"Los talleres, cursos y retiros combinan charlas, trabajo grupal y actividades experienciales basadas en un modelo pedag\u00f3gico transformativo, participativo, compasivo e integral. Los talleres y retiros&nbsp;suelen tener&nbsp;distintas duraciones (desde medio d\u00eda a diez), abiertos a para diversas audiencias&nbsp;(tanto en ingl\u00e9s como en espa\u00f1ol). A menudo los ofrecimientos son compartidos con otros facilitadores y propuestas. Abajo&hellip;","_links":{"self":[{"href":"https:\/\/eltrabajoquereconecta.org\/fl4m35\/wp-json\/wp\/v2\/pages\/1449"}],"collection":[{"href":"https:\/\/eltrabajoquereconecta.org\/fl4m35\/wp-json\/wp\/v2\/pages"}],"about":[{"href":"https:\/\/eltrabajoquereconecta.org\/fl4m35\/wp-json\/wp\/v2\/types\/page"}],"author":[{"embeddable":true,"href":"https:\/\/eltrabajoquereconecta.org\/fl4m35\/wp-json\/wp\/v2\/users\/2"}],"replies":[{"embeddable":true,"href":"https:\/\/eltrabajoquereconecta.org\/fl4m35\/wp-json\/wp\/v2\/comments?post=1449"}],"version-history":[{"count":8,"href":"https:\/\/eltrabajoquereconecta.org\/fl4m35\/wp-json\/wp\/v2\/pages\/1449\/revisions"}],"predecessor-version":[{"id":2187,"href":"https:\/\/eltrabajoquereconecta.org\/fl4m35\/wp-json\/wp\/v2\/pages\/1449\/revisions\/2187"}],"wp:attachment":[{"href":"https:\/\/eltrabajoquereconecta.org\/fl4m35\/wp-json\/wp\/v2\/media?parent=1449"}],"curies":[{"name":"wp","href":"https:\/\/api.w.org\/{rel}","templated":true}]}}