{"id":1434,"date":"2021-04-26T18:58:07","date_gmt":"2021-04-26T18:58:07","guid":{"rendered":"https:\/\/eltrabajoquereconecta.org\/fl4m35\/?page_id=1434"},"modified":"2021-05-09T19:30:35","modified_gmt":"2021-05-09T19:30:35","slug":"mi-enfoque","status":"publish","type":"page","link":"https:\/\/eltrabajoquereconecta.org\/fl4m35\/es\/mi-enfoque\/","title":{"rendered":"Mi Enfoque"},"content":{"rendered":"\n<div class=\"wp-block-cover alignfull has-background-dim\" style=\"min-height:360px\"><img loading=\"lazy\" width=\"2560\" height=\"1707\" class=\"wp-block-cover__image-background wp-image-188\" alt=\"\" src=\"https:\/\/eltrabajoquereconecta.org\/fl4m35\/wp-content\/uploads\/2021\/04\/arbolsun-scaled-1.jpeg\" data-object-fit=\"cover\" srcset=\"https:\/\/eltrabajoquereconecta.org\/fl4m35\/wp-content\/uploads\/2021\/04\/arbolsun-scaled-1.jpeg 2560w, https:\/\/eltrabajoquereconecta.org\/fl4m35\/wp-content\/uploads\/2021\/04\/arbolsun-scaled-1-300x200.jpeg 300w, https:\/\/eltrabajoquereconecta.org\/fl4m35\/wp-content\/uploads\/2021\/04\/arbolsun-scaled-1-1024x683.jpeg 1024w, https:\/\/eltrabajoquereconecta.org\/fl4m35\/wp-content\/uploads\/2021\/04\/arbolsun-scaled-1-768x512.jpeg 768w, https:\/\/eltrabajoquereconecta.org\/fl4m35\/wp-content\/uploads\/2021\/04\/arbolsun-scaled-1-1536x1024.jpeg 1536w, https:\/\/eltrabajoquereconecta.org\/fl4m35\/wp-content\/uploads\/2021\/04\/arbolsun-scaled-1-2048x1366.jpeg 2048w\" sizes=\"(max-width: 2560px) 100vw, 2560px\" \/><div class=\"wp-block-cover__inner-container\">\n<div style=\"height:20px\" aria-hidden=\"true\" class=\"wp-block-spacer\"><\/div>\n\n\n\n<blockquote class=\"wp-block-quote has-text-align-center is-style-default\"><p><strong>Coraz\u00f3n del cielo, coraz\u00f3n de la tierra: que las huellas de nuestros pies no las borren los vientos, que el camino que nos lleve hacia el amanecer sea fuego y luz en los sue\u00f1os.<\/strong><\/p><cite>Humberto Ak\u2019abal<\/cite><\/blockquote>\n<\/div><\/div>\n\n\n\n<p>Mi trabajo se basa en la comprensi\u00f3n de que los seres humanos somos mucho m\u00e1s de lo que com\u00fanmente se nos hace creer. Al igual que una semilla contiene en su interior la vital informaci\u00f3n requerida para desarrollarse en un vibrante \u00e1rbol, tambi\u00e9n <strong>nuestra semilla humana espera las f\u00e9rtiles condiciones para florecer en plenitud. <\/strong>Vistazos de esta plenitud han inspirado mi servicio para aliviar el sufrimiento, al tiempo de celebrar <strong>un marco integrador<\/strong> para honrar de mejor manera la condici\u00f3n humana.<\/p>\n\n\n\n<p>Tres \u00e1reas interconectadas han de ser atendidas si queremos hundir nuestras ra\u00edces en un suelo f\u00e9rtil y extender nuestras ramas para alcanzar el cielo: <strong>nuestra dimensi\u00f3n humana y ancestral, la Tierra y la naturaleza silvestre y el Gran Misterio<\/strong>. Los ancestros \u200b\u200by un sentido maduro de identidad, la sabidur\u00eda y la gu\u00eda del mundo natural y la presencia sanadora del Misterio que lo sostiene todo sirven como una potente trinidad que ofrece apoyo y gu\u00eda incomparables.<\/p>\n\n\n\n<p>Esta trinidad \u2013humano, Tierra, Esp\u00edritu\u2013 sirve como fuente y mapa de ruta que conduce a nuestra plenitud. Entonces, la pregunta es:\u00a0<em>\u00bfc\u00f3mo desarrollamos <strong>una relaci\u00f3n m\u00e1s amable y sana <\/strong>con nosotros mismos y nuestros seres queridos? <em>\u00bfc\u00f3mo<\/em><\/em> <em>reconectamos con la <strong>sabidur\u00eda de la naturaleza y aprendemos a dejarnos llevar por el Misterio sanador<\/strong> en el coraz\u00f3n de las cosas?<\/em><\/p>\n\n\n\n<h3 class=\"has-text-align-center uagb-heading-text\"><strong><em>&nbsp;<em>\u00bfC\u00f3mo invocamos la dimensi\u00f3n m\u00e1s genuina y despierta de qui\u00e9nes somos?<\/em><\/em><\/strong><\/h3>\n\n\n\n<p><strong>Anclado en el coraz\u00f3n<\/strong>, mi enfoque es inclusivo, honesto y compasivo, con el objetivo de <strong>equilibrar las necesidades personales y la actualizaci\u00f3n de nuestros potenciales,<\/strong> a menudo ocultos, que conducen a nuestro <strong>florecimiento y realizaci\u00f3n<\/strong>. Es posible, momento a momento, crear una vida llena de significado y prop\u00f3sito, belleza y bondad, a medida que transitamos las diferentes etapas de nuestro viaje aqu\u00ed en la Tierra.<\/p>\n","protected":false},"excerpt":{"rendered":"<p>Mi trabajo se basa en la comprensi\u00f3n de que los seres humanos somos mucho m\u00e1s de lo que com\u00fanmente se nos hace creer. Al igual que una semilla contiene en su interior la vital informaci\u00f3n requerida para desarrollarse en un vibrante \u00e1rbol, tambi\u00e9n nuestra semilla humana espera las f\u00e9rtiles condiciones para florecer en plenitud. Vistazos &#8230; <a title=\"Mi Enfoque\" class=\"read-more\" href=\"https:\/\/eltrabajoquereconecta.org\/fl4m35\/es\/mi-enfoque\/\" aria-label=\"More on Mi Enfoque\">Read more<\/a><\/p>\n","protected":false},"author":2,"featured_media":0,"parent":0,"menu_order":0,"comment_status":"closed","ping_status":"closed","template":"","meta":{"spay_email":""},"uagb_featured_image_src":{"full":false,"thumbnail":false,"medium":false,"medium_large":false,"large":false,"1536x1536":false,"2048x2048":false},"uagb_author_info":{"display_name":"adrianvg","author_link":"https:\/\/eltrabajoquereconecta.org\/fl4m35\/author\/adrianvg\/"},"uagb_comment_info":0,"uagb_excerpt":"Mi trabajo se basa en la comprensi\u00f3n de que los seres humanos somos mucho m\u00e1s de lo que com\u00fanmente se nos hace creer. Al igual que una semilla contiene en su interior la vital informaci\u00f3n requerida para desarrollarse en un vibrante \u00e1rbol, tambi\u00e9n nuestra semilla humana espera las f\u00e9rtiles condiciones para florecer en plenitud. Vistazos&hellip;","_links":{"self":[{"href":"https:\/\/eltrabajoquereconecta.org\/fl4m35\/wp-json\/wp\/v2\/pages\/1434"}],"collection":[{"href":"https:\/\/eltrabajoquereconecta.org\/fl4m35\/wp-json\/wp\/v2\/pages"}],"about":[{"href":"https:\/\/eltrabajoquereconecta.org\/fl4m35\/wp-json\/wp\/v2\/types\/page"}],"author":[{"embeddable":true,"href":"https:\/\/eltrabajoquereconecta.org\/fl4m35\/wp-json\/wp\/v2\/users\/2"}],"replies":[{"embeddable":true,"href":"https:\/\/eltrabajoquereconecta.org\/fl4m35\/wp-json\/wp\/v2\/comments?post=1434"}],"version-history":[{"count":2,"href":"https:\/\/eltrabajoquereconecta.org\/fl4m35\/wp-json\/wp\/v2\/pages\/1434\/revisions"}],"predecessor-version":[{"id":2087,"href":"https:\/\/eltrabajoquereconecta.org\/fl4m35\/wp-json\/wp\/v2\/pages\/1434\/revisions\/2087"}],"wp:attachment":[{"href":"https:\/\/eltrabajoquereconecta.org\/fl4m35\/wp-json\/wp\/v2\/media?parent=1434"}],"curies":[{"name":"wp","href":"https:\/\/api.w.org\/{rel}","templated":true}]}}