{"id":1409,"date":"2021-04-25T17:00:17","date_gmt":"2021-04-25T17:00:17","guid":{"rendered":"https:\/\/eltrabajoquereconecta.org\/fl4m35\/?page_id=1409"},"modified":"2021-05-09T01:12:58","modified_gmt":"2021-05-09T01:12:58","slug":"testimonios","status":"publish","type":"page","link":"https:\/\/eltrabajoquereconecta.org\/fl4m35\/es\/testimonios\/","title":{"rendered":"Testimonios"},"content":{"rendered":"\n<div class=\"wp-block-cover alignfull has-background-dim\" style=\"min-height:360px\"><img loading=\"lazy\" width=\"2560\" height=\"1915\" class=\"wp-block-cover__image-background wp-image-690\" alt=\"\" src=\"https:\/\/eltrabajoquereconecta.org\/fl4m35\/wp-content\/uploads\/2021\/04\/henry-perks-KtaY5il77QM-unsplash-scaled.jpg\" style=\"object-position:2% 68%\" data-object-fit=\"cover\" data-object-position=\"2% 68%\" srcset=\"https:\/\/eltrabajoquereconecta.org\/fl4m35\/wp-content\/uploads\/2021\/04\/henry-perks-KtaY5il77QM-unsplash-scaled.jpg 2560w, https:\/\/eltrabajoquereconecta.org\/fl4m35\/wp-content\/uploads\/2021\/04\/henry-perks-KtaY5il77QM-unsplash-300x224.jpg 300w, https:\/\/eltrabajoquereconecta.org\/fl4m35\/wp-content\/uploads\/2021\/04\/henry-perks-KtaY5il77QM-unsplash-1024x766.jpg 1024w, https:\/\/eltrabajoquereconecta.org\/fl4m35\/wp-content\/uploads\/2021\/04\/henry-perks-KtaY5il77QM-unsplash-768x574.jpg 768w, https:\/\/eltrabajoquereconecta.org\/fl4m35\/wp-content\/uploads\/2021\/04\/henry-perks-KtaY5il77QM-unsplash-1536x1149.jpg 1536w, https:\/\/eltrabajoquereconecta.org\/fl4m35\/wp-content\/uploads\/2021\/04\/henry-perks-KtaY5il77QM-unsplash-2048x1532.jpg 2048w\" sizes=\"(max-width: 2560px) 100vw, 2560px\" \/><div class=\"wp-block-cover__inner-container\">\n<h1 class=\"alignwide has-text-align-center\">Testimonios<\/h1>\n<\/div><\/div>\n\n\n\n<p class=\"has-text-align-center\"><em><em>Es mi gran placer recomendar a Adri\u00e1n Villase\u00f1or como gu\u00eda y maestro para todos aquellos en b\u00fasqueda de transformaci\u00f3n personal en servicio de la justicia ecol\u00f3gica y social. Adri\u00e1n est\u00e1 comprometido a servir a la vida en la Tierra y para tal tarea cuenta con una gran experiencia as\u00ed como con invaluables regalos de car\u00e1cter e intelecto\u2026Estoy muy contenta por el gran coraz\u00f3n de Adri\u00e1n y por su trabajo con grupos e individuos, as\u00ed como por su presencia sanadora en nuestro mundo.<\/em><\/em><\/p>\n\n\n\n<p class=\"has-text-align-center\"><strong><strong>Joanna Macy, PhD<\/strong><\/strong><\/p>\n\n\n\n<hr class=\"wp-block-separator is-style-dots\"\/>\n\n\n\n<p class=\"has-text-align-center\"><em>Para m\u00ed, [Adri\u00e1n] es un ejemplo de un investigador competente as\u00ed como la encarnaci\u00f3n de su propia investigaci\u00f3n. \u00c9l crea la teor\u00eda y la vive en su vida personal que, creo, transformar\u00e1 la tierra por dentro y por fuera. Espero con inter\u00e9s la profundizaci\u00f3n de su investigaci\u00f3n y ense\u00f1anza de manera que m\u00e1s de nosotros podamos aprender de \u00e9l y despertar a nuevas maneras de comprender la tierra y de vivir en esta joya de planeta.<\/em><\/p>\n\n\n\n<p class=\"has-text-align-center\"><strong>Hiroko Shiota, PhD<\/strong><\/p>\n\n\n\n<hr class=\"wp-block-separator is-style-dots\"\/>\n\n\n\n<p class=\"has-text-align-center\"><em>\u00a1\u00bfWow, qu\u00e9 decir!? No ten\u00eda idea qu\u00e9 esperar. \u00a1Qued\u00e9 fascinada con mi sesi\u00f3n con Adri\u00e1n! \u00a1Una cosa que podr\u00eda compartir es que sent\u00ed las \u00abimpurezas\u00bb dentro de m\u00ed dejando mi cuerpo y sal\u00ed sinti\u00e9ndome por lo menos 20 libras menos! Sus preguntas y enfoque acerca de lo que tra\u00eda (mis problemas) fueron manejadas con un cuidado y autenticidad comprensiva que me permiti\u00f3 sentirme segura. Su t\u00e9cnica para eliminarlas (las impurezas) parece muy antigua y pienso en \u00e9l como un Cham\u00e1n Urbano. \u00a1Recomiendo altamente tener una sesi\u00f3n con \u00e9l!<\/em><\/p>\n\n\n\n<p class=\"has-text-align-center\"><strong>Jada Delaney<\/strong><\/p>\n\n\n\n<hr class=\"wp-block-separator is-style-dots\"\/>\n\n\n\n<p class=\"has-text-align-center\">El trabajo de Adri\u00e1n ha sido una inspiraci\u00f3n&nbsp;para m\u00ed debido a su inmensa pasi\u00f3n y dedicaci\u00f3n para influenciar la transformaci\u00f3n&nbsp;personal, social y planetaria. Adri\u00e1n tiene una sagaz&nbsp;habilidad para ense\u00f1ar y sintetizar material intelectual en una manera clara y atractiva, que a la par de&nbsp;su c\u00e1lida, humilde y compasiva presencia, ofrece una refrescante perspectiva de los temas explorados. \u00c9l es una inspiraci\u00f3n para aquellos que trabajen en pro de una verdadera vivencia&nbsp;del aprendizaje intelectual, el auto-descubrimiento y la transformaci\u00f3n.<\/p>\n\n\n\n<p class=\"has-text-align-center\"><strong><strong>Workshop Participant<\/strong><\/strong><\/p>\n\n\n\n<hr class=\"wp-block-separator is-style-dots\"\/>\n\n\n\n<p class=\"has-text-align-center\"><em><em>Acud\u00ed a Adri\u00e1n durante un tiempo en el que experimentaba&nbsp;intensos episodios de trauma tanto personal como indirecto. No sab\u00eda qu\u00e9 esperar ni necesariamente qu\u00e9 era lo que quer\u00eda de la sesi\u00f3n, aparte de limpiar la energ\u00eda pesada y el trauma que se hab\u00eda acumulado&nbsp;en mi cuerpo durante los \u00faltimos meses. A trav\u00e9s de la singular energ\u00eda de Adri\u00e1n y de su capacidad para crear un espacio seguro pude no s\u00f3lo liberar el trauma y el dolor, sino tambi\u00e9n comenzar a escuchar el llamado m\u00e1s profundo de&nbsp;los problemas b\u00e1sicos al centro de mi Ser. Mi sesi\u00f3n con Adri\u00e1n estuvo&nbsp;infundida por una limpieza cham\u00e1nica y un toque ligero, pero lo m\u00e1s importante fue el espacio compasivo y libre de juicio creado en el que pude relajarme hacia mi ser TOTAL&nbsp;\u2013 este fue el regalo m\u00e1s grande de todos \u2013 y me fui sinti\u00e9ndome m\u00e1s ligera y sin remordimientos&nbsp;por mi propio poder, mi&nbsp;cuerpo y mi necesidad de ocupar espacio.<\/em><\/em><\/p>\n\n\n\n<p class=\"has-text-align-center\"><strong><strong>Sarah Grady<\/strong><\/strong><\/p>\n\n\n\n<hr class=\"wp-block-separator is-style-dots\"\/>\n\n\n\n<p class=\"has-text-align-center\"><em><em>Recomiendo absolutamente tener una sesi\u00f3n de sanaci\u00f3n elemental con Adri\u00e1n, \u00a1ya que me parece que es un verdadero sanador! Su presencia compasiva y consciencia plena evoca un fuerte sentido de apoyo y sabidur\u00eda del coraz\u00f3n que sirve de gu\u00eda. He encontrado su energ\u00eda curativa incre\u00edblemente potente pero tambi\u00e9n maravillosamente suave y por tanto transformativa en muchos niveles para mi mente, cuerpo y esp\u00edritu. Despu\u00e9s de mi sesi\u00f3n sent\u00ed un fuerte apoyo espiritual y energ\u00e9tico, empoderamiento y renovaci\u00f3n para llevar conmigo. Verdaderamente sent\u00ed que fue una de las sesiones de sanaci\u00f3n m\u00e1s poderosas que he tenido en mucho tiempo. Su formaci\u00f3n en diversas tradiciones de sanaci\u00f3n y tradiciones de sabidur\u00eda ancestral resplandece en su trabajo. \u00a1Espero que te regales la oportunidad para reunirte con \u00e9l y experimentar esto por ti mismo!<\/em><\/em><\/p>\n\n\n\n<p class=\"has-text-align-center\"><strong><strong><strong>Jennie Hicks<\/strong><\/strong><\/strong><\/p>\n","protected":false},"excerpt":{"rendered":"<p>Es mi gran placer recomendar a Adri\u00e1n Villase\u00f1or como gu\u00eda y maestro para todos aquellos en b\u00fasqueda de transformaci\u00f3n personal en servicio de la justicia ecol\u00f3gica y social. Adri\u00e1n est\u00e1 comprometido a servir a la vida en la Tierra y para tal tarea cuenta con una gran experiencia as\u00ed como con invaluables regalos de car\u00e1cter &#8230; <a title=\"Testimonios\" class=\"read-more\" href=\"https:\/\/eltrabajoquereconecta.org\/fl4m35\/es\/testimonios\/\" aria-label=\"More on Testimonios\">Read more<\/a><\/p>\n","protected":false},"author":2,"featured_media":0,"parent":0,"menu_order":0,"comment_status":"closed","ping_status":"closed","template":"","meta":{"spay_email":""},"uagb_featured_image_src":{"full":false,"thumbnail":false,"medium":false,"medium_large":false,"large":false,"1536x1536":false,"2048x2048":false},"uagb_author_info":{"display_name":"adrianvg","author_link":"https:\/\/eltrabajoquereconecta.org\/fl4m35\/author\/adrianvg\/"},"uagb_comment_info":0,"uagb_excerpt":"Es mi gran placer recomendar a Adri\u00e1n Villase\u00f1or como gu\u00eda y maestro para todos aquellos en b\u00fasqueda de transformaci\u00f3n personal en servicio de la justicia ecol\u00f3gica y social. Adri\u00e1n est\u00e1 comprometido a servir a la vida en la Tierra y para tal tarea cuenta con una gran experiencia as\u00ed como con invaluables regalos de car\u00e1cter&hellip;","_links":{"self":[{"href":"https:\/\/eltrabajoquereconecta.org\/fl4m35\/wp-json\/wp\/v2\/pages\/1409"}],"collection":[{"href":"https:\/\/eltrabajoquereconecta.org\/fl4m35\/wp-json\/wp\/v2\/pages"}],"about":[{"href":"https:\/\/eltrabajoquereconecta.org\/fl4m35\/wp-json\/wp\/v2\/types\/page"}],"author":[{"embeddable":true,"href":"https:\/\/eltrabajoquereconecta.org\/fl4m35\/wp-json\/wp\/v2\/users\/2"}],"replies":[{"embeddable":true,"href":"https:\/\/eltrabajoquereconecta.org\/fl4m35\/wp-json\/wp\/v2\/comments?post=1409"}],"version-history":[{"count":2,"href":"https:\/\/eltrabajoquereconecta.org\/fl4m35\/wp-json\/wp\/v2\/pages\/1409\/revisions"}],"predecessor-version":[{"id":1896,"href":"https:\/\/eltrabajoquereconecta.org\/fl4m35\/wp-json\/wp\/v2\/pages\/1409\/revisions\/1896"}],"wp:attachment":[{"href":"https:\/\/eltrabajoquereconecta.org\/fl4m35\/wp-json\/wp\/v2\/media?parent=1409"}],"curies":[{"name":"wp","href":"https:\/\/api.w.org\/{rel}","templated":true}]}}