{"id":1041,"date":"2021-04-12T18:25:30","date_gmt":"2021-04-12T18:25:30","guid":{"rendered":"https:\/\/eltrabajoquereconecta.org\/fl4m35\/?page_id=1041"},"modified":"2021-05-09T21:46:10","modified_gmt":"2021-05-09T21:46:10","slug":"newsletter-es","status":"publish","type":"page","link":"https:\/\/eltrabajoquereconecta.org\/fl4m35\/es\/newsletter-es\/","title":{"rendered":"Bolet\u00edn"},"content":{"rendered":"\n<div class=\"wp-block-cover alignfull has-background-dim\" style=\"min-height:360px\"><img loading=\"lazy\" width=\"1920\" height=\"1280\" class=\"wp-block-cover__image-background wp-image-1603\" alt=\"\" src=\"https:\/\/eltrabajoquereconecta.org\/fl4m35\/wp-content\/uploads\/2021\/05\/raimond-klavins-LQUkHfF7W64-unsplash-1-1.jpg\" style=\"object-position:50% 38%\" data-object-fit=\"cover\" data-object-position=\"50% 38%\" srcset=\"https:\/\/eltrabajoquereconecta.org\/fl4m35\/wp-content\/uploads\/2021\/05\/raimond-klavins-LQUkHfF7W64-unsplash-1-1.jpg 1920w, https:\/\/eltrabajoquereconecta.org\/fl4m35\/wp-content\/uploads\/2021\/05\/raimond-klavins-LQUkHfF7W64-unsplash-1-1-300x200.jpg 300w, https:\/\/eltrabajoquereconecta.org\/fl4m35\/wp-content\/uploads\/2021\/05\/raimond-klavins-LQUkHfF7W64-unsplash-1-1-1024x683.jpg 1024w, https:\/\/eltrabajoquereconecta.org\/fl4m35\/wp-content\/uploads\/2021\/05\/raimond-klavins-LQUkHfF7W64-unsplash-1-1-768x512.jpg 768w, https:\/\/eltrabajoquereconecta.org\/fl4m35\/wp-content\/uploads\/2021\/05\/raimond-klavins-LQUkHfF7W64-unsplash-1-1-1536x1024.jpg 1536w\" sizes=\"(max-width: 1920px) 100vw, 1920px\" \/><div class=\"wp-block-cover__inner-container\">\n<h1 class=\"alignwide has-text-align-center\">Bolet\u00edn<\/h1>\n<\/div><\/div>\n\n\n\n<h2 class=\"has-text-align-center\"><strong>2020<\/strong><\/h2>\n\n\n\n<ul><li>Month: <a href=\"https:\/\/mailchi.mp\/d47f87281b8a\/earth-reconnection-ancestral-healingreconexin-con-la-tierra-y-sanacin-ancestral-9469037?fbclid=IwAR3FRFAWS8ZvPL1r59FMHJjvBR3nFyiKpasIyxLK7sBZSxVnRPqtUwwIyVA\" target=\"_blank\" rel=\"noreferrer noopener\">El llamado silvestre de la naturaleza<\/a><\/li><li>Month: <a href=\"https:\/\/mailchi.mp\/91a9720167f1\/earth-reconnection-ancestral-healingreconexin-con-la-tierra-y-sanacin-ancestral\" target=\"_blank\" rel=\"noreferrer noopener\">El Trabajo Que Reconecta y Sanaci\u00f3n ancestral<\/a><\/li><\/ul>\n\n\n\n<hr class=\"wp-block-separator is-style-dots\"\/>\n\n\n\n<h2 class=\"has-text-align-center\"><strong>2019<\/strong><\/h2>\n\n\n\n<ul><li>Month: <a href=\"https:\/\/mailchi.mp\/b494a35acde3\/eventos-prximos-y-noticias-news-and-upcoming-events\" target=\"_blank\" rel=\"noreferrer noopener\">Congresos, visita a Brasil, recursos<\/a><\/li><li>Month: <a href=\"https:\/\/mailchi.mp\/859356d330b9\/living-flames-bioalkimia-newsflash-noticias-2422641\" target=\"_blank\" rel=\"noreferrer noopener\">Nuevo libro, visita a Chile, gu\u00eda TQR<\/a><\/li><\/ul>\n\n\n\n<hr class=\"wp-block-separator is-style-dots\"\/>\n\n\n\n<h2 class=\"has-text-align-center\"><strong>2018<\/strong><\/h2>\n\n\n\n<ul><li>Month: <a href=\"https:\/\/mailchi.mp\/4ff25d037aba\/living-flames-bioalkimia-newsflash-noticias\" target=\"_blank\" rel=\"noreferrer noopener\">Proyecto reconexi\u00f3n original y actividades pasadas<\/a><\/li><li>Month: <a href=\"https:\/\/mailchi.mp\/5cc9cbf32ef9\/corazondelcielo\" target=\"_blank\" rel=\"noreferrer noopener\">El TQR en Chile, nuevo libro y presentaciones<\/a><\/li><\/ul>\n\n\n\n<hr class=\"wp-block-separator is-style-dots\"\/>\n\n\n\n<h2 class=\"has-text-align-center\"><strong>2017<\/strong><\/h2>\n\n\n\n<ul><li>Month: <a href=\"https:\/\/mailchi.mp\/11ff00c3110e\/entrenamiento-latinoamericano-del-tqr-latin-american-wtr-training\" target=\"_blank\" rel=\"noreferrer noopener\">Entrenamiento en EL TQR, libros y actividades<\/a><\/li><li>Month: <a href=\"https:\/\/us4.campaign-archive.com\/?u=5d38c8024f0d2924a3efabe77&amp;id=c9ec21ded1\" target=\"_blank\" rel=\"noreferrer noopener\">Nuevo a\u00f1o, entrenamiento en El TQR y actividades<\/a><\/li><\/ul>\n\n\n\n<hr class=\"wp-block-separator is-style-dots\"\/>\n\n\n\n<h2 class=\"has-text-align-center\"><strong>201<\/strong>6<\/h2>\n\n\n\n<ul><li>Month: <a href=\"https:\/\/us4.campaign-archive.com\/?u=5d38c8024f0d2924a3efabe77&amp;id=d13f53ee7e\" target=\"_blank\" rel=\"noreferrer noopener\">Newsletter de oto\u00f1o: libro sanaci\u00f3n ancestral y actividades<\/a><\/li><li>Month: <a href=\"https:\/\/us4.campaign-archive.com\/?u=5d38c8024f0d2924a3efabe77&amp;id=c12e61e7bd\" target=\"_blank\" rel=\"noreferrer noopener\">Newsletter de verano: actividades en M\u00e9xico<\/a><\/li><\/ul>\n\n\n\n<hr class=\"wp-block-separator is-style-dots\"\/>\n\n\n\n<h2 class=\"has-text-align-center\"><strong>201<\/strong>5<\/h2>\n\n\n\n<ul><li>Month: <a href=\"https:\/\/us4.campaign-archive.com\/?u=5d38c8024f0d2924a3efabe77&amp;id=f54770c1a2\" target=\"_blank\" rel=\"noreferrer noopener\">Newsletter de invierno y ofrecimientos<\/a><\/li><li>Month: <a href=\"https:\/\/us4.campaign-archive.com\/?u=5d38c8024f0d2924a3efabe77&amp;id=7a257d3b2c\" target=\"_blank\" rel=\"noreferrer noopener\">Newsletter de oto\u00f1o: libros nuevos<\/a><\/li><\/ul>\n\n\n\n<hr class=\"wp-block-separator is-style-dots\"\/>\n\n\n\n<h2 class=\"has-text-align-center\"><strong>201<\/strong>3<\/h2>\n\n\n\n<ul><li>Month: <a rel=\"noreferrer noopener\" href=\"https:\/\/us4.campaign-archive.com\/?u=5d38c8024f0d2924a3efabe77&amp;id=f54770c1a2\" target=\"_blank\"><\/a><a href=\"https:\/\/us4.campaign-archive.com\/?u=5d38c8024f0d2924a3efabe77&amp;id=f54770c1a2\">Newsletter de verano: ofrecimientos<\/a><\/li><li>Month: <a rel=\"noreferrer noopener\" href=\"https:\/\/us4.campaign-archive.com\/?u=5d38c8024f0d2924a3efabe77&amp;id=da78381ad1\" target=\"_blank\"><\/a><a href=\"https:\/\/us4.campaign-archive.com\/?u=5d38c8024f0d2924a3efabe77&amp;id=da78381ad1\">Bienvenidos a Living Flames<\/a><\/li><\/ul>\n","protected":false},"excerpt":{"rendered":"<p>2020 Month: El llamado silvestre de la naturaleza Month: El Trabajo Que Reconecta y Sanaci\u00f3n ancestral 2019 Month: Congresos, visita a Brasil, recursos Month: Nuevo libro, visita a Chile, gu\u00eda TQR 2018 Month: Proyecto reconexi\u00f3n original y actividades pasadas Month: El TQR en Chile, nuevo libro y presentaciones 2017 Month: Entrenamiento en EL TQR, libros &#8230; <a title=\"Bolet\u00edn\" class=\"read-more\" href=\"https:\/\/eltrabajoquereconecta.org\/fl4m35\/es\/newsletter-es\/\" aria-label=\"More on Bolet\u00edn\">Read more<\/a><\/p>\n","protected":false},"author":1,"featured_media":0,"parent":0,"menu_order":0,"comment_status":"closed","ping_status":"closed","template":"","meta":{"spay_email":""},"uagb_featured_image_src":{"full":false,"thumbnail":false,"medium":false,"medium_large":false,"large":false,"1536x1536":false,"2048x2048":false},"uagb_author_info":{"display_name":"ormando","author_link":"https:\/\/eltrabajoquereconecta.org\/fl4m35\/author\/adrianvg7\/"},"uagb_comment_info":0,"uagb_excerpt":"2020 Month: El llamado silvestre de la naturaleza Month: El Trabajo Que Reconecta y Sanaci\u00f3n ancestral 2019 Month: Congresos, visita a Brasil, recursos Month: Nuevo libro, visita a Chile, gu\u00eda TQR 2018 Month: Proyecto reconexi\u00f3n original y actividades pasadas Month: El TQR en Chile, nuevo libro y presentaciones 2017 Month: Entrenamiento en EL TQR, libros&hellip;","_links":{"self":[{"href":"https:\/\/eltrabajoquereconecta.org\/fl4m35\/wp-json\/wp\/v2\/pages\/1041"}],"collection":[{"href":"https:\/\/eltrabajoquereconecta.org\/fl4m35\/wp-json\/wp\/v2\/pages"}],"about":[{"href":"https:\/\/eltrabajoquereconecta.org\/fl4m35\/wp-json\/wp\/v2\/types\/page"}],"author":[{"embeddable":true,"href":"https:\/\/eltrabajoquereconecta.org\/fl4m35\/wp-json\/wp\/v2\/users\/1"}],"replies":[{"embeddable":true,"href":"https:\/\/eltrabajoquereconecta.org\/fl4m35\/wp-json\/wp\/v2\/comments?post=1041"}],"version-history":[{"count":4,"href":"https:\/\/eltrabajoquereconecta.org\/fl4m35\/wp-json\/wp\/v2\/pages\/1041\/revisions"}],"predecessor-version":[{"id":2165,"href":"https:\/\/eltrabajoquereconecta.org\/fl4m35\/wp-json\/wp\/v2\/pages\/1041\/revisions\/2165"}],"wp:attachment":[{"href":"https:\/\/eltrabajoquereconecta.org\/fl4m35\/wp-json\/wp\/v2\/media?parent=1041"}],"curies":[{"name":"wp","href":"https:\/\/api.w.org\/{rel}","templated":true}]}}