{"id":1037,"date":"2021-04-12T16:28:19","date_gmt":"2021-04-12T16:28:19","guid":{"rendered":"https:\/\/eltrabajoquereconecta.org\/fl4m35\/?page_id=1037"},"modified":"2021-05-10T00:46:04","modified_gmt":"2021-05-10T00:46:04","slug":"sesiones","status":"publish","type":"page","link":"https:\/\/eltrabajoquereconecta.org\/fl4m35\/es\/sesiones\/","title":{"rendered":"Sesiones"},"content":{"rendered":"\n<div class=\"wp-block-cover alignfull has-background-dim\" style=\"min-height:360px\"><img loading=\"lazy\" width=\"1920\" height=\"1280\" class=\"wp-block-cover__image-background wp-image-1606\" alt=\"\" src=\"https:\/\/eltrabajoquereconecta.org\/fl4m35\/wp-content\/uploads\/2021\/05\/ugne-vasyliute-Dag9cv89jb4-unsplash-1-1.jpg\" style=\"object-position:5% 52%\" data-object-fit=\"cover\" data-object-position=\"5% 52%\" srcset=\"https:\/\/eltrabajoquereconecta.org\/fl4m35\/wp-content\/uploads\/2021\/05\/ugne-vasyliute-Dag9cv89jb4-unsplash-1-1.jpg 1920w, https:\/\/eltrabajoquereconecta.org\/fl4m35\/wp-content\/uploads\/2021\/05\/ugne-vasyliute-Dag9cv89jb4-unsplash-1-1-300x200.jpg 300w, https:\/\/eltrabajoquereconecta.org\/fl4m35\/wp-content\/uploads\/2021\/05\/ugne-vasyliute-Dag9cv89jb4-unsplash-1-1-1024x683.jpg 1024w, https:\/\/eltrabajoquereconecta.org\/fl4m35\/wp-content\/uploads\/2021\/05\/ugne-vasyliute-Dag9cv89jb4-unsplash-1-1-768x512.jpg 768w, https:\/\/eltrabajoquereconecta.org\/fl4m35\/wp-content\/uploads\/2021\/05\/ugne-vasyliute-Dag9cv89jb4-unsplash-1-1-1536x1024.jpg 1536w\" sizes=\"(max-width: 1920px) 100vw, 1920px\" \/><div class=\"wp-block-cover__inner-container\">\n<h1 class=\"alignwide has-text-align-center\">Sesiones<\/h1>\n<\/div><\/div>\n\n\n\n<section class=\"wp-block-uagb-columns uagb-columns__wrap uagb-columns__background-undefined uagb-columns__stack-mobile uagb-columns__valign-undefined uagb-columns__gap-10 alignwide uagb-block-88e38c41\"><div class=\"uagb-columns__overlay\"><\/div><div class=\"uagb-columns__inner-wrap uagb-columns__columns-4\">\n<div class=\"wp-block-uagb-column uagb-column__wrap uagb-column__background-undefined uagb-block-defe5664\"><div class=\"uagb-column__overlay\"><\/div><div class=\"uagb-column__inner-wrap\">\n<div class=\"wp-block-image is-style-rounded\"><figure class=\"aligncenter size-large is-resized\"><a href=\"#Psycho-spiritual\"><img loading=\"lazy\" src=\"https:\/\/eltrabajoquereconecta.org\/fl4m35\/wp-content\/uploads\/2021\/04\/wtr-edited-1.jpg\" alt=\"\" class=\"wp-image-427\" width=\"150\" height=\"150\" srcset=\"https:\/\/eltrabajoquereconecta.org\/fl4m35\/wp-content\/uploads\/2021\/04\/wtr-edited-1.jpg 255w, https:\/\/eltrabajoquereconecta.org\/fl4m35\/wp-content\/uploads\/2021\/04\/wtr-edited-1-150x150.jpg 150w\" sizes=\"(max-width: 150px) 100vw, 150px\" \/><\/a><\/figure><\/div>\n\n\n\n<p class=\"has-text-align-center\"><a href=\"#Psycho-spiritual\" data-type=\"internal\" data-id=\"#Psycho-spiritual\"><strong>Acompa\u00f1amiento psico-espiritual<\/strong><\/a><\/p>\n<\/div><\/div>\n\n\n\n<div class=\"wp-block-uagb-column uagb-column__wrap uagb-column__background-undefined uagb-block-44326952\"><div class=\"uagb-column__overlay\"><\/div><div class=\"uagb-column__inner-wrap\">\n<div class=\"wp-block-image is-style-rounded\"><figure class=\"aligncenter size-thumbnail is-resized\"><a href=\"#Family-Constellations\"><img loading=\"lazy\" src=\"https:\/\/eltrabajoquereconecta.org\/fl4m35\/wp-content\/uploads\/2021\/04\/paul-talbot-pQDBGxtiDEo-unsplash-150x150.png\" alt=\"\" class=\"wp-image-680\" width=\"150\" height=\"150\"\/><\/a><\/figure><\/div>\n\n\n\n<p class=\"has-text-align-center\"><strong><a href=\"#Family-Constellations\">Constelaciones familiares<\/a><\/strong><\/p>\n<\/div><\/div>\n\n\n\n<div class=\"wp-block-uagb-column uagb-column__wrap uagb-column__background-undefined uagb-block-fbb6f042\"><div class=\"uagb-column__overlay\"><\/div><div class=\"uagb-column__inner-wrap\">\n<div class=\"wp-block-image is-style-rounded\"><figure class=\"aligncenter size-thumbnail is-resized\"><a href=\"#Ancestral-lineage\"><img loading=\"lazy\" src=\"https:\/\/eltrabajoquereconecta.org\/fl4m35\/wp-content\/uploads\/2021\/04\/luke-richardson-OJo6TXpFGiY-unsplash-150x150.png\" alt=\"\" class=\"wp-image-675\" width=\"150\" height=\"150\"\/><\/a><\/figure><\/div>\n\n\n\n<p class=\"has-text-align-center\"><a href=\"#Ancestral-lineage\" data-type=\"internal\" data-id=\"#Ancestral-lineage\"><strong>Sanaci\u00f3n del Linaje Ancestral<\/strong><\/a><\/p>\n<\/div><\/div>\n\n\n\n<div class=\"wp-block-uagb-column uagb-column__wrap uagb-column__background-undefined uagb-block-3f5fc146\"><div class=\"uagb-column__overlay\"><\/div><div class=\"uagb-column__inner-wrap\">\n<div class=\"wp-block-image is-style-rounded\"><figure class=\"aligncenter size-large is-resized\"><a href=\"#Elemental-healing\"><img loading=\"lazy\" src=\"https:\/\/eltrabajoquereconecta.org\/fl4m35\/wp-content\/uploads\/2021\/04\/sanacionelemental-edited-1.jpg\" alt=\"\" class=\"wp-image-438\" width=\"150\" height=\"150\" srcset=\"https:\/\/eltrabajoquereconecta.org\/fl4m35\/wp-content\/uploads\/2021\/04\/sanacionelemental-edited-1.jpg 1024w, https:\/\/eltrabajoquereconecta.org\/fl4m35\/wp-content\/uploads\/2021\/04\/sanacionelemental-edited-1-300x300.jpg 300w, https:\/\/eltrabajoquereconecta.org\/fl4m35\/wp-content\/uploads\/2021\/04\/sanacionelemental-edited-1-150x150.jpg 150w, https:\/\/eltrabajoquereconecta.org\/fl4m35\/wp-content\/uploads\/2021\/04\/sanacionelemental-edited-1-768x767.jpg 768w\" sizes=\"(max-width: 150px) 100vw, 150px\" \/><\/a><\/figure><\/div>\n\n\n\n<p class=\"has-text-align-center\"><a href=\"#Elemental-healing\"><strong>Sanaci\u00f3n Elemental<\/strong><\/a><\/p>\n<\/div><\/div>\n<\/div><\/section>\n\n\n\n<div class=\"wp-block-buttons is-content-justification-center\">\n<div class=\"wp-block-button less-margin-top\"><a class=\"wp-block-button__link has-white-color has-vivid-red-background-color has-text-color has-background\" href=\"#Scheduling\" style=\"border-radius:5px\"><strong>Agenda aqu\u00ed<\/strong><\/a><\/div>\n<\/div>\n\n\n\n<hr class=\"wp-block-separator is-style-dots\"\/>\n\n\n\n<div class=\"wp-block-ps2id-block-target\" id=\"Psycho-spiritual\"><\/div>\n\n\n\n<div class=\"wp-block-cover alignfull has-background-dim\" style=\"min-height:360px\"><img loading=\"lazy\" width=\"300\" height=\"256\" class=\"wp-block-cover__image-background wp-image-76\" alt=\"\" src=\"https:\/\/eltrabajoquereconecta.org\/fl4m35\/wp-content\/uploads\/2021\/04\/wtr.jpg\" data-object-fit=\"cover\"\/><div class=\"wp-block-cover__inner-container\">\n<h1 class=\"alignwide has-text-align-center\">Acompa\u00f1amiento psico-espiritual<\/h1>\n\n\n\n<h4 class=\"alignwide has-text-align-center\"><em>El milagro de la existencia es variado y complejo, lleno de tonos y claroscuros propios de la experiencia humana.<\/em><\/h4>\n<\/div><\/div>\n\n\n\n<p class=\"has-black-color has-text-color\">En ciertos momentos\u2014procesos de duelo, crisis existenciales, b\u00fasqueda psico-espiritual, transiciones de vida, etc.\u2014es de suma ayuda buscar apoyo. Las sesiones cultivan los recursos auto-curativos del consultante y la gu\u00eda siempre-presente que emana de su propia sabidur\u00eda interna. Las principales escuelas que informan las sesiones son:<\/p>\n\n\n\n<section class=\"wp-block-uagb-columns uagb-columns__wrap uagb-columns__background-undefined uagb-columns__stack-mobile uagb-columns__valign-center uagb-columns__gap-10 alignundefined uagb-block-2b2b9490\"><div class=\"uagb-columns__overlay\"><\/div><div class=\"uagb-columns__inner-wrap uagb-columns__columns-2\">\n<div class=\"wp-block-uagb-column uagb-column__wrap uagb-column__background-color uagb-block-e4d5b91c\"><div class=\"uagb-column__overlay\"><\/div><div class=\"uagb-column__inner-wrap\">\n<h4 class=\"has-text-align-center has-black-color has-text-color\">Ecopsicolog\u00eda integral<\/h4>\n<\/div><\/div>\n\n\n\n<div class=\"wp-block-uagb-column uagb-column__wrap uagb-column__background-color uagb-block-8cffd39e\"><div class=\"uagb-column__overlay\"><\/div><div class=\"uagb-column__inner-wrap\">\n<h4 class=\"has-text-align-center has-black-color has-text-color\">Psicolog\u00eda sist\u00e9mica<br>y transpersonal<\/h4>\n<\/div><\/div>\n<\/div><\/section>\n\n\n\n<section class=\"wp-block-uagb-columns uagb-columns__wrap uagb-columns__background-undefined uagb-columns__stack-mobile uagb-columns__valign-center uagb-columns__gap-10 alignundefined uagb-block-9192796c\"><div class=\"uagb-columns__overlay\"><\/div><div class=\"uagb-columns__inner-wrap uagb-columns__columns-2\">\n<div class=\"wp-block-uagb-column uagb-column__wrap uagb-column__background-color uagb-block-ca9d1665\"><div class=\"uagb-column__overlay\"><\/div><div class=\"uagb-column__inner-wrap\">\n<h4 class=\"has-text-align-center has-black-color has-text-color\">Tradiciones contemplativas<\/h4>\n<\/div><\/div>\n\n\n\n<div class=\"wp-block-uagb-column uagb-column__wrap uagb-column__background-color uagb-block-81c192f6\"><div class=\"uagb-column__overlay\"><\/div><div class=\"uagb-column__inner-wrap\">\n<h4 class=\"has-text-align-center has-black-color has-text-color\">Perspectiva animista<br>y ancestral<\/h4>\n<\/div><\/div>\n<\/div><\/section>\n\n\n\n<h4 class=\"has-text-align-center has-black-color has-text-color\">Las sesiones ayudan a develar los mensajes y aliados de la vida que nos invitan a encarnar la plenitud y vitalidad de nuestro real Ser para caminar los senderos de la conciencia, belleza, compasi\u00f3n y autenticidad.<\/h4>\n\n\n\n<hr class=\"wp-block-separator is-style-dots\"\/>\n\n\n\n<div class=\"wp-block-ps2id-block-target\" id=\"Family-Constellations\"><\/div>\n\n\n\n<div class=\"wp-block-cover alignfull has-background-dim\" style=\"min-height:360px\"><img loading=\"lazy\" width=\"2784\" height=\"1856\" class=\"wp-block-cover__image-background wp-image-680\" alt=\"\" src=\"https:\/\/eltrabajoquereconecta.org\/fl4m35\/wp-content\/uploads\/2021\/04\/paul-talbot-pQDBGxtiDEo-unsplash.png\" style=\"object-position:12% 34%\" data-object-fit=\"cover\" data-object-position=\"12% 34%\" srcset=\"https:\/\/eltrabajoquereconecta.org\/fl4m35\/wp-content\/uploads\/2021\/04\/paul-talbot-pQDBGxtiDEo-unsplash.png 2784w, https:\/\/eltrabajoquereconecta.org\/fl4m35\/wp-content\/uploads\/2021\/04\/paul-talbot-pQDBGxtiDEo-unsplash-300x200.png 300w, https:\/\/eltrabajoquereconecta.org\/fl4m35\/wp-content\/uploads\/2021\/04\/paul-talbot-pQDBGxtiDEo-unsplash-1024x683.png 1024w, https:\/\/eltrabajoquereconecta.org\/fl4m35\/wp-content\/uploads\/2021\/04\/paul-talbot-pQDBGxtiDEo-unsplash-768x512.png 768w, https:\/\/eltrabajoquereconecta.org\/fl4m35\/wp-content\/uploads\/2021\/04\/paul-talbot-pQDBGxtiDEo-unsplash-1536x1024.png 1536w, https:\/\/eltrabajoquereconecta.org\/fl4m35\/wp-content\/uploads\/2021\/04\/paul-talbot-pQDBGxtiDEo-unsplash-2048x1365.png 2048w\" sizes=\"(max-width: 2784px) 100vw, 2784px\" \/><div class=\"wp-block-cover__inner-container\">\n<h1 class=\"alignwide has-text-align-center\">Constelaciones familiares<\/h1>\n\n\n\n<h4 class=\"alignwide has-text-align-center has-white-color has-text-color\"><em>Conecta con la Gran Alma para liberar enredos transgeneracionales y alinearte con el destino floreciente de tu coraz\u00f3n.<\/em><\/h4>\n<\/div><\/div>\n\n\n\n<p>Las constelaciones familiares ofrecen una <strong>visi\u00f3n liberadora de los patrones m\u00e1s grandes, las lealtades ocultas y las energ\u00edas que informan nuestras vidas<\/strong>. Los enredos sist\u00e9micos en nuestras familias a menudo tienen un impacto erosionante en la forma en que nos relacionamos con los dem\u00e1s y con nosotros mismos, manteni\u00e9ndonos atados a h\u00e1bitos repetitivos ligados a las energ\u00edas inconclusas del pasado.<\/p>\n\n\n\n<p>Con un enfoque ritual y una lente sist\u00e9mica, los patrones ocultos que obstruyen el flujo de un sentido m\u00e1s maduro de pertenencia amorosa se manifiestan por medio de una Constelaci\u00f3n. Esta honra afectuosa y consciente trae una alineaci\u00f3n m\u00e1s profunda con las fuerzas mayores de la vida, y nos ayuda a <strong>avanzar hacia la brillante y liberada promesa del destino de nuestra alma<\/strong>.<\/p>\n\n\n\n<hr class=\"wp-block-separator is-style-dots\"\/>\n\n\n\n<div class=\"wp-block-ps2id-block-target\" id=\"Ancestral-lineage\"><\/div>\n\n\n\n<div class=\"wp-block-cover alignfull has-background-dim\" style=\"min-height:360px\"><img loading=\"lazy\" width=\"6016\" height=\"4016\" class=\"wp-block-cover__image-background wp-image-675\" alt=\"\" src=\"https:\/\/eltrabajoquereconecta.org\/fl4m35\/wp-content\/uploads\/2021\/04\/luke-richardson-OJo6TXpFGiY-unsplash.png\" style=\"object-position:50% 88%\" data-object-fit=\"cover\" data-object-position=\"50% 88%\" srcset=\"https:\/\/eltrabajoquereconecta.org\/fl4m35\/wp-content\/uploads\/2021\/04\/luke-richardson-OJo6TXpFGiY-unsplash.png 6016w, https:\/\/eltrabajoquereconecta.org\/fl4m35\/wp-content\/uploads\/2021\/04\/luke-richardson-OJo6TXpFGiY-unsplash-300x200.png 300w, https:\/\/eltrabajoquereconecta.org\/fl4m35\/wp-content\/uploads\/2021\/04\/luke-richardson-OJo6TXpFGiY-unsplash-1024x684.png 1024w, https:\/\/eltrabajoquereconecta.org\/fl4m35\/wp-content\/uploads\/2021\/04\/luke-richardson-OJo6TXpFGiY-unsplash-768x513.png 768w\" sizes=\"(max-width: 6016px) 100vw, 6016px\" \/><div class=\"wp-block-cover__inner-container\">\n<h1 class=\"alignwide has-text-align-center\">Sanaci\u00f3n del Linaje Ancestral<\/h1>\n\n\n\n<h4 class=\"alignwide has-text-align-center has-white-color has-text-color\"><em>Profundiza tu relaci\u00f3n con tus ancestros \u200b\u200bal servicio de la sanaci\u00f3n personal, familiar, cultural y ecol\u00f3gica.<\/em><\/h4>\n<\/div><\/div>\n\n\n\n<p>Dirigidas&nbsp;por los gu\u00edas ancestrales\u2013aquellas almas iluminadas pertenecientes a un linaje particular\u2013, las sesiones tienen un enfoque animista y sist\u00e9mico que asiste en l<strong>a transformaci\u00f3n de cargas intergeneracionales no resueltas&nbsp;en bendiciones <\/strong>empoderantes de creatividad, salud y realizaci\u00f3n.<\/p>\n\n\n\n<p>Al honrar nuestras ra\u00edces, se hace posible conectarnos con <strong>el antiguo bienestar de nuestros linajes de sangre<\/strong> para dar paso a una expresi\u00f3n m\u00e1s libre y consciente de quien realmente somos.<\/p>\n\n\n\n<p>Las sesiones de Sanaci\u00f3n del Linaje Ancestral, enfoque contempor\u00e1neo y a la vez tradicional, fue desarrollado por el&nbsp;<a href=\"https:\/\/ancestralmedicine.org\/bio\/\">Dr. Daniel Foor<\/a>.<\/p>\n\n\n\n<hr class=\"wp-block-separator is-style-dots\"\/>\n\n\n\n<div class=\"wp-block-ps2id-block-target\" id=\"Elemental-healing\"><\/div>\n\n\n\n<div class=\"wp-block-cover alignfull has-background-dim\" style=\"min-height:360px\"><img loading=\"lazy\" width=\"1024\" height=\"1528\" class=\"wp-block-cover__image-background wp-image-96\" alt=\"\" src=\"https:\/\/eltrabajoquereconecta.org\/fl4m35\/wp-content\/uploads\/2021\/04\/sanacionelemental.jpg\" style=\"object-position:50% 6%\" data-object-fit=\"cover\" data-object-position=\"50% 6%\" srcset=\"https:\/\/eltrabajoquereconecta.org\/fl4m35\/wp-content\/uploads\/2021\/04\/sanacionelemental.jpg 1024w, https:\/\/eltrabajoquereconecta.org\/fl4m35\/wp-content\/uploads\/2021\/04\/sanacionelemental-201x300.jpg 201w, https:\/\/eltrabajoquereconecta.org\/fl4m35\/wp-content\/uploads\/2021\/04\/sanacionelemental-686x1024.jpg 686w, https:\/\/eltrabajoquereconecta.org\/fl4m35\/wp-content\/uploads\/2021\/04\/sanacionelemental-768x1146.jpg 768w\" sizes=\"(max-width: 1024px) 100vw, 1024px\" \/><div class=\"wp-block-cover__inner-container\">\n<h1 class=\"alignwide has-text-align-center\">Sanaci\u00f3n Elemental<\/h1>\n\n\n\n<h4 class=\"alignwide has-text-align-center has-white-color has-text-color\"><em>Una t\u00e9cnica multidimensional de bienestar y auto-conocimiento dirigida a develar&nbsp;el resplandor interno y restaurar la salud, ecuanimidad y ligereza natural<\/em><\/h4>\n<\/div><\/div>\n\n\n\n<p>Abrevando de saberes cham\u00e1nicos y de pr\u00e1cticas energ\u00e9ticas\/contemplativas,&nbsp;las sesiones se dividen en dos partes: <strong>limpieza e imposici\u00f3n (energ\u00e9tica) de manos.<\/strong><\/p>\n\n\n\n<p>La primera parte de la sesi\u00f3n (limpieza) es asistida por diferentes elementos naturales como incienso, piedras, hierbas y otros materiales, mientras que la segunda parte fluye de la energ\u00eda universal transmitida del practicante al paciente. Los <strong>efectos multidimensionales<\/strong> de tal integraci\u00f3n resultan en un <strong>sentido generalizado de bienestar<\/strong> ligado a la inherente <strong>habilidad del cuerpo-mente de auto-restauraci\u00f3n<\/strong>.<\/p>\n\n\n\n<p>La sanaci\u00f3n elemental es un aliado en la aventura de auto-conocimiento y transformaci\u00f3n, que a menudo <strong>pone de manifiesto las causas ra\u00edz de un dado padecimiento<\/strong>.<\/p>\n\n\n\n<hr class=\"wp-block-separator is-style-dots\"\/>\n\n\n\n<div class=\"wp-block-ps2id-block-target\" id=\"Scheduling\"><\/div>\n\n\n\n<div class=\"wp-block-cover alignfull has-background-dim\" style=\"min-height:360px\"><img loading=\"lazy\" width=\"2560\" height=\"1920\" class=\"wp-block-cover__image-background wp-image-441\" alt=\"\" src=\"https:\/\/eltrabajoquereconecta.org\/fl4m35\/wp-content\/uploads\/2021\/04\/debby-hudson-n0-kZDs2EI4-unsplash-1-scaled.jpg\" style=\"object-position:57% 68%\" data-object-fit=\"cover\" data-object-position=\"57% 68%\" srcset=\"https:\/\/eltrabajoquereconecta.org\/fl4m35\/wp-content\/uploads\/2021\/04\/debby-hudson-n0-kZDs2EI4-unsplash-1-scaled.jpg 2560w, https:\/\/eltrabajoquereconecta.org\/fl4m35\/wp-content\/uploads\/2021\/04\/debby-hudson-n0-kZDs2EI4-unsplash-1-300x225.jpg 300w, https:\/\/eltrabajoquereconecta.org\/fl4m35\/wp-content\/uploads\/2021\/04\/debby-hudson-n0-kZDs2EI4-unsplash-1-1024x768.jpg 1024w, https:\/\/eltrabajoquereconecta.org\/fl4m35\/wp-content\/uploads\/2021\/04\/debby-hudson-n0-kZDs2EI4-unsplash-1-768x576.jpg 768w, https:\/\/eltrabajoquereconecta.org\/fl4m35\/wp-content\/uploads\/2021\/04\/debby-hudson-n0-kZDs2EI4-unsplash-1-1536x1152.jpg 1536w, https:\/\/eltrabajoquereconecta.org\/fl4m35\/wp-content\/uploads\/2021\/04\/debby-hudson-n0-kZDs2EI4-unsplash-1-2048x1536.jpg 2048w\" sizes=\"(max-width: 2560px) 100vw, 2560px\" \/><div class=\"wp-block-cover__inner-container\">\n<h1 class=\"alignwide has-text-align-center\"><br>Citas y costos<\/h1>\n<\/div><\/div>\n\n\n\n<ul><li>Las sesiones de acompa\u00f1amiento psico-espiritual, las constelaciones familiares y las sesiones de sanaci\u00f3n del linaje ancestral se llevan a cabo <strong>en l\u00ednea a trav\u00e9s de <a rel=\"noreferrer noopener\" href=\"https:\/\/zoom.us\/\" target=\"_blank\">Zoom<\/a><\/strong>. Las sesiones de sanaci\u00f3n elemental son s\u00f3lo en persona.<\/li><li>Las sesiones de acompa\u00f1amiento psico-espiritual y sanaci\u00f3n de linaje ancestral tienen una&nbsp;<strong>duraci\u00f3n de 60 minutos<\/strong> (es posible realizar sesiones de 90 minutos acord\u00e1ndolo previamente).  <\/li><li>Se aconseja, aunque no es obligatorio, asistir inicialmente a tres sesiones tanto de acompa\u00f1amiento psico-espiritual como de sanaci\u00f3n del linaje para permitir l<strong>a integraci\u00f3n adecuada del trabajo<\/strong>.<\/li><li>Las constelaciones familiares pueden durar <strong>entre 60 y 75 minutos <\/strong>(reserva 90 minutos). Se recomienda dejar que el campo se asiente durante al menos unas semanas antes de invitar una nueva intervenci\u00f3n.<\/li><li>La escala de cobros variables para el Hemisferio Norte es entre&nbsp;<strong>$70 y $140 USD<\/strong>&nbsp;por sesi\u00f3n de 60 minutos, mientras que para las personas en el Hemisferio Sur la escala var\u00eda entre&nbsp;<strong>$25 y $70 USD<\/strong>.<\/li><li>El costo de las constelaciones familiares es de <strong>$140 USD <\/strong>para personas en el hemisferio norte y <strong>$60 USD<\/strong> para el hemisferio sur.<\/li><\/ul>\n\n\n\n<p class=\"has-text-align-center\"><em>Si existiera alguna dificultad o necesidad en relaci\u00f3n a los costos, por favor no dudes en <a href=\"https:\/\/eltrabajoquereconecta.org\/fl4m35\/contact\/\" target=\"_blank\" rel=\"noreferrer noopener\"><strong>ponerte en contacto<\/strong>.<\/a><\/em><\/p>\n","protected":false},"excerpt":{"rendered":"<p>En ciertos momentos\u2014procesos de duelo, crisis existenciales, b\u00fasqueda psico-espiritual, transiciones de vida, etc.\u2014es de suma ayuda buscar apoyo. Las sesiones cultivan los recursos auto-curativos del consultante y la gu\u00eda siempre-presente que emana de su propia sabidur\u00eda interna. Las principales escuelas que informan las sesiones son: Las sesiones ayudan a develar los mensajes y aliados de &#8230; <a title=\"Sesiones\" class=\"read-more\" href=\"https:\/\/eltrabajoquereconecta.org\/fl4m35\/es\/sesiones\/\" aria-label=\"More on Sesiones\">Read more<\/a><\/p>\n","protected":false},"author":1,"featured_media":0,"parent":0,"menu_order":0,"comment_status":"closed","ping_status":"closed","template":"","meta":{"spay_email":""},"uagb_featured_image_src":{"full":false,"thumbnail":false,"medium":false,"medium_large":false,"large":false,"1536x1536":false,"2048x2048":false},"uagb_author_info":{"display_name":"ormando","author_link":"https:\/\/eltrabajoquereconecta.org\/fl4m35\/author\/adrianvg7\/"},"uagb_comment_info":0,"uagb_excerpt":"En ciertos momentos\u2014procesos de duelo, crisis existenciales, b\u00fasqueda psico-espiritual, transiciones de vida, etc.\u2014es de suma ayuda buscar apoyo. Las sesiones cultivan los recursos auto-curativos del consultante y la gu\u00eda siempre-presente que emana de su propia sabidur\u00eda interna. Las principales escuelas que informan las sesiones son: Las sesiones ayudan a develar los mensajes y aliados de&hellip;","_links":{"self":[{"href":"https:\/\/eltrabajoquereconecta.org\/fl4m35\/wp-json\/wp\/v2\/pages\/1037"}],"collection":[{"href":"https:\/\/eltrabajoquereconecta.org\/fl4m35\/wp-json\/wp\/v2\/pages"}],"about":[{"href":"https:\/\/eltrabajoquereconecta.org\/fl4m35\/wp-json\/wp\/v2\/types\/page"}],"author":[{"embeddable":true,"href":"https:\/\/eltrabajoquereconecta.org\/fl4m35\/wp-json\/wp\/v2\/users\/1"}],"replies":[{"embeddable":true,"href":"https:\/\/eltrabajoquereconecta.org\/fl4m35\/wp-json\/wp\/v2\/comments?post=1037"}],"version-history":[{"count":10,"href":"https:\/\/eltrabajoquereconecta.org\/fl4m35\/wp-json\/wp\/v2\/pages\/1037\/revisions"}],"predecessor-version":[{"id":2219,"href":"https:\/\/eltrabajoquereconecta.org\/fl4m35\/wp-json\/wp\/v2\/pages\/1037\/revisions\/2219"}],"wp:attachment":[{"href":"https:\/\/eltrabajoquereconecta.org\/fl4m35\/wp-json\/wp\/v2\/media?parent=1037"}],"curies":[{"name":"wp","href":"https:\/\/api.w.org\/{rel}","templated":true}]}}